{"id":1177,"date":"2017-05-02T11:51:59","date_gmt":"2017-05-02T08:51:59","guid":{"rendered":"http:\/\/www.foreignpolicyandpeace.org\/?page_id=1177"},"modified":"2017-08-01T12:41:49","modified_gmt":"2017-08-01T09:41:49","slug":"online-first-publication-2","status":"publish","type":"page","link":"https:\/\/www.foreignpolicyandpeace.org\/index.php\/tr\/online-first-publication-2\/","title":{"rendered":"Online First Publication"},"content":{"rendered":"<p><a href=\"https:\/\/www.foreignpolicyandpeace.org\/wp-content\/uploads\/2017\/05\/ITuran-HGrown-Final.pdf\"><strong>Progress in Turkish International Relations<\/strong><\/a><\/p>\n<p>\u0130lter Turan<\/p>\n<h6>Yay\u0131n Tarihi: 14 Temmuz 2017<\/h6>\n<p>&nbsp;<\/p>\n<p><a href=\"https:\/\/www.foreignpolicyandpeace.org\/wp-content\/uploads\/2017\/05\/Eydinli-Biltekin-HGrown-Final.pdf\"><strong>Widening the World of IR: A Typology of Homegrown Theorizing<\/strong><\/a><\/p>\n<p>Ersel Ayd\u0131nl\u0131 and Gonca Biltekin<\/p>\n<h6>Yay\u0131n Tarihi: 14 Temmuz 2017<\/h6>\n<p>&nbsp;<\/p>\n<p><a href=\"https:\/\/www.foreignpolicyandpeace.org\/wp-content\/uploads\/2017\/05\/Ambrosetti-final-hgrown.pdf\"><strong>Linking Status with Soft Power: Call for a Joint Research Agenda<\/strong><\/a><br \/>\nEleonora Tafuro Ambrosetti<\/p>\n<h6>Yay\u0131n Tarihi: 6 Temmuz 2017<\/h6>\n<p>&nbsp;<\/p>\n<p><a href=\"https:\/\/www.foreignpolicyandpeace.org\/wp-content\/uploads\/2017\/05\/K_SHIMIZU-Homegrown.pdf\"><strong>The Genealogy of Culturalist International Relations in Japan and Its\u00a0Implications for Post-Western Discourse<\/strong><\/a><\/p>\n<p>Kosuke Shimizu<\/p>\n<h6>Yay\u0131n Tarihi: 6 Temmuz 2017<\/h6>\n<p>&nbsp;<\/p>\n<p><a href=\"https:\/\/www.foreignpolicyandpeace.org\/wp-content\/uploads\/2017\/05\/HMoshirzadeh-Homegrown.pdf\"><strong>Iranian Scholars and Theorizing International Relations: Achievements\u00a0and Challenges<\/strong><\/a><\/p>\n<p>Homeira Moshirzadeh<\/p>\n<h6>Yay\u0131n Tarihi: \u00a03 Temmuz 2017<\/h6>\n<p>&nbsp;<\/p>\n<p><a href=\"https:\/\/www.foreignpolicyandpeace.org\/wp-content\/uploads\/2017\/05\/EKavalski-Homegrown.pdf\"><strong>Chinese Concepts and Relational International Politics<\/strong><\/a><\/p>\n<p>Emilian Kavalski<\/p>\n<h6>Yay\u0131n Tarihi: \u00a03 Temmuz 2017<\/h6>\n<p>&nbsp;<\/p>\n<p><strong><a href=\"https:\/\/www.foreignpolicyandpeace.org\/wp-content\/uploads\/2017\/05\/DKuru-Homegrown.pdf\">Homegrown Theorizing: Knowledge, Scholars, Theory<\/a><\/strong><\/p>\n<p>Deniz Kuru<\/p>\n<h6>Yay\u0131n Tarihi: 16 Haziran 2017<\/h6>\n<p>&nbsp;<\/p>\n<p><a href=\"https:\/\/www.foreignpolicyandpeace.org\/wp-content\/uploads\/2017\/05\/NAO-2006online.pdf\"><strong>Is Terrorism Becoming an Effective Strategy to Achieve Political Aims?<\/strong><\/a><\/p>\n<p>Nihat Ali \u00d6zcan<\/p>\n<h6>Yay\u0131n Tarihi: 20 Haziran 2017<\/h6>\n<p>&nbsp;<\/p>\n<p><strong><a href=\"https:\/\/www.foreignpolicyandpeace.org\/wp-content\/uploads\/2017\/05\/BeanComor-1506online.pdf\">Data-Driven Public Diplomacy: A Critical and Reflexive Assessment<\/a><\/strong><\/p>\n<p>Hamilton Bean and Edward Comor<\/p>\n<h6>Yay\u0131n Tarihi: 15 Haziran 2017<\/h6>\n<p>&nbsp;<\/p>\n<p><a href=\"https:\/\/www.foreignpolicyandpeace.org\/wp-content\/uploads\/2017\/05\/CKDemir-EAvci-TerrorismStudies.pdf\"><strong>Turkish Terrorism Studies: A Preliminary Assessment<\/strong><\/a><\/p>\n<p>Cenker Korhan Demir ve\u00a0Engin Avc\u0131<\/p>\n<h6>Yay\u0131n Tarihi: 15 Haziran 2017<\/h6>\n<h6><\/h6>\n","protected":false},"excerpt":{"rendered":"<p>Progress in Turkish International Relations \u0130lter Turan Yay\u0131n Tarihi: 14 Temmuz 2017 &nbsp; Widening the World of IR: A Typology of Homegrown Theorizing Ersel Ayd\u0131nl\u0131 and Gonca Biltekin Yay\u0131n Tarihi: [&hellip;]<\/p>\n","protected":false},"author":2,"featured_media":0,"parent":0,"menu_order":0,"comment_status":"closed","ping_status":"closed","template":"","meta":{"_monsterinsights_skip_tracking":false,"_monsterinsights_sitenote_active":false,"_monsterinsights_sitenote_note":"","_monsterinsights_sitenote_category":0,"footnotes":""},"class_list":["post-1177","page","type-page","status-publish","hentry"],"post_mailing_queue_ids":[],"_links":{"self":[{"href":"https:\/\/www.foreignpolicyandpeace.org\/index.php\/wp-json\/wp\/v2\/pages\/1177","targetHints":{"allow":["GET"]}}],"collection":[{"href":"https:\/\/www.foreignpolicyandpeace.org\/index.php\/wp-json\/wp\/v2\/pages"}],"about":[{"href":"https:\/\/www.foreignpolicyandpeace.org\/index.php\/wp-json\/wp\/v2\/types\/page"}],"author":[{"embeddable":true,"href":"https:\/\/www.foreignpolicyandpeace.org\/index.php\/wp-json\/wp\/v2\/users\/2"}],"replies":[{"embeddable":true,"href":"https:\/\/www.foreignpolicyandpeace.org\/index.php\/wp-json\/wp\/v2\/comments?post=1177"}],"version-history":[{"count":0,"href":"https:\/\/www.foreignpolicyandpeace.org\/index.php\/wp-json\/wp\/v2\/pages\/1177\/revisions"}],"wp:attachment":[{"href":"https:\/\/www.foreignpolicyandpeace.org\/index.php\/wp-json\/wp\/v2\/media?parent=1177"}],"curies":[{"name":"wp","href":"https:\/\/api.w.org\/{rel}","templated":true}]}}