{"id":1376,"date":"2017-09-12T22:56:33","date_gmt":"2017-09-12T19:56:33","guid":{"rendered":"http:\/\/www.foreignpolicyandpeace.org\/?page_id=1376"},"modified":"2017-09-12T23:25:03","modified_gmt":"2017-09-12T20:25:03","slug":"roundtable","status":"publish","type":"page","link":"https:\/\/www.foreignpolicyandpeace.org\/index.php\/en\/roundtable\/","title":{"rendered":"Roundtables"},"content":{"rendered":"<div id=\"aq-template-wrapper-1382\" class=\"aq-template-wrapper aq_row\"><div id=\"aq-block-1382-1\" class=\"aq-block aq-block-home_post_grid_small aq_span12 aq-first clearfix\">        <div class=\"widget four-post-style color-10\">\r\n        \t\t<div class=\"widget_container\">\r\n        \r\n           \r\n\r\n    <div class=\"feature-four-column medium-four-columns appear_animation\">     \r\n    <div class=\"image_post feature-item\">\r\n                   <a  href=\"https:\/\/www.foreignpolicyandpeace.org\/index.php\/en\/2023\/11\/conference-continuities-and-changes-in-turkiye-us-relations-november-10-12\/\" class=\"feature-link\" title=\"Conference: Continuities and Changes in T\u00fcrkiye-US Relations, November 10-12\">              \r\n<img loading=\"lazy\" decoding=\"async\" width=\"171\" height=\"108\" src=\"https:\/\/www.foreignpolicyandpeace.org\/wp-content\/uploads\/2023\/11\/4a7b505d-63cc-4fd9-8494-7b85d98d7917-171x108.jpg\" class=\"attachment-small-grid size-small-grid wp-post-image\" alt=\"\" \/><\/a>\r\n                     <\/div>\r\n<div class=\"meta_holder\">\r\n<div class=\"love_this_post_meta\"><a href=\"#\" class=\"jm-post-like\" data-post_id=\"2978\" title=\"Like\"><i class=\"fa fa-heart-o\"><\/i>Like<\/a><\/div>\r\n<\/div>\r\n <h3 class=\"image-post-title columns_post\"><a href=\"https:\/\/www.foreignpolicyandpeace.org\/index.php\/en\/2023\/11\/conference-continuities-and-changes-in-turkiye-us-relations-november-10-12\/\">Conference: Continuities and Changes in T\u00fcrkiye-US Relations, November 10-12<\/a><\/h3>      \r\n<p class=\"post-meta meta-main-img\"><span class=\"post-date\"><i class=\"fa fa-clock-o\"><\/i>Nov 20, 2023<\/span><\/p> <p>Our Center and journal, All Azimuth, were proud to co-host with the Turkish Fulbright... <\/p>\r\n  <div class=\"footer_meta\"><a href=\"https:\/\/www.foreignpolicyandpeace.org\/index.php\/en\/2023\/11\/conference-continuities-and-changes-in-turkiye-us-relations-november-10-12\/\" class=\"footer_meta_readmore\">>><\/a><\/div>    <\/div>\r\n                       \r\n                   \r\n\r\n    <div class=\"feature-four-column medium-four-columns appear_animation\">     \r\n    <div class=\"image_post feature-item\">\r\n                   <a  href=\"https:\/\/www.foreignpolicyandpeace.org\/index.php\/en\/2018\/02\/roundtable-discussion-on-homegrown-theorizing\/\" class=\"feature-link\" title=\"Roundtable Discussion on Homegrown Theorizing\">              \r\n<img loading=\"lazy\" decoding=\"async\" width=\"171\" height=\"108\" src=\"https:\/\/www.foreignpolicyandpeace.org\/wp-content\/uploads\/2018\/02\/DSC01249-3-171x108.jpg\" class=\"attachment-small-grid size-small-grid wp-post-image\" alt=\"\" \/><\/a>\r\n                     <\/div>\r\n<div class=\"meta_holder\">\r\n<div class=\"love_this_post_meta\"><a href=\"#\" class=\"jm-post-like\" data-post_id=\"1621\" title=\"Like\"><i class=\"fa fa-heart-o\"><\/i>Like<\/a><\/div>\r\n<\/div>\r\n <h3 class=\"image-post-title columns_post\"><a href=\"https:\/\/www.foreignpolicyandpeace.org\/index.php\/en\/2018\/02\/roundtable-discussion-on-homegrown-theorizing\/\">Roundtable Discussion on Homegrown Theorizing<\/a><\/h3>      \r\n<p class=\"post-meta meta-main-img\"><span class=\"post-date\"><i class=\"fa fa-clock-o\"><\/i>Feb 21, 2018<\/span><\/p> <p>&nbsp; Click to read: &#8220;Roundtable Discussion on Homegrown Theorizing&#8221; &nbsp;... <\/p>\r\n  <div class=\"footer_meta\"><a href=\"https:\/\/www.foreignpolicyandpeace.org\/index.php\/en\/2018\/02\/roundtable-discussion-on-homegrown-theorizing\/\" class=\"footer_meta_readmore\">>><\/a><\/div>    <\/div>\r\n                       \r\n                   \r\n\r\n    <div class=\"feature-four-column medium-four-columns appear_animation\">     \r\n    <div class=\"image_post feature-item\">\r\n                   <a  href=\"https:\/\/www.foreignpolicyandpeace.org\/index.php\/en\/2012\/11\/summary-and-reflections-on-the-turkish-and-norwegian-approaches-to-the-arab-spring-and-peace-building\/\" class=\"feature-link\" title=\"Summary and Reflections on the Turkish and Norwegian Approaches to the Arab Spring and Peace-building\">              \r\n<img loading=\"lazy\" decoding=\"async\" width=\"171\" height=\"108\" src=\"https:\/\/www.foreignpolicyandpeace.org\/wp-content\/uploads\/2017\/09\/IMG_1042-171x108.jpg\" class=\"attachment-small-grid size-small-grid wp-post-image\" alt=\"\" \/><\/a>\r\n                     <\/div>\r\n<div class=\"meta_holder\">\r\n<div class=\"love_this_post_meta\"><a href=\"#\" class=\"jm-post-like\" data-post_id=\"1384\" title=\"Like\"><i class=\"fa fa-heart-o\"><\/i>Like<\/a><\/div>\r\n<\/div>\r\n <h3 class=\"image-post-title columns_post\"><a href=\"https:\/\/www.foreignpolicyandpeace.org\/index.php\/en\/2012\/11\/summary-and-reflections-on-the-turkish-and-norwegian-approaches-to-the-arab-spring-and-peace-building\/\">Summary and Reflections on the Turkish and Norwegian Approaches to the Arab Spring and Peace-building<\/a><\/h3>      \r\n<p class=\"post-meta meta-main-img\"><span class=\"post-date\"><i class=\"fa fa-clock-o\"><\/i>Nov 02, 2012<\/span><\/p> <p>&nbsp; Click to read : &#8220;Notes from NOREF and \u0130hsan Do\u011framac\u0131 Center for Foreign... <\/p>\r\n  <div class=\"footer_meta\"><a href=\"https:\/\/www.foreignpolicyandpeace.org\/index.php\/en\/2012\/11\/summary-and-reflections-on-the-turkish-and-norwegian-approaches-to-the-arab-spring-and-peace-building\/\" class=\"footer_meta_readmore\">>><\/a><\/div>    <\/div>\r\n         <div class=\"clearfix\"><\/div>              \r\n                   \r\n\r\n    <div class=\"feature-four-column medium-four-columns appear_animation\">     \r\n    <div class=\"image_post feature-item\">\r\n                   <a  href=\"https:\/\/www.foreignpolicyandpeace.org\/index.php\/en\/2011\/12\/roundtable-discussion-on-event-data\/\" class=\"feature-link\" title=\"Roundtable Discussion on Event Data\">              \r\n<img loading=\"lazy\" decoding=\"async\" width=\"171\" height=\"108\" src=\"https:\/\/www.foreignpolicyandpeace.org\/wp-content\/uploads\/2017\/09\/Polis-Akaden-265-171x108.jpg\" class=\"attachment-small-grid size-small-grid wp-post-image\" alt=\"\" \/><\/a>\r\n                     <\/div>\r\n<div class=\"meta_holder\">\r\n<div class=\"love_this_post_meta\"><a href=\"#\" class=\"jm-post-like\" data-post_id=\"1391\" title=\"Like\"><i class=\"fa fa-heart-o\"><\/i>Like<\/a><\/div>\r\n<\/div>\r\n <h3 class=\"image-post-title columns_post\"><a href=\"https:\/\/www.foreignpolicyandpeace.org\/index.php\/en\/2011\/12\/roundtable-discussion-on-event-data\/\">Roundtable Discussion on Event Data<\/a><\/h3>      \r\n<p class=\"post-meta meta-main-img\"><span class=\"post-date\"><i class=\"fa fa-clock-o\"><\/i>Dec 04, 2011<\/span><\/p> <p>&nbsp; Click to read:\u00a0&#8220;Roundtable Discussion on Event Data&#8220; &nbsp; &nbsp;... <\/p>\r\n  <div class=\"footer_meta\"><a href=\"https:\/\/www.foreignpolicyandpeace.org\/index.php\/en\/2011\/12\/roundtable-discussion-on-event-data\/\" class=\"footer_meta_readmore\">>><\/a><\/div>    <\/div>\r\n                       \r\n                     \r\n        <\/div>\r\n        <\/div>\r\n     \r\n        <\/div><\/div>\n","protected":false},"excerpt":{"rendered":"","protected":false},"author":2,"featured_media":0,"parent":0,"menu_order":0,"comment_status":"closed","ping_status":"closed","template":"","meta":{"_monsterinsights_skip_tracking":false,"_monsterinsights_sitenote_active":false,"_monsterinsights_sitenote_note":"","_monsterinsights_sitenote_category":0,"footnotes":""},"class_list":["post-1376","page","type-page","status-publish","hentry"],"post_mailing_queue_ids":[],"_links":{"self":[{"href":"https:\/\/www.foreignpolicyandpeace.org\/index.php\/wp-json\/wp\/v2\/pages\/1376","targetHints":{"allow":["GET"]}}],"collection":[{"href":"https:\/\/www.foreignpolicyandpeace.org\/index.php\/wp-json\/wp\/v2\/pages"}],"about":[{"href":"https:\/\/www.foreignpolicyandpeace.org\/index.php\/wp-json\/wp\/v2\/types\/page"}],"author":[{"embeddable":true,"href":"https:\/\/www.foreignpolicyandpeace.org\/index.php\/wp-json\/wp\/v2\/users\/2"}],"replies":[{"embeddable":true,"href":"https:\/\/www.foreignpolicyandpeace.org\/index.php\/wp-json\/wp\/v2\/comments?post=1376"}],"version-history":[{"count":0,"href":"https:\/\/www.foreignpolicyandpeace.org\/index.php\/wp-json\/wp\/v2\/pages\/1376\/revisions"}],"wp:attachment":[{"href":"https:\/\/www.foreignpolicyandpeace.org\/index.php\/wp-json\/wp\/v2\/media?parent=1376"}],"curies":[{"name":"wp","href":"https:\/\/api.w.org\/{rel}","templated":true}]}}