{"id":1399,"date":"2017-09-14T09:56:37","date_gmt":"2017-09-14T06:56:37","guid":{"rendered":"http:\/\/www.foreignpolicyandpeace.org\/?page_id=1399"},"modified":"2017-09-14T10:12:21","modified_gmt":"2017-09-14T07:12:21","slug":"yuvarlak-masa-toplantilari","status":"publish","type":"page","link":"https:\/\/www.foreignpolicyandpeace.org\/index.php\/tr\/yuvarlak-masa-toplantilari\/","title":{"rendered":"Yuvarlak Masa Toplant\u0131lar\u0131"},"content":{"rendered":"<div id=\"aq-template-wrapper-1408\" class=\"aq-template-wrapper aq_row\"><div id=\"aq-block-1408-1\" class=\"aq-block aq-block-home_post_grid_small aq_span12 aq-first clearfix\">        <div class=\"widget four-post-style color-9\">\r\n        \t\t<div class=\"widget_container\">\r\n        \r\n           \r\n\r\n    <div class=\"feature-four-column medium-four-columns appear_animation\">     \r\n    <div class=\"image_post feature-item\">\r\n                   <a  href=\"https:\/\/www.foreignpolicyandpeace.org\/index.php\/tr\/2018\/02\/ozgun-kuram-uzerine\/\" class=\"feature-link\" title=\"\u00d6zg\u00fcn Kuram \u00dczerine\">              \r\n<img loading=\"lazy\" decoding=\"async\" width=\"171\" height=\"108\" src=\"https:\/\/www.foreignpolicyandpeace.org\/wp-content\/uploads\/2018\/02\/DSC01249-3-171x108.jpg\" class=\"attachment-small-grid size-small-grid wp-post-image\" alt=\"\" \/><\/a>\r\n                     <\/div>\r\n<div class=\"meta_holder\">\r\n<div class=\"love_this_post_meta\"><a href=\"#\" class=\"jm-post-like\" data-post_id=\"1639\" title=\"Like\"><i class=\"fa fa-heart-o\"><\/i>Like<\/a><\/div>\r\n<\/div>\r\n <h3 class=\"image-post-title columns_post\"><a href=\"https:\/\/www.foreignpolicyandpeace.org\/index.php\/tr\/2018\/02\/ozgun-kuram-uzerine\/\">\u00d6zg\u00fcn Kuram \u00dczerine<\/a><\/h3>      \r\n<p class=\"post-meta meta-main-img\"><span class=\"post-date\"><i class=\"fa fa-clock-o\"><\/i>Feb 21, 2018<\/span><\/p> <p>Okumak i\u00e7in: &#8220;\u00d6zg\u00fcn Kuram \u00dczerine Yuvarlak Masa Toplant\u0131s\u0131&#8220; &nbsp;... <\/p>\r\n  <div class=\"footer_meta\"><a href=\"https:\/\/www.foreignpolicyandpeace.org\/index.php\/tr\/2018\/02\/ozgun-kuram-uzerine\/\" class=\"footer_meta_readmore\">>><\/a><\/div>    <\/div>\r\n                       \r\n                   \r\n\r\n    <div class=\"feature-four-column medium-four-columns appear_animation\">     \r\n    <div class=\"image_post feature-item\">\r\n                   <a  href=\"https:\/\/www.foreignpolicyandpeace.org\/index.php\/tr\/2012\/12\/olay-veri-arastirma-metodu-uzerine\/\" class=\"feature-link\" title=\"Olay Veri Ara\u015ft\u0131rma Metodu \u00dczerine\">              \r\n<img loading=\"lazy\" decoding=\"async\" width=\"171\" height=\"108\" src=\"https:\/\/www.foreignpolicyandpeace.org\/wp-content\/uploads\/2017\/09\/Polis-Akaden-265-171x108.jpg\" class=\"attachment-small-grid size-small-grid wp-post-image\" alt=\"\" \/><\/a>\r\n                     <\/div>\r\n<div class=\"meta_holder\">\r\n<div class=\"love_this_post_meta\"><a href=\"#\" class=\"jm-post-like\" data-post_id=\"1418\" title=\"Like\"><i class=\"fa fa-heart-o\"><\/i>Like<\/a><\/div>\r\n<\/div>\r\n <h3 class=\"image-post-title columns_post\"><a href=\"https:\/\/www.foreignpolicyandpeace.org\/index.php\/tr\/2012\/12\/olay-veri-arastirma-metodu-uzerine\/\">Olay Veri Ara\u015ft\u0131rma Metodu \u00dczerine<\/a><\/h3>      \r\n<p class=\"post-meta meta-main-img\"><span class=\"post-date\"><i class=\"fa fa-clock-o\"><\/i>Dec 04, 2012<\/span><\/p> <p>&#8220;Roundtable Discussion on Event Data&#8220; &nbsp; &nbsp; &nbsp; &nbsp; &nbsp;... <\/p>\r\n  <div class=\"footer_meta\"><a href=\"https:\/\/www.foreignpolicyandpeace.org\/index.php\/tr\/2012\/12\/olay-veri-arastirma-metodu-uzerine\/\" class=\"footer_meta_readmore\">>><\/a><\/div>    <\/div>\r\n                       \r\n                   \r\n\r\n    <div class=\"feature-four-column medium-four-columns appear_animation\">     \r\n    <div class=\"image_post feature-item\">\r\n                   <a  href=\"https:\/\/www.foreignpolicyandpeace.org\/index.php\/tr\/2012\/11\/arap-baharina-turkiye-ve-norvec-yaklasimlari\/\" class=\"feature-link\" title=\"Arap Bahar\u0131\u2019na T\u00fcrkiye ve Norve\u00e7 Yakla\u015f\u0131mlar\u0131\">              \r\n<img loading=\"lazy\" decoding=\"async\" width=\"171\" height=\"108\" src=\"https:\/\/www.foreignpolicyandpeace.org\/wp-content\/uploads\/2017\/09\/IMG_1042-171x108.jpg\" class=\"attachment-small-grid size-small-grid wp-post-image\" alt=\"\" \/><\/a>\r\n                     <\/div>\r\n<div class=\"meta_holder\">\r\n<div class=\"love_this_post_meta\"><a href=\"#\" class=\"jm-post-like\" data-post_id=\"1405\" title=\"Like\"><i class=\"fa fa-heart-o\"><\/i>Like<\/a><\/div>\r\n<\/div>\r\n <h3 class=\"image-post-title columns_post\"><a href=\"https:\/\/www.foreignpolicyandpeace.org\/index.php\/tr\/2012\/11\/arap-baharina-turkiye-ve-norvec-yaklasimlari\/\">Arap Bahar\u0131\u2019na T\u00fcrkiye ve Norve\u00e7 Yakla\u015f\u0131mlar\u0131<\/a><\/h3>      \r\n<p class=\"post-meta meta-main-img\"><span class=\"post-date\"><i class=\"fa fa-clock-o\"><\/i>Nov 02, 2012<\/span><\/p> <p>&#8220;Notes from NOREF and \u0130hsan Do\u011framac\u0131 Center for Foreign Policy and Peace... <\/p>\r\n  <div class=\"footer_meta\"><a href=\"https:\/\/www.foreignpolicyandpeace.org\/index.php\/tr\/2012\/11\/arap-baharina-turkiye-ve-norvec-yaklasimlari\/\" class=\"footer_meta_readmore\">>><\/a><\/div>    <\/div>\r\n         <div class=\"clearfix\"><\/div>              \r\n                     \r\n        <\/div>\r\n        <\/div>\r\n     \r\n        <\/div><\/div>\n","protected":false},"excerpt":{"rendered":"","protected":false},"author":2,"featured_media":0,"parent":0,"menu_order":0,"comment_status":"closed","ping_status":"closed","template":"","meta":{"_monsterinsights_skip_tracking":false,"_monsterinsights_sitenote_active":false,"_monsterinsights_sitenote_note":"","_monsterinsights_sitenote_category":0,"footnotes":""},"class_list":["post-1399","page","type-page","status-publish","hentry"],"post_mailing_queue_ids":[],"_links":{"self":[{"href":"https:\/\/www.foreignpolicyandpeace.org\/index.php\/wp-json\/wp\/v2\/pages\/1399","targetHints":{"allow":["GET"]}}],"collection":[{"href":"https:\/\/www.foreignpolicyandpeace.org\/index.php\/wp-json\/wp\/v2\/pages"}],"about":[{"href":"https:\/\/www.foreignpolicyandpeace.org\/index.php\/wp-json\/wp\/v2\/types\/page"}],"author":[{"embeddable":true,"href":"https:\/\/www.foreignpolicyandpeace.org\/index.php\/wp-json\/wp\/v2\/users\/2"}],"replies":[{"embeddable":true,"href":"https:\/\/www.foreignpolicyandpeace.org\/index.php\/wp-json\/wp\/v2\/comments?post=1399"}],"version-history":[{"count":0,"href":"https:\/\/www.foreignpolicyandpeace.org\/index.php\/wp-json\/wp\/v2\/pages\/1399\/revisions"}],"wp:attachment":[{"href":"https:\/\/www.foreignpolicyandpeace.org\/index.php\/wp-json\/wp\/v2\/media?parent=1399"}],"curies":[{"name":"wp","href":"https:\/\/api.w.org\/{rel}","templated":true}]}}