{"id":174,"date":"2016-08-03T12:08:44","date_gmt":"2016-08-03T09:08:44","guid":{"rendered":"http:\/\/fppr.ihsandemiray.com\/index.php\/?page_id=174"},"modified":"2016-10-18T16:52:38","modified_gmt":"2016-10-18T13:52:38","slug":"anasayfa","status":"publish","type":"page","link":"https:\/\/www.foreignpolicyandpeace.org\/index.php\/tr\/anasayfa\/","title":{"rendered":"Anasayfa"},"content":{"rendered":"<div id=\"aq-template-wrapper-187\" class=\"aq-template-wrapper aq_row\"><div id=\"aq-block-187-1\" class=\"aq-block aq-block-home_post_slider aq_span12 aq-first clearfix\">        <div class=\"widget post_list_medium_widget color-2\">\r\n        \t\t<div class=\"widget_container\">\r\n\t\t  <div class=\"owl_slider slider-large content-sliders owl-carousel builder_slider\">\r\n\t\t  \t    \t <div class=\"item_slide image_post\">\r\n              <a  href=\"https:\/\/www.foreignpolicyandpeace.org\/index.php\/tr\/2026\/03\/cfppr-doktora-sonrasi-arastirmaci-ilani-son-tarih-15-nisan-2026\/\" class=\"feature-link\" title=\"CFPPR Doktora Sonras\u0131 Ara\u015ft\u0131rmac\u0131 \u0130lan\u0131 Son Tarih: 15 Nisan 2026\">              \r\n<img loading=\"lazy\" decoding=\"async\" width=\"735\" height=\"400\" src=\"https:\/\/www.foreignpolicyandpeace.org\/wp-content\/uploads\/2026\/03\/Call-for-1-735x400.png\" class=\"attachment-slider-feature size-slider-feature wp-post-image\" alt=\"\" \/><\/a>\r\n\r\n<div class=\"item_slide_caption builder_slider\">\r\n\t<p class=\"post-meta meta-main-img\"><span class=\"post-date\"><i class=\"fa fa-clock-o\"><\/i>Mar 18, 2026<\/span><\/p>\t\t\t\t\t\t    <h1><a href=\"https:\/\/www.foreignpolicyandpeace.org\/index.php\/tr\/2026\/03\/cfppr-doktora-sonrasi-arastirmaci-ilani-son-tarih-15-nisan-2026\/\">CFPPR Doktora Sonras\u0131 Ara\u015ft\u0131rmac\u0131 \u0130lan\u0131 Son Tarih: 15 Nisan 2026<\/a>  <\/h1>\r\n                             <div class=\"clearfix\"><\/div>                             \r\n\t\t\t\t\t\t<\/div>\r\n\r\n<\/div>\r\n              \t    \t <div class=\"item_slide image_post\">\r\n              <a  href=\"https:\/\/www.foreignpolicyandpeace.org\/index.php\/tr\/2025\/12\/arastirma-direktorumuz-doc-dr-efe-tokdemir-counster-projesi-ile-erc-consolidator-grantini-almaya-hak-kazandi\/\" class=\"feature-link\" title=\"Ara\u015ft\u0131rma Direkt\u00f6r\u00fcm\u00fcz Do\u00e7. Dr. Efe Tokdemir COUNSTER Projesi ile ERC Consolidator Grant\u2019ini Almaya Hak Kazand\u0131\">              \r\n<img loading=\"lazy\" decoding=\"async\" width=\"735\" height=\"400\" src=\"https:\/\/www.foreignpolicyandpeace.org\/wp-content\/uploads\/2025\/12\/Basliksiz-1-1000x600-1-735x400.png\" class=\"attachment-slider-feature size-slider-feature wp-post-image\" alt=\"\" \/><\/a>\r\n\r\n<div class=\"item_slide_caption builder_slider\">\r\n\t<p class=\"post-meta meta-main-img\"><span class=\"post-date\"><i class=\"fa fa-clock-o\"><\/i>Dec 25, 2025<\/span><\/p>\t\t\t\t\t\t    <h1><a href=\"https:\/\/www.foreignpolicyandpeace.org\/index.php\/tr\/2025\/12\/arastirma-direktorumuz-doc-dr-efe-tokdemir-counster-projesi-ile-erc-consolidator-grantini-almaya-hak-kazandi\/\">Ara\u015ft\u0131rma Direkt\u00f6r\u00fcm\u00fcz Do\u00e7. Dr. Efe Tokdemir COUNSTER Projesi ile ERC Consolidator Grant\u2019ini Almaya Hak Kazand\u0131<\/a>  <\/h1>\r\n                             <div class=\"clearfix\"><\/div>                             \r\n\t\t\t\t\t\t<\/div>\r\n\r\n<\/div>\r\n              \t    \t <div class=\"item_slide image_post\">\r\n              <a  href=\"https:\/\/www.foreignpolicyandpeace.org\/index.php\/tr\/2025\/11\/cfppr-yuvarlak-masa-tartismasi-kurdish-choices-at-the-foreign-domestic-nexus-7-kasim-2025\/\" class=\"feature-link\" title=\"CFPPR Yuvarlak Masa Tart\u0131\u015fmas\u0131: Kurdish Choices at the Foreign-Domestic Nexus (7 Kas\u0131m 2025)\">              \r\n<img loading=\"lazy\" decoding=\"async\" width=\"735\" height=\"400\" src=\"https:\/\/www.foreignpolicyandpeace.org\/wp-content\/uploads\/2025\/11\/WhatsApp-Image-2025-11-07-at-16.46.17-735x400.jpeg\" class=\"attachment-slider-feature size-slider-feature wp-post-image\" alt=\"\" \/><\/a>\r\n\r\n<div class=\"item_slide_caption builder_slider\">\r\n\t<p class=\"post-meta meta-main-img\"><span class=\"post-date\"><i class=\"fa fa-clock-o\"><\/i>Nov 07, 2025<\/span><\/p>\t\t\t\t\t\t    <h1><a href=\"https:\/\/www.foreignpolicyandpeace.org\/index.php\/tr\/2025\/11\/cfppr-yuvarlak-masa-tartismasi-kurdish-choices-at-the-foreign-domestic-nexus-7-kasim-2025\/\">CFPPR Yuvarlak Masa Tart\u0131\u015fmas\u0131: Kurdish Choices at the Foreign-Domestic Nexus (7 Kas\u0131m 2025)<\/a>  <\/h1>\r\n                             <div class=\"clearfix\"><\/div>                             \r\n\t\t\t\t\t\t<\/div>\r\n\r\n<\/div>\r\n              \t    \t <div class=\"item_slide image_post\">\r\n              <a  href=\"https:\/\/www.foreignpolicyandpeace.org\/index.php\/tr\/2025\/06\/all-azimuth-cevrimici-calistayi-turkiyenin-uluslararasi-davranisinin-derin-yapisini-ortaya-cikarmak\/\" class=\"feature-link\" title=\"All Azimuth \u00c7evrimi\u00e7i \u00c7al\u0131\u015ftay\u0131: T\u00fcrkiye\u2019nin Uluslararas\u0131 Davran\u0131\u015f\u0131n\u0131n Derin Yap\u0131s\u0131n\u0131 Ortaya \u00c7\u0131karmak\">              \r\n<img loading=\"lazy\" decoding=\"async\" width=\"735\" height=\"400\" src=\"https:\/\/www.foreignpolicyandpeace.org\/wp-content\/uploads\/2025\/06\/Workshop_programme13June-1-735x400.png\" class=\"attachment-slider-feature size-slider-feature wp-post-image\" alt=\"\" \/><\/a>\r\n\r\n<div class=\"item_slide_caption builder_slider\">\r\n\t<p class=\"post-meta meta-main-img\"><span class=\"post-date\"><i class=\"fa fa-clock-o\"><\/i>Jun 13, 2025<\/span><\/p>\t\t\t\t\t\t    <h1><a href=\"https:\/\/www.foreignpolicyandpeace.org\/index.php\/tr\/2025\/06\/all-azimuth-cevrimici-calistayi-turkiyenin-uluslararasi-davranisinin-derin-yapisini-ortaya-cikarmak\/\">All Azimuth \u00c7evrimi\u00e7i \u00c7al\u0131\u015ftay\u0131: T\u00fcrkiye\u2019nin Uluslararas\u0131 Davran\u0131\u015f\u0131n\u0131n Derin Yap\u0131s\u0131n\u0131 Ortaya \u00c7\u0131karmak<\/a>  <\/h1>\r\n                             <div class=\"clearfix\"><\/div>                             \r\n\t\t\t\t\t\t<\/div>\r\n\r\n<\/div>\r\n              \t    \t <div class=\"item_slide image_post\">\r\n              <a  href=\"https:\/\/www.foreignpolicyandpeace.org\/index.php\/tr\/2025\/05\/cfppr-talk-post-pkk-kuzey-suriyede-devletsiz-devlet-insasi-dr-musa-akgul\/\" class=\"feature-link\" title=\"CFPPR Talk: &#8220;Post-PKK: Kuzey Suriye&#8217;de &#8216;Devletsiz&#8217; Devlet \u0130n\u015fas\u0131&#8221;- Dr. Musa Akg\u00fcl\">              \r\n<img loading=\"lazy\" decoding=\"async\" width=\"735\" height=\"400\" src=\"https:\/\/www.foreignpolicyandpeace.org\/wp-content\/uploads\/2025\/05\/Musa-Akgul_website-735x400.jpeg\" class=\"attachment-slider-feature size-slider-feature wp-post-image\" alt=\"\" \/><\/a>\r\n\r\n<div class=\"item_slide_caption builder_slider\">\r\n\t<p class=\"post-meta meta-main-img\"><span class=\"post-date\"><i class=\"fa fa-clock-o\"><\/i>May 14, 2025<\/span><\/p>\t\t\t\t\t\t    <h1><a href=\"https:\/\/www.foreignpolicyandpeace.org\/index.php\/tr\/2025\/05\/cfppr-talk-post-pkk-kuzey-suriyede-devletsiz-devlet-insasi-dr-musa-akgul\/\">CFPPR Talk: &#8220;Post-PKK: Kuzey Suriye&#8217;de &#8216;Devletsiz&#8217; Devlet \u0130n\u015fas\u0131&#8221;- Dr. Musa Akg\u00fcl<\/a>  <\/h1>\r\n                             <div class=\"clearfix\"><\/div>                             \r\n\t\t\t\t\t\t<\/div>\r\n\r\n<\/div>\r\n              \t    \t <div class=\"item_slide image_post\">\r\n              <a  href=\"https:\/\/www.foreignpolicyandpeace.org\/index.php\/tr\/2024\/12\/9-all-azimuth-calistayi-turk-dis-politikasinda-kavramlari-yeniden-dusunmek\/\" class=\"feature-link\" title=\"9. All Azimuth \u00c7al\u0131\u015ftay\u0131: T\u00fcrk D\u0131\u015f Politikas\u0131nda Kavramlar\u0131 (Yeniden) D\u00fc\u015f\u00fcnmek\">              \r\n<img loading=\"lazy\" decoding=\"async\" width=\"735\" height=\"400\" src=\"https:\/\/www.foreignpolicyandpeace.org\/wp-content\/uploads\/2024\/12\/WhatsApp-Image-2024-12-07-at-14.07.50-735x400.jpeg\" class=\"attachment-slider-feature size-slider-feature wp-post-image\" alt=\"\" \/><\/a>\r\n\r\n<div class=\"item_slide_caption builder_slider\">\r\n\t<p class=\"post-meta meta-main-img\"><span class=\"post-date\"><i class=\"fa fa-clock-o\"><\/i>Dec 09, 2024<\/span><\/p>\t\t\t\t\t\t    <h1><a href=\"https:\/\/www.foreignpolicyandpeace.org\/index.php\/tr\/2024\/12\/9-all-azimuth-calistayi-turk-dis-politikasinda-kavramlari-yeniden-dusunmek\/\">9. All Azimuth \u00c7al\u0131\u015ftay\u0131: T\u00fcrk D\u0131\u015f Politikas\u0131nda Kavramlar\u0131 (Yeniden) D\u00fc\u015f\u00fcnmek<\/a>  <\/h1>\r\n                             <div class=\"clearfix\"><\/div>                             \r\n\t\t\t\t\t\t<\/div>\r\n\r\n<\/div>\r\n                    <\/div>\r\n \r\n        \r\n        <\/div>\r\n                \r\n<\/div>\r\n         <\/div><div id=\"aq-block-187-2\" class=\"aq-block aq-block-home_post_grid_small aq_span12 aq-first clearfix\">        <div class=\"widget four-post-style color-9\">\r\n        <div class=\"widget-title\"><h2>Etkinlikler<\/h2><\/div>\t\t<div class=\"widget_container\">\r\n        \r\n           \r\n\r\n    <div class=\"feature-four-column medium-four-columns appear_animation\">     \r\n    <div class=\"image_post feature-item\">\r\n                   <a  href=\"https:\/\/www.foreignpolicyandpeace.org\/index.php\/tr\/2024\/02\/all-azimuth-calistaylar-serisi-yerel-bilgelik-kuresel-bakis-sinirlarin-otesinde-catisma-arastirmalarinda-isbirligini-tesvik-etmek\/\" class=\"feature-link\" title=\"All Azimuth \u00c7al\u0131\u015ftaylar Serisi: &#8220;Yerel Bilgelik, K\u00fcresel Bak\u0131\u015f: S\u0131n\u0131rlar\u0131n \u00d6tesinde \u00c7at\u0131\u015fma Ara\u015ft\u0131rmalar\u0131nda \u0130\u015fbirli\u011fini Te\u015fvik Etmek&#8221;\">              \r\n<img loading=\"lazy\" decoding=\"async\" width=\"171\" height=\"108\" src=\"https:\/\/www.foreignpolicyandpeace.org\/wp-content\/uploads\/2024\/02\/site_thumbnail-2-171x108.png\" class=\"attachment-small-grid size-small-grid wp-post-image\" alt=\"\" \/><\/a>\r\n                     <\/div>\r\n<div class=\"meta_holder\">\r\n<div class=\"love_this_post_meta\"><a href=\"#\" class=\"jm-post-like\" data-post_id=\"3057\" title=\"Like\"><i class=\"fa fa-heart-o\"><\/i>Like<\/a><\/div>\r\n<\/div>\r\n <h3 class=\"image-post-title columns_post\"><a href=\"https:\/\/www.foreignpolicyandpeace.org\/index.php\/tr\/2024\/02\/all-azimuth-calistaylar-serisi-yerel-bilgelik-kuresel-bakis-sinirlarin-otesinde-catisma-arastirmalarinda-isbirligini-tesvik-etmek\/\">All Azimuth \u00c7al\u0131\u015ftaylar Serisi: &#8220;Yerel Bilgelik, K\u00fcresel Bak\u0131\u015f: S\u0131n\u0131rlar\u0131n \u00d6tesinde \u00c7at\u0131\u015fma Ara\u015ft\u0131rmalar\u0131nda \u0130\u015fbirli\u011fini Te\u015fvik Etmek&#8221;<\/a><\/h3>      \r\n<p class=\"post-meta meta-main-img\"><span class=\"post-date\"><i class=\"fa fa-clock-o\"><\/i>Feb 28, 2024<\/span><\/p> <p>D\u0131\u015f Politika ve Bar\u0131\u015f Ara\u015ft\u0131rmalar\u0131 Merkezi ve All Azimuth, bar\u0131\u015f ve \u00e7at\u0131\u015fma... <\/p>\r\n  <div class=\"footer_meta\"><a href=\"https:\/\/www.foreignpolicyandpeace.org\/index.php\/tr\/2024\/02\/all-azimuth-calistaylar-serisi-yerel-bilgelik-kuresel-bakis-sinirlarin-otesinde-catisma-arastirmalarinda-isbirligini-tesvik-etmek\/\" class=\"footer_meta_readmore\">>><\/a><\/div>    <\/div>\r\n                       \r\n                   \r\n\r\n    <div class=\"feature-four-column medium-four-columns appear_animation\">     \r\n    <div class=\"image_post feature-item\">\r\n                   <a  href=\"https:\/\/www.foreignpolicyandpeace.org\/index.php\/tr\/2024\/01\/3021\/\" class=\"feature-link\" title=\"Onikinci Avrasya Bar\u0131\u015f Konferans\u0131\">              \r\n<img loading=\"lazy\" decoding=\"async\" width=\"171\" height=\"108\" src=\"https:\/\/www.foreignpolicyandpeace.org\/wp-content\/uploads\/2024\/01\/ilker-peace-science-171x108.jpeg\" class=\"attachment-small-grid size-small-grid wp-post-image\" alt=\"\" \/><\/a>\r\n                     <\/div>\r\n<div class=\"meta_holder\">\r\n<div class=\"love_this_post_meta\"><a href=\"#\" class=\"jm-post-like\" data-post_id=\"3021\" title=\"Like\"><i class=\"fa fa-heart-o\"><\/i>Like<\/a><\/div>\r\n<\/div>\r\n <h3 class=\"image-post-title columns_post\"><a href=\"https:\/\/www.foreignpolicyandpeace.org\/index.php\/tr\/2024\/01\/3021\/\">Onikinci Avrasya Bar\u0131\u015f Konferans\u0131<\/a><\/h3>      \r\n<p class=\"post-meta meta-main-img\"><span class=\"post-date\"><i class=\"fa fa-clock-o\"><\/i>Jan 26, 2024<\/span><\/p> <p>Onikinci Avrasya Bar\u0131\u015f Bilimleri Konferans\u0131&#8217;n\u0131n, Foreign Policy Analysis... <\/p>\r\n  <div class=\"footer_meta\"><a href=\"https:\/\/www.foreignpolicyandpeace.org\/index.php\/tr\/2024\/01\/3021\/\" class=\"footer_meta_readmore\">>><\/a><\/div>    <\/div>\r\n                       \r\n                   \r\n\r\n    <div class=\"feature-four-column medium-four-columns appear_animation\">     \r\n    <div class=\"image_post feature-item\">\r\n                   <a  href=\"https:\/\/www.foreignpolicyandpeace.org\/index.php\/tr\/2023\/11\/turkiye-abd-iliskilerinde-sureklilikler-ve-degisimler-konferansi-10-12-kasim\/\" class=\"feature-link\" title=\"T\u00fcrkiye-ABD \u0130li\u015fkilerinde S\u00fcreklilikler ve De\u011fi\u015fimler Konferans\u0131, 10-12 Kas\u0131m\">              \r\n<img loading=\"lazy\" decoding=\"async\" width=\"171\" height=\"108\" src=\"https:\/\/www.foreignpolicyandpeace.org\/wp-content\/uploads\/2023\/11\/4a7b505d-63cc-4fd9-8494-7b85d98d7917-171x108.jpg\" class=\"attachment-small-grid size-small-grid wp-post-image\" alt=\"\" \/><\/a>\r\n                     <\/div>\r\n<div class=\"meta_holder\">\r\n<div class=\"love_this_post_meta\"><a href=\"#\" class=\"jm-post-like\" data-post_id=\"2990\" title=\"Like\"><i class=\"fa fa-heart-o\"><\/i>Like<\/a><\/div>\r\n<\/div>\r\n <h3 class=\"image-post-title columns_post\"><a href=\"https:\/\/www.foreignpolicyandpeace.org\/index.php\/tr\/2023\/11\/turkiye-abd-iliskilerinde-sureklilikler-ve-degisimler-konferansi-10-12-kasim\/\">T\u00fcrkiye-ABD \u0130li\u015fkilerinde S\u00fcreklilikler ve De\u011fi\u015fimler Konferans\u0131, 10-12 Kas\u0131m<\/a><\/h3>      \r\n<p class=\"post-meta meta-main-img\"><span class=\"post-date\"><i class=\"fa fa-clock-o\"><\/i>Nov 20, 2023<\/span><\/p> <p>Merkezimiz ve dergimiz, All Azimuth, T\u00fcrkiye Cumhuriyeti&#8217;nin kurulu\u015funun... <\/p>\r\n  <div class=\"footer_meta\"><a href=\"https:\/\/www.foreignpolicyandpeace.org\/index.php\/tr\/2023\/11\/turkiye-abd-iliskilerinde-sureklilikler-ve-degisimler-konferansi-10-12-kasim\/\" class=\"footer_meta_readmore\">>><\/a><\/div>    <\/div>\r\n         <div class=\"clearfix\"><\/div>              \r\n                     \r\n        <\/div>\r\n        <\/div>\r\n     \r\n        <\/div><div id=\"aq-block-187-3\" class=\"aq-block aq-block-home_post_grid_small aq_span12 aq-first clearfix\">        <div class=\"widget four-post-style color-9\">\r\n        <div class=\"widget-title\"><h2>Yay\u0131nlar<\/h2><\/div>\t\t<div class=\"widget_container\">\r\n        \r\n           \r\n\r\n    <div class=\"feature-four-column medium-four-columns appear_animation\">     \r\n    <div class=\"image_post feature-item\">\r\n                   <a  href=\"https:\/\/www.foreignpolicyandpeace.org\/index.php\/tr\/2023\/09\/prof-aydinlidan-yeni-makale\/\" class=\"feature-link\" title=\"Prof. Ayd\u0131nl\u0131&#8217;dan yeni makale\">              \r\n<img loading=\"lazy\" decoding=\"async\" width=\"171\" height=\"108\" src=\"https:\/\/www.foreignpolicyandpeace.org\/wp-content\/uploads\/2023\/09\/ersel-171x108.png\" class=\"attachment-small-grid size-small-grid wp-post-image\" alt=\"\" \/><\/a>\r\n                     <\/div>\r\n<div class=\"meta_holder\">\r\n<div class=\"love_this_post_meta\"><a href=\"#\" class=\"jm-post-like\" data-post_id=\"2952\" title=\"Like\"><i class=\"fa fa-heart-o\"><\/i>Like<\/a><\/div>\r\n<\/div>\r\n <h3 class=\"image-post-title columns_post\"><a href=\"https:\/\/www.foreignpolicyandpeace.org\/index.php\/tr\/2023\/09\/prof-aydinlidan-yeni-makale\/\">Prof. Ayd\u0131nl\u0131&#8217;dan yeni makale<\/a><\/h3>      \r\n<p class=\"post-meta meta-main-img\"><span class=\"post-date\"><i class=\"fa fa-clock-o\"><\/i>Sep 15, 2023<\/span><\/p> <p>Theory importation and the death of homegrown disciplinary potential: an autopsy of... <\/p>\r\n  <div class=\"footer_meta\"><a href=\"https:\/\/www.foreignpolicyandpeace.org\/index.php\/tr\/2023\/09\/prof-aydinlidan-yeni-makale\/\" class=\"footer_meta_readmore\">>><\/a><\/div>    <\/div>\r\n                       \r\n                   \r\n\r\n    <div class=\"feature-four-column medium-four-columns appear_animation\">     \r\n    <div class=\"image_post feature-item\">\r\n                   <a  href=\"https:\/\/www.foreignpolicyandpeace.org\/index.php\/tr\/2022\/03\/uluslararasi-iliskilerde-metodoloji\/\" class=\"feature-link\" title=\"Uluslararas\u0131 \u0130li\u015fkilerde Metodoloji\">              \r\n<img loading=\"lazy\" decoding=\"async\" width=\"171\" height=\"108\" src=\"https:\/\/www.foreignpolicyandpeace.org\/wp-content\/uploads\/2023\/01\/uim-171x108.jpg\" class=\"attachment-small-grid size-small-grid wp-post-image\" alt=\"\" \/><\/a>\r\n                     <\/div>\r\n<div class=\"meta_holder\">\r\n<div class=\"love_this_post_meta\"><a href=\"#\" class=\"jm-post-like\" data-post_id=\"2736\" title=\"Like\"><i class=\"fa fa-heart-o\"><\/i>Like<\/a><\/div>\r\n<\/div>\r\n <h3 class=\"image-post-title columns_post\"><a href=\"https:\/\/www.foreignpolicyandpeace.org\/index.php\/tr\/2022\/03\/uluslararasi-iliskilerde-metodoloji\/\">Uluslararas\u0131 \u0130li\u015fkilerde Metodoloji<\/a><\/h3>      \r\n<p class=\"post-meta meta-main-img\"><span class=\"post-date\"><i class=\"fa fa-clock-o\"><\/i>Mar 23, 2022<\/span><\/p> <p>Uluslararas\u0131 \u0130li\u015fkiler disiplinindeki metodolojik \u00e7e\u015fitlili\u011fin tart\u0131\u015f\u0131ld\u0131\u011f\u0131... <\/p>\r\n  <div class=\"footer_meta\"><a href=\"https:\/\/www.foreignpolicyandpeace.org\/index.php\/tr\/2022\/03\/uluslararasi-iliskilerde-metodoloji\/\" class=\"footer_meta_readmore\">>><\/a><\/div>    <\/div>\r\n                       \r\n                   \r\n\r\n    <div class=\"feature-four-column medium-four-columns appear_animation\">     \r\n    <div class=\"image_post feature-item\">\r\n                   <a  href=\"https:\/\/www.foreignpolicyandpeace.org\/index.php\/tr\/2020\/11\/yeni-yayin-strateji-dusuncesi-kuram-paradoks-uygulama\/\" class=\"feature-link\" title=\"Yeni Yay\u0131n: &#8220;Strateji D\u00fc\u015f\u00fcncesi: Kuram, Paradoks, Uygulama&#8221;\">              \r\n<img loading=\"lazy\" decoding=\"async\" width=\"171\" height=\"108\" src=\"https:\/\/www.foreignpolicyandpeace.org\/wp-content\/uploads\/2020\/11\/Publication1-171x108.png\" class=\"attachment-small-grid size-small-grid wp-post-image\" alt=\"\" \/><\/a>\r\n                     <\/div>\r\n<div class=\"meta_holder\">\r\n<div class=\"love_this_post_meta\"><a href=\"#\" class=\"jm-post-like\" data-post_id=\"2210\" title=\"Like\"><i class=\"fa fa-heart-o\"><\/i>Like<\/a><\/div>\r\n<\/div>\r\n <h3 class=\"image-post-title columns_post\"><a href=\"https:\/\/www.foreignpolicyandpeace.org\/index.php\/tr\/2020\/11\/yeni-yayin-strateji-dusuncesi-kuram-paradoks-uygulama\/\">Yeni Yay\u0131n: &#8220;Strateji D\u00fc\u015f\u00fcncesi: Kuram, Paradoks, Uygulama&#8221;<\/a><\/h3>      \r\n<p class=\"post-meta meta-main-img\"><span class=\"post-date\"><i class=\"fa fa-clock-o\"><\/i>Nov 27, 2020<\/span><\/p> <p>Merkezimizin d\u00fczenledi\u011fi \u201cT\u00fcrkiye\u2019de Strateji \u00c7al\u0131\u015fmalar\u0131\u201d... <\/p>\r\n  <div class=\"footer_meta\"><a href=\"https:\/\/www.foreignpolicyandpeace.org\/index.php\/tr\/2020\/11\/yeni-yayin-strateji-dusuncesi-kuram-paradoks-uygulama\/\" class=\"footer_meta_readmore\">>><\/a><\/div>    <\/div>\r\n         <div class=\"clearfix\"><\/div>              \r\n                     \r\n        <\/div>\r\n        <\/div>\r\n     \r\n        <\/div><\/div>\n","protected":false},"excerpt":{"rendered":"","protected":false},"author":1,"featured_media":0,"parent":0,"menu_order":0,"comment_status":"closed","ping_status":"closed","template":"home-page.php","meta":{"_monsterinsights_skip_tracking":false,"_monsterinsights_sitenote_active":false,"_monsterinsights_sitenote_note":"","_monsterinsights_sitenote_category":0,"footnotes":""},"class_list":["post-174","page","type-page","status-publish","hentry"],"post_mailing_queue_ids":[],"_links":{"self":[{"href":"https:\/\/www.foreignpolicyandpeace.org\/index.php\/wp-json\/wp\/v2\/pages\/174","targetHints":{"allow":["GET"]}}],"collection":[{"href":"https:\/\/www.foreignpolicyandpeace.org\/index.php\/wp-json\/wp\/v2\/pages"}],"about":[{"href":"https:\/\/www.foreignpolicyandpeace.org\/index.php\/wp-json\/wp\/v2\/types\/page"}],"author":[{"embeddable":true,"href":"https:\/\/www.foreignpolicyandpeace.org\/index.php\/wp-json\/wp\/v2\/users\/1"}],"replies":[{"embeddable":true,"href":"https:\/\/www.foreignpolicyandpeace.org\/index.php\/wp-json\/wp\/v2\/comments?post=174"}],"version-history":[{"count":0,"href":"https:\/\/www.foreignpolicyandpeace.org\/index.php\/wp-json\/wp\/v2\/pages\/174\/revisions"}],"wp:attachment":[{"href":"https:\/\/www.foreignpolicyandpeace.org\/index.php\/wp-json\/wp\/v2\/media?parent=174"}],"curies":[{"name":"wp","href":"https:\/\/api.w.org\/{rel}","templated":true}]}}