{"id":2871,"date":"2023-09-06T14:11:46","date_gmt":"2023-09-06T11:11:46","guid":{"rendered":"https:\/\/www.foreignpolicyandpeace.org\/?page_id=2871"},"modified":"2023-09-06T14:23:45","modified_gmt":"2023-09-06T11:23:45","slug":"national-defence-industry-from-an-enabler-of-turkeys-pursuit-of-strategic-autonomy-to-a-bridge-between-turkey-and-europe","status":"publish","type":"page","link":"https:\/\/www.foreignpolicyandpeace.org\/index.php\/en\/national-defence-industry-from-an-enabler-of-turkeys-pursuit-of-strategic-autonomy-to-a-bridge-between-turkey-and-europe\/","title":{"rendered":"CFPPR Projects"},"content":{"rendered":"\n<p><\/p>\n\n\n\n<p class=\"has-text-align-center has-black-color has-text-color has-medium-font-size\"><strong>National Defence Industry: From an Enabler of Turkey\u2019s Pursuit of Strategic Autonomy to a Bridge between Turkey and Europe<\/strong><\/p>\n\n\n\n<p>As a recipient of the <a href=\"https:\/\/www.cats-network.eu\/projects\/ongoing-projects\/national-defence-industry-from-an-enabler-for-turkeys-pursuit-of-strategic-autonomy-to-a-bridge-between-turkey-and-europe-1\" data-type=\"URL\" data-id=\"https:\/\/www.cats-network.eu\/projects\/ongoing-projects\/national-defence-industry-from-an-enabler-for-turkeys-pursuit-of-strategic-autonomy-to-a-bridge-between-turkey-and-europe-1\" target=\"_blank\" rel=\"noreferrer noopener\">CATS Network<\/a> Grant our Center is working together with the<a href=\"https:\/\/www.iiss.org\/\" data-type=\"URL\" data-id=\"https:\/\/www.iiss.org\/\" target=\"_blank\" rel=\"noreferrer noopener\"> International Institute for Strategic Studies<\/a> on a collaborative project researching the prospects for cooperation and competition between the European and Turkish defence industries, and their impact on the foreign and security policies of states.<\/p>\n\n\n\n<div class=\"wp-block-columns is-layout-flex wp-container-core-columns-is-layout-9d6595d7 wp-block-columns-is-layout-flex\">\n<div class=\"wp-block-column is-layout-flow wp-block-column-is-layout-flow\"><div class=\"wp-block-image\">\n<figure class=\"aligncenter size-full is-resized\"><img loading=\"lazy\" decoding=\"async\" src=\"https:\/\/www.foreignpolicyandpeace.org\/wp-content\/uploads\/2023\/09\/Untitled-6.png\" alt=\"\" class=\"wp-image-2889\" width=\"647\" height=\"159\" srcset=\"https:\/\/www.foreignpolicyandpeace.org\/wp-content\/uploads\/2023\/09\/Untitled-6.png 607w, https:\/\/www.foreignpolicyandpeace.org\/wp-content\/uploads\/2023\/09\/Untitled-6-300x74.png 300w\" sizes=\"auto, (max-width: 647px) 100vw, 647px\" \/><\/figure>\n<\/div><\/div>\n<\/div>\n\n\n\n<p><\/p>\n\n\n\n<p><strong><em>Project Description<\/em><\/strong><\/p>\n\n\n\n<p>This project will explore prospects for cooperation and competition between the European and Turkish defence industries, and the impact of defence industry relations on the foreign policies of Turkey, the European Union (EU), and selected non-EU European countries. Such examination is important because cooperation in the defence realm is conventionally believed to generate positive externalities in other areas of politics. Hence, closer defence industrial cooperation in this regard between Turkey and Europe, while important for the defence of Europe, including from a NATO perspective, may also help relevant parties to rebuild confidence in each other.<\/p>\n\n\n\n<p>Although Turkish-European defence industrial cooperation has produced mixed results so far, looking ahead, there are several factors that may tilt the scales in favour of more positive collaboration. These include increased European defence spending following Russia\u2019s invasion of Ukraine, a desire on the part of Turkey to improve the sustainability of its defence industry sustainability by joining European projects, an attempt by both parties (Turkey and Europe) to improve relations through defence programmes, and concerns about the extent to which relations between Turkey and Russia can be sustained.<\/p>\n\n\n\n<p>With that in mind, this project seeks to answer the following questions. First, how does the Russo-Ukrainian War alter the strategic calculations in Europe? Second, what are the impacts of the war on European defence industrial policies? Third, how has European defence industrial cooperation changed over the years through institutions such as IEPG, WEU, OCCAR, EDA, and PESCO? Fourth, what were the main drivers of such changes? Fifth, how has Turkey contributed to and acted (or failed to act) as a stakeholder in European defence cooperation in the past? Sixth, how can the Turkish defence industry contribute to European security? Seventh, is Turkey\u2019s goal of self-sufficiency achievable, and if not, what changes would foreseeably be made to Turkish defence industry policy in the future? Eighth, what are the expectations of Turkish defence companies with respect to Turkish foreign policy? Ninth, what is the perception of the Turkish defence industry with regard to Turkey\u2019s foreign relations with the EU, Russia, and the U.S.? Tenth, does Turkey have a military-industrial complex in place with sufficient clout to influence policymaking? And finally, what do European defence companies expect from their respective countries and the EU in relation to Turkey?<\/p>\n\n\n\n<p><\/p>\n\n\n\n<p><strong><em>Project Members:<\/em><\/strong><\/p>\n\n\n\n<p>\u00c7a\u011flar Kur\u00e7, Research Fellow, CFPPR; Assistant Professor, Abdullah Gul University<br>Bastian Giegerich, the Director of the Defence and Military Analysis Programme, IISS<br>Tom Waldwyn, Research Associate for Defence Procurement, IISS<br>Fenella McGerty, Senior Fellow for Defence Economics, IISS<br>Haena Jo<strong>, <\/strong>Research Analyst for Defence and Military Analysis<strong>, <\/strong>IISS<br>James Hackett, Senior Fellow for Defence and Military Analysis, IISS<br>Arda Mevl\u00fcto\u011flu, Board Member, Institute for Future Research (IFR)<br>S\u0131tk\u0131 Egeli, Associate Professor of International Relations, Izmir University of Economics<br>Serhat G\u00fcven\u00e7, Professor of International Relations, Kadir Has University<\/p>\n\n\n\n<p><strong><em>Project Duration<\/em>:<\/strong> Sep 23 &#8211; Nov 24<\/p>\n\n\n\n<p><\/p>\n\n\n\n<p><strong><em>Contact:<\/em><\/strong><\/p>\n\n\n\n<p>\u00c7a\u011flar Kur\u00e7, email: <a href=\"javascript:linkTo_UnCryptMailto(%27ocknvq%2Cecinct0mwteBciw0gfw0vt%27);\">caglar.kurc@agu.edu.tr<\/a><br>Tom Waldwyn, email: <a href=\"javascript:linkTo_UnCryptMailto(%27ocknvq%2Cvqo0ycnfyapBkkuu0qti%27);\">tom.waldwyn@iiss.org<\/a><\/p>\n","protected":false},"excerpt":{"rendered":"<p>National Defence Industry: From an Enabler of Turkey\u2019s Pursuit of Strategic Autonomy to a Bridge between Turkey and Europe As a recipient of the CATS Network Grant our Center is [&hellip;]<\/p>\n","protected":false},"author":5,"featured_media":0,"parent":0,"menu_order":0,"comment_status":"closed","ping_status":"closed","template":"","meta":{"_monsterinsights_skip_tracking":false,"_monsterinsights_sitenote_active":false,"_monsterinsights_sitenote_note":"","_monsterinsights_sitenote_category":0,"footnotes":""},"class_list":["post-2871","page","type-page","status-publish","hentry"],"post_mailing_queue_ids":[],"_links":{"self":[{"href":"https:\/\/www.foreignpolicyandpeace.org\/index.php\/wp-json\/wp\/v2\/pages\/2871","targetHints":{"allow":["GET"]}}],"collection":[{"href":"https:\/\/www.foreignpolicyandpeace.org\/index.php\/wp-json\/wp\/v2\/pages"}],"about":[{"href":"https:\/\/www.foreignpolicyandpeace.org\/index.php\/wp-json\/wp\/v2\/types\/page"}],"author":[{"embeddable":true,"href":"https:\/\/www.foreignpolicyandpeace.org\/index.php\/wp-json\/wp\/v2\/users\/5"}],"replies":[{"embeddable":true,"href":"https:\/\/www.foreignpolicyandpeace.org\/index.php\/wp-json\/wp\/v2\/comments?post=2871"}],"version-history":[{"count":10,"href":"https:\/\/www.foreignpolicyandpeace.org\/index.php\/wp-json\/wp\/v2\/pages\/2871\/revisions"}],"predecessor-version":[{"id":2900,"href":"https:\/\/www.foreignpolicyandpeace.org\/index.php\/wp-json\/wp\/v2\/pages\/2871\/revisions\/2900"}],"wp:attachment":[{"href":"https:\/\/www.foreignpolicyandpeace.org\/index.php\/wp-json\/wp\/v2\/media?parent=2871"}],"curies":[{"name":"wp","href":"https:\/\/api.w.org\/{rel}","templated":true}]}}