{"id":297,"date":"2016-08-16T16:34:21","date_gmt":"2016-08-16T13:34:21","guid":{"rendered":"http:\/\/fppr.ihsandemiray.com\/index.php\/?page_id=297"},"modified":"2016-08-16T16:34:21","modified_gmt":"2016-08-16T13:34:21","slug":"hakkimizda","status":"publish","type":"page","link":"https:\/\/www.foreignpolicyandpeace.org\/index.php\/tr\/hakkimizda\/","title":{"rendered":"Hakk\u0131m\u0131zda"},"content":{"rendered":"<p>\u0130hsan Do\u011framac\u0131 Bar\u0131\u015f Vakf\u0131\u2019na ba\u011fl\u0131 olarak bir ara\u015ft\u0131rma ve d\u00fc\u015f\u00fcnce kurulu\u015fu olan \u201cD\u0131\u015f Politika ve Bar\u0131\u015f Ara\u015ft\u0131rmalar\u0131 Merkezi\u201d kurulmu\u015ftur.<\/p>\n<p>Merkezin temel amac\u0131 d\u00fcnyada ve T\u00fcrkiye\u2019nin bulundu\u011fu co\u011frafyada toplumlar aras\u0131ndaki uyu\u015fmazl\u0131klar\u0131n bar\u0131\u015f\u00e7\u0131 yollarla \u00e7\u00f6z\u00fcm\u00fcne katk\u0131da bulunacak politikalar geli\u015ftirmek, buna uygun g\u00fcndemleri te\u015fvik etmek ve mevcut politikalar\u0131 ortak bar\u0131\u015f ve g\u00fcvenlik hedefine y\u00f6nelik olarak ele\u015ftirel, kar\u015f\u0131la\u015ft\u0131rmal\u0131 ve yap\u0131c\u0131 bir bak\u0131\u015f a\u00e7\u0131s\u0131yla tahlil etmektir.<\/p>\n<p>Merkez amac\u0131na ula\u015fmak i\u00e7in ara\u015ft\u0131rma projeleri ve programlar geli\u015ftirir, sosyal bilimcilerin \u00e7al\u0131\u015fmalar\u0131 i\u00e7in uygun bir diyalog ortam\u0131 haz\u0131rlar, ara\u015ft\u0131rma sonu\u00e7lar\u0131n\u0131 yay\u0131nlar, ulusal ve uluslararas\u0131 d\u00fczeyde konferanslar ve yuvarlak masa toplant\u0131lar\u0131 d\u00fczenler. Bilkent \u00dcniversitesi\u2019nde yap\u0131lagelen Uluslararas\u0131 \u0130li\u015fkiler ve Strateji Seminerlerini y\u00fcr\u00fctmeye devam eder ve ara\u015ft\u0131rma burslar\u0131 verir. Uluslararas\u0131 \u0130hsan Do\u011framac\u0131 Bar\u0131\u015f \u00d6d\u00fcl\u00fc i\u00e7in adaylar tespitine katk\u0131da bulunacak \u00e7al\u0131\u015fmalar yapar ve \u201cAll Azimuth: D\u0131\u015f Politika ve Bar\u0131\u015f Ara\u015ft\u0131rmalar\u0131\u201d dergisini yay\u0131nlar.<\/p>\n<p>Merkez, \u00e7al\u0131\u015fmalar\u0131n\u0131 s\u00fcrd\u00fcr\u00fcrken en \u00fcst d\u00fczeyde akademik standartlara, normlara ve akademik \u00f6zg\u00fcrl\u00fcklere sad\u0131k kal\u0131r. Bunu yaparken d\u0131\u015f politika analizlerinin bilimsel y\u00f6ntem ve teorilerini daima g\u00f6z\u00f6n\u00fcnde bulundurur ve \u00f6zen g\u00f6sterir. Pratik ile teori aras\u0131nda k\u00f6pr\u00fc olu\u015fturacak d\u0131\u015f politika ara\u015ft\u0131rmalar\u0131 ve analizleri yapar ve yapt\u0131r\u0131r. \u0130hsan Do\u011framac\u0131 Bar\u015f\u0131 Vakf\u0131, D\u0131\u015f Politika ve Bar\u0131\u015f Ara\u015ft\u0131rmalar\u0131 Merkezi akademik dergisi All Azimuth\u2019la uluslararas\u0131 ili\u015fkiler ve d\u0131\u015f politika ara\u015ft\u0131rmalar\u0131na ili\u015fkin \u00f6zg\u00fcn kuram ve kavramlar i\u00e7in bir platform olmak amac\u0131n\u0131 da ta\u015f\u0131maktad\u0131r.<\/p>\n<p>Ali L. Karaosmano\u011flu ve Ersel Ayd\u0131nl\u0131<\/p>\n","protected":false},"excerpt":{"rendered":"<p>\u0130hsan Do\u011framac\u0131 Bar\u0131\u015f Vakf\u0131\u2019na ba\u011fl\u0131 olarak bir ara\u015ft\u0131rma ve d\u00fc\u015f\u00fcnce kurulu\u015fu olan \u201cD\u0131\u015f Politika ve Bar\u0131\u015f Ara\u015ft\u0131rmalar\u0131 Merkezi\u201d kurulmu\u015ftur. Merkezin temel amac\u0131 d\u00fcnyada ve T\u00fcrkiye\u2019nin bulundu\u011fu co\u011frafyada toplumlar aras\u0131ndaki uyu\u015fmazl\u0131klar\u0131n [&hellip;]<\/p>\n","protected":false},"author":1,"featured_media":0,"parent":0,"menu_order":0,"comment_status":"closed","ping_status":"closed","template":"","meta":{"_monsterinsights_skip_tracking":false,"_monsterinsights_sitenote_active":false,"_monsterinsights_sitenote_note":"","_monsterinsights_sitenote_category":0,"footnotes":""},"class_list":["post-297","page","type-page","status-publish","hentry"],"post_mailing_queue_ids":[],"_links":{"self":[{"href":"https:\/\/www.foreignpolicyandpeace.org\/index.php\/wp-json\/wp\/v2\/pages\/297","targetHints":{"allow":["GET"]}}],"collection":[{"href":"https:\/\/www.foreignpolicyandpeace.org\/index.php\/wp-json\/wp\/v2\/pages"}],"about":[{"href":"https:\/\/www.foreignpolicyandpeace.org\/index.php\/wp-json\/wp\/v2\/types\/page"}],"author":[{"embeddable":true,"href":"https:\/\/www.foreignpolicyandpeace.org\/index.php\/wp-json\/wp\/v2\/users\/1"}],"replies":[{"embeddable":true,"href":"https:\/\/www.foreignpolicyandpeace.org\/index.php\/wp-json\/wp\/v2\/comments?post=297"}],"version-history":[{"count":0,"href":"https:\/\/www.foreignpolicyandpeace.org\/index.php\/wp-json\/wp\/v2\/pages\/297\/revisions"}],"wp:attachment":[{"href":"https:\/\/www.foreignpolicyandpeace.org\/index.php\/wp-json\/wp\/v2\/media?parent=297"}],"curies":[{"name":"wp","href":"https:\/\/api.w.org\/{rel}","templated":true}]}}