{"id":323,"date":"2016-09-04T14:59:34","date_gmt":"2016-09-04T11:59:34","guid":{"rendered":"http:\/\/fppr.ihsandemiray.com\/index.php\/?page_id=323"},"modified":"2024-02-02T14:02:22","modified_gmt":"2024-02-02T11:02:22","slug":"amac-ve-kapsam","status":"publish","type":"page","link":"https:\/\/www.foreignpolicyandpeace.org\/index.php\/tr\/amac-ve-kapsam\/","title":{"rendered":"Ama\u00e7 ve Kapsam"},"content":{"rendered":"<div id=\"tabs-wrapper\" class=\"clearfix\">\n<h3 class=\"with-tabs\">All Azimuth : A Journal of Foreign Policy and Peace<\/h3>\n<\/div>\n<p style=\"text-align: left;\"><strong><em><img loading=\"lazy\" decoding=\"async\" class=\"alignleft wp-image-354 size-full\" src=\"https:\/\/www.foreignpolicyandpeace.org\/wp-content\/uploads\/2016\/09\/allazimuthlogo.png\" alt=\"allazimuthlogo\" width=\"125\" height=\"125\" \/>All Azimuth<\/em><\/strong>\u00a0\u0130hsan Do\u011framac\u0131 Bar\u0131\u015f Vakf\u0131 b\u00fcnyesinde kurulmu\u015f olan D\u0131\u015f Politika ve Bar\u0131\u015f Ara\u015ft\u0131rmalar\u0131 Merkezi&#8217;nin dergisidir. Derginin amac\u0131 d\u0131\u015f politika analizi, bar\u0131\u015f \u00e7al\u0131\u015fmalar\u0131 ve uluslararas\u0131 ili\u015fkilerin pratik konular\u0131na kuramsal bakabilen eserler i\u00e7in bir tart\u0131\u015fma alan\u0131 olu\u015fturmakt\u0131r.\u00a0 \u00d6zellikle bar\u0131\u015f, g\u00fcvenlik ve geli\u015fme konular\u0131n\u0131 birle\u015ftiren ba\u011flara vurgu yapan, uluslararas\u0131 ili\u015fkiler kuramlar\u0131 ile prati\u011fi aras\u0131ndaki mesafeyi kapatan, disiplinde az temsil edilen, \u00f6zg\u00fcn kuramsal yakla\u015f\u0131mlar\u0131 da i\u00e7eren, merkez-\u00e7evre diyalo\u011funa katk\u0131 yapabilecek \u00e7al\u0131\u015fmalar derginin \u00f6zel ilgi alan\u0131na girmektedir. Bu y\u00fczden <strong><em>All<\/em><\/strong>\u00a0<strong><em>Azimuth<\/em><\/strong>\u00a0yerel kaynaklardan beslenen kuramsal ve felsefi \u00e7al\u0131\u015fmalara ayr\u0131 bir \u00f6nem atfetmektedir. Bu anlamda dergi\u00a0 klasik kuramsal, y\u00f6ntemsel, co\u011frafi, akademik ve k\u00fclt\u00fcrel s\u0131n\u0131rlar\u0131n \u00f6tesine ge\u00e7meyi ama\u00e7lamaktad\u0131r. Dergi,\u00a0 D\u0131\u015f Politika ve Bar\u0131\u015f Ara\u015ft\u0131rmalar\u0131 Merkezi taraf\u0131ndan senede iki kez yay\u0131mlan\u0131r.<\/p>\n<p><strong>BA\u015e ED\u0130T\u00d6RLER<\/strong>: <strong>Ali L. Karaosmano\u011flu<\/strong> (<em>D\u0131\u015f Politika ve Bar\u0131\u015f Ara\u015ft\u0131rmalar\u0131 Merkezi<\/em>), <a href=\"http:\/\/staff.bilkent.edu.tr\/ersel\/\"><strong>Ersel Ayd\u0131nl\u0131<\/strong> <\/a>(<em>Bilkent \u00dcniversitesi<\/em>)<\/p>\n<p><strong>Y\u00d6NET\u0130C\u0130 ED\u0130T\u00d6R<\/strong>: <b>\u0130lker Kal\u0131n<\/b>\u00a0(<em>D\u0131\u015f Politika ve Bar\u0131\u015f Ara\u015ft\u0131rmalar\u0131 Merkezi<\/em>)<\/p>\n<p><strong>ED\u0130T\u00d6RLER<\/strong><\/p>\n<p><strong>Onur Erpul<\/strong>, (<em>Bilkent \u00dcniversitesi<\/em>)<\/p>\n<p><strong>Derya G\u00f6\u00e7er<\/strong>, (<em>Orta Do\u011fu Teknik \u00dcniversitesi)<\/em><\/p>\n<p><strong>Se\u00e7kin K\u00f6stem<\/strong>, (<em>Bilkent \u00dcniversitesi)<\/em><\/p>\n<p><strong>Homeira Moshirzadeh,\u00a0<\/strong><em>(University of Tehran)<\/em><\/p>\n<p><strong>Deepshikha Shahi<\/strong>, (<em>O. P. Jindal Global University)<br \/>\n<\/em><\/p>\n<p><strong>Chih-yu Shih<\/strong>, (<em>National Taiwan University)<\/em><\/p>\n<p><strong>Efe Tokdemir<\/strong>, (<em>Bilkent \u00dcniversitesi)<\/em><\/p>\n<p><strong>Helen Turton<\/strong>, (<em>The University of Sheffield)<\/em><\/p>\n<ul>\n<li><a href=\"https:\/\/www.foreignpolicyandpeace.org\/wp-content\/uploads\/2016\/09\/All-Azimuth-Launching.pdf\">All Azimuth Launching<\/a><\/li>\n<\/ul>\n","protected":false},"excerpt":{"rendered":"<p>All Azimuth : A Journal of Foreign Policy and Peace All Azimuth\u00a0\u0130hsan Do\u011framac\u0131 Bar\u0131\u015f Vakf\u0131 b\u00fcnyesinde kurulmu\u015f olan D\u0131\u015f Politika ve Bar\u0131\u015f Ara\u015ft\u0131rmalar\u0131 Merkezi&#8217;nin dergisidir. Derginin amac\u0131 d\u0131\u015f politika analizi, [&hellip;]<\/p>\n","protected":false},"author":1,"featured_media":0,"parent":0,"menu_order":0,"comment_status":"closed","ping_status":"closed","template":"","meta":{"_monsterinsights_skip_tracking":false,"_monsterinsights_sitenote_active":false,"_monsterinsights_sitenote_note":"","_monsterinsights_sitenote_category":0,"footnotes":""},"class_list":["post-323","page","type-page","status-publish","hentry"],"post_mailing_queue_ids":[],"_links":{"self":[{"href":"https:\/\/www.foreignpolicyandpeace.org\/index.php\/wp-json\/wp\/v2\/pages\/323","targetHints":{"allow":["GET"]}}],"collection":[{"href":"https:\/\/www.foreignpolicyandpeace.org\/index.php\/wp-json\/wp\/v2\/pages"}],"about":[{"href":"https:\/\/www.foreignpolicyandpeace.org\/index.php\/wp-json\/wp\/v2\/types\/page"}],"author":[{"embeddable":true,"href":"https:\/\/www.foreignpolicyandpeace.org\/index.php\/wp-json\/wp\/v2\/users\/1"}],"replies":[{"embeddable":true,"href":"https:\/\/www.foreignpolicyandpeace.org\/index.php\/wp-json\/wp\/v2\/comments?post=323"}],"version-history":[{"count":2,"href":"https:\/\/www.foreignpolicyandpeace.org\/index.php\/wp-json\/wp\/v2\/pages\/323\/revisions"}],"predecessor-version":[{"id":3032,"href":"https:\/\/www.foreignpolicyandpeace.org\/index.php\/wp-json\/wp\/v2\/pages\/323\/revisions\/3032"}],"wp:attachment":[{"href":"https:\/\/www.foreignpolicyandpeace.org\/index.php\/wp-json\/wp\/v2\/media?parent=323"}],"curies":[{"name":"wp","href":"https:\/\/api.w.org\/{rel}","templated":true}]}}