{"id":333,"date":"2016-09-04T15:52:09","date_gmt":"2016-09-04T12:52:09","guid":{"rendered":"http:\/\/fppr.ihsandemiray.com\/index.php\/?page_id=333"},"modified":"2023-08-18T11:27:43","modified_gmt":"2023-08-18T08:27:43","slug":"yazarlar-icin-rehber","status":"publish","type":"page","link":"https:\/\/www.foreignpolicyandpeace.org\/index.php\/tr\/yazarlar-icin-rehber\/","title":{"rendered":"Yazarlar i\u00e7in Rehber"},"content":{"rendered":"<p><strong>Yazarlar \u0130\u00e7in Rehber: <\/strong><\/p>\n<p style=\"text-align: justify;\">Yay\u0131na de\u011ferlendirilmesi i\u00e7in sunulan taslak yaz\u0131lar\u0131n a\u015fa\u011f\u0131da tarif edilen \u00f6zelliklere uymas\u0131 gerekir. G\u00f6nderilen yaz\u0131lar ayn\u0131 anda herhangi ba\u015fka bir yerde yay\u0131na sunulmamal\u0131, \u0130ngilizce olarak ba\u015fka yerde daha \u00f6nce yay\u0131nlanm\u0131\u015f olmamal\u0131d\u0131r. Ba\u015fka dilde daha \u00f6nce yay\u0131nlanan makaleler, g\u00fcncellenerek veya geli\u015ftirilerek de\u011ferlendirmeye sunulabilir. Bu durumdaki makaleler i\u00e7in yazar(lar) gerekli telif hakk\u0131 izinlerini bulmakla sorumludur.<\/p>\n<p style=\"text-align: justify;\"><em>Yaz\u0131 Stili:<\/em><\/p>\n<p>* Makaleler ileri seviyede akademik \u0130ngilizce ile yaz\u0131lm\u0131\u015f olmal\u0131d\u0131r.<br \/>\n* Taslak yaz\u0131lar Times New Roman 12 punto ile \u00e7ift sat\u0131r aral\u0131kl\u0131 yaz\u0131lmal\u0131d\u0131r.<br \/>\n* Taslak yaz\u0131lar Microsoft Word dosyas\u0131 veya Open Office Writer dosyas\u0131 olarak verilmelidir.<br \/>\n* Her bir makale yakla\u015f\u0131k 200 kelimelik T\u00fcrk\u00e7e ve \u0130ngilizce \u00f6zler ile birlikte verilmelidir.<br \/>\n* Yazarlar en fazla 5 anahtar kelime \u00f6nermelidir.<br \/>\n* All Azimuth i\u00e7in kesin bir kelime s\u0131n\u0131r\u0131 yoktur, ama \u00f6nerimiz, dipnotlar ve kaynak\u00e7a ile beraber en fazla 9000 kelimedir.<br \/>\n* Referans stili <a href=\"https:\/\/www.foreignpolicyandpeace.org\/wp-content\/uploads\/2016\/09\/chicago-manuel-style.pdf\"><em>Chicago Manual of Style<\/em><\/a>\u00a0dipnot-kaynak\u00e7a referans sistemine uymal\u0131d\u0131r.<br \/>\n* Taslak yaz\u0131lardaki ba\u015fl\u0131klar ve alt ba\u015fl\u0131klar numaraland\u0131r\u0131lmal\u0131d\u0131r. (\u00f6rn. 1. Giri\u015f, 2. Ba\u015fl\u0131k xxx, 2.1. Alt Ba\u015fl\u0131k xxx, vs.)<br \/>\n* Tablolar, grafikler ve \u015fekiller varsa, sunulan metin ana dosyas\u0131na dahil edilmelidir. Grafikler ve \u015fekiller GIF veya BMP formatlar\u0131ndan\u00a0birinde olmal\u0131d\u0131r. L\u00fctfen g\u00f6rsellerin A4 sayfas\u0131na s\u0131\u011facak ebatlarda\u00a0oldu\u011fundan emin olunuz.<br \/>\n* Tablolar, grafikler ve \u015fekillerin her biri s\u0131ras\u0131yla numaraland\u0131r\u0131lmal\u0131 ve metinde kullan\u0131lan ayn\u0131 s\u0131rayla e\u015fle\u015fmelidir.<\/p>\n<hr \/>\n<p><strong>T\u00fcrk\u00e7e Makale G\u00f6nderme Rehberi<\/strong><\/p>\n<p>&#8220;Merkez&#8221; ve &#8220;\u00e7evre&#8221; aras\u0131da akademik diyalo\u011fu te\u015fvik etmek, alanda temsil edilmeyen kavramsal yakla\u015f\u0131mlara yer vermek, \u00e7e\u015fitli konular ve ara\u015ft\u0131rma geleneklerinden yay\u0131nlar\u0131 te\u015fvik etmek amac\u0131yla, <em>All Azimuth<\/em> bundan sonra T\u00fcrk\u00e7e makaleleri de de\u011ferlendirmeye alacakt\u0131r.<\/p>\n<p><strong>T\u00fcrk\u00e7e Makale G\u00f6nderimi<\/strong><\/p>\n<p>T\u00fcrk\u00e7e makale g\u00f6ndermek isteyen yazarlar, \u00f6ncelikle makale fikrini 500 kelimeyi ge\u00e7meyecek bir \u00f6zetle birlikte [allazimuth@bilkent.edu.tr] adresi \u00fczerinden editoryal ofis ile ileti\u015fime ge\u00e7melidir. \u00d6zet, ara\u015ft\u0131rma sorusu, \u00e7al\u0131\u015fman\u0131n \u00f6nemi, metodoloji ve sonu\u00e7lar\u0131n\u0131 ve varsa etkilerini \u00f6zetlemelidir.<\/p>\n<p>Edit\u00f6ryal ofis taraf\u0131ndan de\u011ferli ve yay\u0131nlanabilir bulunan \u00f6zetler, tam makale g\u00f6nderimi i\u00e7in <u>davet edilecektir<\/u>. Bu prosed\u00fcr\u00fc takip etmeden do\u011frudan yap\u0131lan ba\u015fvurular reddedilecektir.<\/p>\n<p>Makalenin davet edilmesi, yay\u0131nlanaca\u011f\u0131na dair bir garanti de\u011fildir. Makaleler, ba\u011f\u0131ms\u0131z hakem de\u011ferlendirme s\u00fcrecinden ge\u00e7tikten sonra yay\u0131na uygun olup olmad\u0131\u011f\u0131 editoryal ofis taraf\u0131ndan karar verilecektir.<\/p>\n<p>Tam makale g\u00f6nderimi i\u00e7in davet edilen yazarlar, derginin genel kurallar\u0131na uygun bir \u015fekilde ba\u015fvurular\u0131n\u0131 tamamlamal\u0131d\u0131rlar.<\/p>\n<p>Bar\u0131\u015f, g\u00fcvenlik, \u00e7at\u0131\u015fma, kalk\u0131nma ve ilgili konulardaki akademik literat\u00fcre katk\u0131da bulunacak makale tekliflerinizi bekliyoruz. Herhangi bir soru veya a\u00e7\u0131klama i\u00e7in l\u00fctfen editoryal ofisle <img loading=\"lazy\" decoding=\"async\" class=\"size-full wp-image-2810 alignnone\" src=\"http:\/\/www.allazimuth.com\/wp-content\/uploads\/2018\/03\/email.png\" alt=\"\" width=\"168\" height=\"30\" \/>adresinden ileti\u015fime ge\u00e7ebilirsiniz.<\/p>\n<hr \/>\n<p><strong>Makale G\u00f6nderimi:\u00a0<\/strong><a href=\"https:\/\/goo.gl\/forms\/2gkvclR7VuiemKcq1\" target=\"_self\" class=\"medium btn default\">G\u00f6nderi Formu<\/a><\/p>\n<p>Ba\u015fvurularla ilgili sorular\u0131n\u0131z i\u00e7in:<br \/>\n<img loading=\"lazy\" decoding=\"async\" class=\"size-full wp-image-2810 alignleft\" style=\"font-size: 10.72px;\" src=\"http:\/\/www.allazimuth.com\/wp-content\/uploads\/2018\/03\/email.png\" alt=\"\" width=\"168\" height=\"30\" \/><\/p>\n<hr \/>\n<ul>\n<li><a href=\"https:\/\/www.foreignpolicyandpeace.org\/wp-content\/uploads\/2016\/09\/All-Azimuth-Referee-Form.docx\">Hakem Formu<\/a><\/li>\n<li><a href=\"https:\/\/www.foreignpolicyandpeace.org\/wp-content\/uploads\/2016\/09\/chicago-manuel-style.pdf\">Chicago Manual of Style<\/a><\/li>\n<li><a href=\"https:\/\/www.foreignpolicyandpeace.org\/wp-content\/uploads\/2016\/09\/AllAzimuth_CallforPapers.pdf\">Makale \u00c7a\u011fr\u0131s\u0131<\/a><\/li>\n<\/ul>\n","protected":false},"excerpt":{"rendered":"<p>Yazarlar \u0130\u00e7in Rehber: Yay\u0131na de\u011ferlendirilmesi i\u00e7in sunulan taslak yaz\u0131lar\u0131n a\u015fa\u011f\u0131da tarif edilen \u00f6zelliklere uymas\u0131 gerekir. G\u00f6nderilen yaz\u0131lar ayn\u0131 anda herhangi ba\u015fka bir yerde yay\u0131na sunulmamal\u0131, \u0130ngilizce olarak ba\u015fka yerde daha [&hellip;]<\/p>\n","protected":false},"author":1,"featured_media":0,"parent":0,"menu_order":0,"comment_status":"closed","ping_status":"closed","template":"","meta":{"_monsterinsights_skip_tracking":false,"_monsterinsights_sitenote_active":false,"_monsterinsights_sitenote_note":"","_monsterinsights_sitenote_category":0,"footnotes":""},"class_list":["post-333","page","type-page","status-publish","hentry"],"post_mailing_queue_ids":[],"_links":{"self":[{"href":"https:\/\/www.foreignpolicyandpeace.org\/index.php\/wp-json\/wp\/v2\/pages\/333","targetHints":{"allow":["GET"]}}],"collection":[{"href":"https:\/\/www.foreignpolicyandpeace.org\/index.php\/wp-json\/wp\/v2\/pages"}],"about":[{"href":"https:\/\/www.foreignpolicyandpeace.org\/index.php\/wp-json\/wp\/v2\/types\/page"}],"author":[{"embeddable":true,"href":"https:\/\/www.foreignpolicyandpeace.org\/index.php\/wp-json\/wp\/v2\/users\/1"}],"replies":[{"embeddable":true,"href":"https:\/\/www.foreignpolicyandpeace.org\/index.php\/wp-json\/wp\/v2\/comments?post=333"}],"version-history":[{"count":1,"href":"https:\/\/www.foreignpolicyandpeace.org\/index.php\/wp-json\/wp\/v2\/pages\/333\/revisions"}],"predecessor-version":[{"id":2867,"href":"https:\/\/www.foreignpolicyandpeace.org\/index.php\/wp-json\/wp\/v2\/pages\/333\/revisions\/2867"}],"wp:attachment":[{"href":"https:\/\/www.foreignpolicyandpeace.org\/index.php\/wp-json\/wp\/v2\/media?parent=333"}],"curies":[{"name":"wp","href":"https:\/\/api.w.org\/{rel}","templated":true}]}}