{"id":377,"date":"2016-09-04T16:52:46","date_gmt":"2016-09-04T13:52:46","guid":{"rendered":"http:\/\/fppr.ihsandemiray.com\/index.php\/?page_id=377"},"modified":"2016-09-04T17:20:53","modified_gmt":"2016-09-04T14:20:53","slug":"yonetim-kurulu","status":"publish","type":"page","link":"https:\/\/www.foreignpolicyandpeace.org\/index.php\/tr\/yonetim-kurulu\/","title":{"rendered":"Y\u00f6netim Kurulu"},"content":{"rendered":"<div id=\"aq-template-wrapper-381\" class=\"aq-template-wrapper aq_row\"><div id=\"aq-block-381-1\" class=\"aq-block aq-block-home_post_list_medium aq_span12 aq-first clearfix\">        <div class=\"widget post_list_medium_widget builder_listpost color-6\">\r\n        \t\t<div class=\"widget_container\">\r\n        \r\n           \r\n\r\n    <div class=\"post_list_medium_widget\"> \r\n    <div class=\"feature-post-list list-post-builder no-load-more-list-home loop-post-content appear_animation\">    \r\n    <div class=\"image_post feature-item loadmore_list_image\" style=\"display:none;\">\r\n                <a href=\"https:\/\/www.foreignpolicyandpeace.org\/index.php\/tr\/2016\/09\/prof-dr-meliha-altunisik-2\/\" class=\"feature-link\" title=\"Prof.Dr. Meliha Altun\u0131\u015f\u0131k\">              \r\n<img decoding=\"async\" class=\"no_feature_img\" alt=\"\" src=\"https:\/\/www.foreignpolicyandpeace.org\/wp-content\/themes\/nanomag\/img\/feature_img\/medium-feature.jpg\"><\/a>\r\n                     <\/div>\r\n\r\n<div class=\"post_loop_content\">\r\n<div class=\"meta_holder\">\r\n<div class=\"love_this_post_meta\"><a href=\"#\" class=\"jm-post-like\" data-post_id=\"1526\" title=\"Like\"><i class=\"fa fa-heart-o\"><\/i>Like<\/a><\/div><\/div>\r\n<h3 class=\"image-post-title feature_2col\"><a href=\"https:\/\/www.foreignpolicyandpeace.org\/index.php\/tr\/2016\/09\/prof-dr-meliha-altunisik-2\/\">Prof.Dr. Meliha Altun\u0131\u015f\u0131k<\/a><\/h3>      \r\n<p class=\"post-meta meta-main-img\"><span class=\"post-date\"><i class=\"fa fa-clock-o\"><\/i>Sep 08, 2016<\/span><\/p><p class=\"post_des\">Meliha Benli Altun\u0131\u015f\u0131k, Ankara Orta Do\u011fu Teknik \u00dcniversitesi Uluslararas\u0131 \u0130li\u015fkiler b\u00f6l\u00fcm\u00fcnde profes\u00f6r olmakla birlikte, Sosyal Bilimler Enstit\u00fcs\u00fc y\u00f6netim... <\/p>\r\n<a class=\"more_button_post\" href=\"https:\/\/www.foreignpolicyandpeace.org\/index.php\/tr\/2016\/09\/prof-dr-meliha-altunisik-2\/\">>><\/a>\r\n<div class=\"clearfix\"><\/div>\r\n<\/div>\r\n <\/div>\r\n    <\/div>\r\n         \r\n              \r\n                   \r\n\r\n    <div class=\"post_list_medium_widget\"> \r\n    <div class=\"feature-post-list list-post-builder no-load-more-list-home loop-post-content appear_animation\">    \r\n    <div class=\"image_post feature-item loadmore_list_image\" style=\"display:none;\">\r\n                <a href=\"https:\/\/www.foreignpolicyandpeace.org\/index.php\/tr\/2016\/09\/prof-dr-ersel-aydinli-2\/\" class=\"feature-link\" title=\"Prof.Dr. Ersel Ayd\u0131nl\u0131\">              \r\n<img decoding=\"async\" class=\"no_feature_img\" alt=\"\" src=\"https:\/\/www.foreignpolicyandpeace.org\/wp-content\/themes\/nanomag\/img\/feature_img\/medium-feature.jpg\"><\/a>\r\n                     <\/div>\r\n\r\n<div class=\"post_loop_content\">\r\n<div class=\"meta_holder\">\r\n<div class=\"love_this_post_meta\"><a href=\"#\" class=\"jm-post-like\" data-post_id=\"1532\" title=\"Like\"><i class=\"fa fa-heart-o\"><\/i>Like<\/a><\/div><\/div>\r\n<h3 class=\"image-post-title feature_2col\"><a href=\"https:\/\/www.foreignpolicyandpeace.org\/index.php\/tr\/2016\/09\/prof-dr-ersel-aydinli-2\/\">Prof.Dr. Ersel Ayd\u0131nl\u0131<\/a><\/h3>      \r\n<p class=\"post-meta meta-main-img\"><span class=\"post-date\"><i class=\"fa fa-clock-o\"><\/i>Sep 07, 2016<\/span><\/p><p class=\"post_des\">\u00a0Ersel Ayd\u0131nl\u0131, T\u00fcrkiye Fulbright Komisyonu\u2019nun genel direkt\u00f6r\u00fc ve Bilkent \u00dcniversitesi Uluslararas\u0131 \u0130li\u015fkiler b\u00f6l\u00fcm\u00fcnde profes\u00f6rd\u00fcr. \u00dc\u00e7 y\u0131l boyunca... <\/p>\r\n<a class=\"more_button_post\" href=\"https:\/\/www.foreignpolicyandpeace.org\/index.php\/tr\/2016\/09\/prof-dr-ersel-aydinli-2\/\">>><\/a>\r\n<div class=\"clearfix\"><\/div>\r\n<\/div>\r\n <\/div>\r\n    <\/div>\r\n         \r\n              \r\n                   \r\n\r\n    <div class=\"post_list_medium_widget\"> \r\n    <div class=\"feature-post-list list-post-builder no-load-more-list-home loop-post-content appear_animation\">    \r\n    <div class=\"image_post feature-item loadmore_list_image\" style=\"display:none;\">\r\n                <a href=\"https:\/\/www.foreignpolicyandpeace.org\/index.php\/tr\/2016\/09\/prof-dr-huseyin-bagci-2\/\" class=\"feature-link\" title=\"Prof.Dr. H\u00fcseyin Ba\u011fc\u0131\">              \r\n<img decoding=\"async\" class=\"no_feature_img\" alt=\"\" src=\"https:\/\/www.foreignpolicyandpeace.org\/wp-content\/themes\/nanomag\/img\/feature_img\/medium-feature.jpg\"><\/a>\r\n                     <\/div>\r\n\r\n<div class=\"post_loop_content\">\r\n<div class=\"meta_holder\">\r\n<div class=\"love_this_post_meta\"><a href=\"#\" class=\"jm-post-like\" data-post_id=\"1534\" title=\"Like\"><i class=\"fa fa-heart-o\"><\/i>Like<\/a><\/div><\/div>\r\n<h3 class=\"image-post-title feature_2col\"><a href=\"https:\/\/www.foreignpolicyandpeace.org\/index.php\/tr\/2016\/09\/prof-dr-huseyin-bagci-2\/\">Prof.Dr. H\u00fcseyin Ba\u011fc\u0131<\/a><\/h3>      \r\n<p class=\"post-meta meta-main-img\"><span class=\"post-date\"><i class=\"fa fa-clock-o\"><\/i>Sep 06, 2016<\/span><\/p><p class=\"post_des\">Prof. Dr. H\u00fcseyin Ba\u011fc\u0131 1959 y\u0131l\u0131nda Uzunk\u00f6pr\u00fc\/Edirne&#8217;de do\u011fdu. \u0130lk, orta ve lise \u00f6\u011frenimini Uzunk\u00f6pr\u00fc&#8217;de tamamlad\u0131ktan sonra 1979 y\u0131l\u0131nda... <\/p>\r\n<a class=\"more_button_post\" href=\"https:\/\/www.foreignpolicyandpeace.org\/index.php\/tr\/2016\/09\/prof-dr-huseyin-bagci-2\/\">>><\/a>\r\n<div class=\"clearfix\"><\/div>\r\n<\/div>\r\n <\/div>\r\n    <\/div>\r\n         \r\n              \r\n                   \r\n\r\n    <div class=\"post_list_medium_widget\"> \r\n    <div class=\"feature-post-list list-post-builder no-load-more-list-home loop-post-content appear_animation\">    \r\n    <div class=\"image_post feature-item loadmore_list_image\" style=\"display:none;\">\r\n                <a href=\"https:\/\/www.foreignpolicyandpeace.org\/index.php\/tr\/2016\/09\/prof-dr-pinar-bilgin\/\" class=\"feature-link\" title=\"Prof.Dr. P\u0131nar Bilgin\">              \r\n<img decoding=\"async\" class=\"no_feature_img\" alt=\"\" src=\"https:\/\/www.foreignpolicyandpeace.org\/wp-content\/themes\/nanomag\/img\/feature_img\/medium-feature.jpg\"><\/a>\r\n                     <\/div>\r\n\r\n<div class=\"post_loop_content\">\r\n<div class=\"meta_holder\">\r\n<div class=\"love_this_post_meta\"><a href=\"#\" class=\"jm-post-like\" data-post_id=\"1536\" title=\"Like\"><i class=\"fa fa-heart-o\"><\/i>Like<\/a><\/div><\/div>\r\n<h3 class=\"image-post-title feature_2col\"><a href=\"https:\/\/www.foreignpolicyandpeace.org\/index.php\/tr\/2016\/09\/prof-dr-pinar-bilgin\/\">Prof.Dr. P\u0131nar Bilgin<\/a><\/h3>      \r\n<p class=\"post-meta meta-main-img\"><span class=\"post-date\"><i class=\"fa fa-clock-o\"><\/i>Sep 05, 2016<\/span><\/p><p class=\"post_des\">P\u0131nar Bilgin specializes in critical approaches to Security Studies. She is the author of Regional Security in the Middle East: a Critical Perspective (Routledge,... <\/p>\r\n<a class=\"more_button_post\" href=\"https:\/\/www.foreignpolicyandpeace.org\/index.php\/tr\/2016\/09\/prof-dr-pinar-bilgin\/\">>><\/a>\r\n<div class=\"clearfix\"><\/div>\r\n<\/div>\r\n <\/div>\r\n    <\/div>\r\n         \r\n              \r\n                   \r\n\r\n    <div class=\"post_list_medium_widget\"> \r\n    <div class=\"feature-post-list list-post-builder no-load-more-list-home loop-post-content appear_animation\">    \r\n    <div class=\"image_post feature-item loadmore_list_image\" style=\"display:none;\">\r\n                <a href=\"https:\/\/www.foreignpolicyandpeace.org\/index.php\/tr\/2016\/09\/prof-dr-atila-eralp\/\" class=\"feature-link\" title=\"Prof.Dr. Atila Eralp\">              \r\n<img decoding=\"async\" class=\"no_feature_img\" alt=\"\" src=\"https:\/\/www.foreignpolicyandpeace.org\/wp-content\/themes\/nanomag\/img\/feature_img\/medium-feature.jpg\"><\/a>\r\n                     <\/div>\r\n\r\n<div class=\"post_loop_content\">\r\n<div class=\"meta_holder\">\r\n<div class=\"love_this_post_meta\"><a href=\"#\" class=\"jm-post-like\" data-post_id=\"391\" title=\"Like\"><i class=\"fa fa-heart-o\"><\/i>Like<\/a><\/div><\/div>\r\n<h3 class=\"image-post-title feature_2col\"><a href=\"https:\/\/www.foreignpolicyandpeace.org\/index.php\/tr\/2016\/09\/prof-dr-atila-eralp\/\">Prof.Dr. Atila Eralp<\/a><\/h3>      \r\n<p class=\"post-meta meta-main-img\"><span class=\"post-date\"><i class=\"fa fa-clock-o\"><\/i>Sep 04, 2016<\/span><\/p><p class=\"post_des\">Doktoras\u0131n\u0131 G\u00fcney Kaliforniya \u00dcniversitesi\u2019nden alan Eralp, ODT\u00dc Uluslararas\u0131 \u0130li\u015fkiler B\u00f6l\u00fcm\u00fc\u2019nde \u00f6\u011fretim \u00fcyesi olarak g\u00f6rev yapmaktad\u0131r. Ayn\u0131... <\/p>\r\n<a class=\"more_button_post\" href=\"https:\/\/www.foreignpolicyandpeace.org\/index.php\/tr\/2016\/09\/prof-dr-atila-eralp\/\">>><\/a>\r\n<div class=\"clearfix\"><\/div>\r\n<\/div>\r\n <\/div>\r\n    <\/div>\r\n         \r\n              \r\n                   \r\n\r\n    <div class=\"post_list_medium_widget\"> \r\n    <div class=\"feature-post-list list-post-builder no-load-more-list-home loop-post-content appear_animation\">    \r\n    <div class=\"image_post feature-item loadmore_list_image\" style=\"display:none;\">\r\n                <a href=\"https:\/\/www.foreignpolicyandpeace.org\/index.php\/tr\/2016\/09\/e-m-b-elci-onur-gokce\/\" class=\"feature-link\" title=\"E.m.B.El\u00e7i Onur G\u00f6k\u00e7e\">              \r\n<img decoding=\"async\" class=\"no_feature_img\" alt=\"\" src=\"https:\/\/www.foreignpolicyandpeace.org\/wp-content\/themes\/nanomag\/img\/feature_img\/medium-feature.jpg\"><\/a>\r\n                     <\/div>\r\n\r\n<div class=\"post_loop_content\">\r\n<div class=\"meta_holder\">\r\n<div class=\"love_this_post_meta\"><a href=\"#\" class=\"jm-post-like\" data-post_id=\"393\" title=\"Like\"><i class=\"fa fa-heart-o\"><\/i>Like<\/a><\/div><\/div>\r\n<h3 class=\"image-post-title feature_2col\"><a href=\"https:\/\/www.foreignpolicyandpeace.org\/index.php\/tr\/2016\/09\/e-m-b-elci-onur-gokce\/\">E.m.B.El\u00e7i Onur G\u00f6k\u00e7e<\/a><\/h3>      \r\n<p class=\"post-meta meta-main-img\"><span class=\"post-date\"><i class=\"fa fa-clock-o\"><\/i>Sep 04, 2016<\/span><\/p><p class=\"post_des\">B\u00fcy\u00fckel\u00e7i Onur G\u00f6k\u00e7e, ABD\u2019de Baltimore City College Lise\u2019si ve Washington D.C.\u2019de yerle\u015fik Georgetown \u00dcniversitesi\u2019nin Uluslararas\u0131 \u0130li\u015fkiler B\u00f6l\u00fcm\u00fc... <\/p>\r\n<a class=\"more_button_post\" href=\"https:\/\/www.foreignpolicyandpeace.org\/index.php\/tr\/2016\/09\/e-m-b-elci-onur-gokce\/\">>><\/a>\r\n<div class=\"clearfix\"><\/div>\r\n<\/div>\r\n <\/div>\r\n    <\/div>\r\n         \r\n              \r\n                   \r\n\r\n    <div class=\"post_list_medium_widget\"> \r\n    <div class=\"feature-post-list list-post-builder no-load-more-list-home loop-post-content appear_animation\">    \r\n    <div class=\"image_post feature-item loadmore_list_image\" style=\"display:none;\">\r\n                <a href=\"https:\/\/www.foreignpolicyandpeace.org\/index.php\/tr\/2016\/09\/prof-dr-ali-l-karaosmanoglu\/\" class=\"feature-link\" title=\"Prof.Dr. Ali L. Karaosmano\u011flu\">              \r\n<img decoding=\"async\" class=\"no_feature_img\" alt=\"\" src=\"https:\/\/www.foreignpolicyandpeace.org\/wp-content\/themes\/nanomag\/img\/feature_img\/medium-feature.jpg\"><\/a>\r\n                     <\/div>\r\n\r\n<div class=\"post_loop_content\">\r\n<div class=\"meta_holder\">\r\n<div class=\"love_this_post_meta\"><a href=\"#\" class=\"jm-post-like\" data-post_id=\"395\" title=\"Like\"><i class=\"fa fa-heart-o\"><\/i>Like<\/a><\/div><\/div>\r\n<h3 class=\"image-post-title feature_2col\"><a href=\"https:\/\/www.foreignpolicyandpeace.org\/index.php\/tr\/2016\/09\/prof-dr-ali-l-karaosmanoglu\/\">Prof.Dr. Ali L. Karaosmano\u011flu<\/a><\/h3>      \r\n<p class=\"post-meta meta-main-img\"><span class=\"post-date\"><i class=\"fa fa-clock-o\"><\/i>Sep 04, 2016<\/span><\/p><p class=\"post_des\">Prof. Dr. Ali L. Karaosmano\u011flu, Orta Do\u011fu Teknik \u00dcniversitesi ve Bo\u011fazi\u00e7i \u00dcniversitesinde \u00d6\u011fretim \u00fcyeli\u011fi g\u00f6revinde bulunmu\u015f ve 1988 y\u0131l\u0131ndan beri g\u00f6rev... <\/p>\r\n<a class=\"more_button_post\" href=\"https:\/\/www.foreignpolicyandpeace.org\/index.php\/tr\/2016\/09\/prof-dr-ali-l-karaosmanoglu\/\">>><\/a>\r\n<div class=\"clearfix\"><\/div>\r\n<\/div>\r\n <\/div>\r\n    <\/div>\r\n         \r\n              \r\n                   \r\n\r\n    <div class=\"post_list_medium_widget\"> \r\n    <div class=\"feature-post-list list-post-builder no-load-more-list-home loop-post-content appear_animation\">    \r\n    <div class=\"image_post feature-item loadmore_list_image\" style=\"display:none;\">\r\n                <a href=\"https:\/\/www.foreignpolicyandpeace.org\/index.php\/tr\/2016\/09\/doc-dr-nihat-ali-ozcan-2\/\" class=\"feature-link\" title=\"Do\u00e7.Dr. Nihat Ali \u00d6zcan\">              \r\n<img decoding=\"async\" class=\"no_feature_img\" alt=\"\" src=\"https:\/\/www.foreignpolicyandpeace.org\/wp-content\/themes\/nanomag\/img\/feature_img\/medium-feature.jpg\"><\/a>\r\n                     <\/div>\r\n\r\n<div class=\"post_loop_content\">\r\n<div class=\"meta_holder\">\r\n<div class=\"love_this_post_meta\"><a href=\"#\" class=\"jm-post-like\" data-post_id=\"1542\" title=\"Like\"><i class=\"fa fa-heart-o\"><\/i>Like<\/a><\/div><\/div>\r\n<h3 class=\"image-post-title feature_2col\"><a href=\"https:\/\/www.foreignpolicyandpeace.org\/index.php\/tr\/2016\/09\/doc-dr-nihat-ali-ozcan-2\/\">Do\u00e7.Dr. Nihat Ali \u00d6zcan<\/a><\/h3>      \r\n<p class=\"post-meta meta-main-img\"><span class=\"post-date\"><i class=\"fa fa-clock-o\"><\/i>Sep 03, 2016<\/span><\/p><p class=\"post_des\">Dr. Nihat Ali \u00d6zcan, Lisans E\u011fitimini, Kara Harp Okulu\/Ankara ve \u0130stanbul \u00dcniversitesi Hukuk Fak\u00fcltesinde tamamlad\u0131. Y\u00fcksek Lisans ve Doktora \u00e7al\u0131\u015fmas\u0131n\u0131 9... <\/p>\r\n<a class=\"more_button_post\" href=\"https:\/\/www.foreignpolicyandpeace.org\/index.php\/tr\/2016\/09\/doc-dr-nihat-ali-ozcan-2\/\">>><\/a>\r\n<div class=\"clearfix\"><\/div>\r\n<\/div>\r\n <\/div>\r\n    <\/div>\r\n         \r\n              \r\n                   \r\n\r\n    <div class=\"post_list_medium_widget\"> \r\n    <div class=\"feature-post-list list-post-builder no-load-more-list-home loop-post-content appear_animation\">    \r\n    <div class=\"image_post feature-item loadmore_list_image\" style=\"display:none;\">\r\n                <a href=\"https:\/\/www.foreignpolicyandpeace.org\/index.php\/tr\/2016\/09\/prof-dr-haluk-ozdemir-2\/\" class=\"feature-link\" title=\"Prof.Dr. Haluk \u00d6zdemir\">              \r\n<img decoding=\"async\" class=\"no_feature_img\" alt=\"\" src=\"https:\/\/www.foreignpolicyandpeace.org\/wp-content\/themes\/nanomag\/img\/feature_img\/medium-feature.jpg\"><\/a>\r\n                     <\/div>\r\n\r\n<div class=\"post_loop_content\">\r\n<div class=\"meta_holder\">\r\n<div class=\"love_this_post_meta\"><a href=\"#\" class=\"jm-post-like\" data-post_id=\"1556\" title=\"Like\"><i class=\"fa fa-heart-o\"><\/i>Like<\/a><\/div><\/div>\r\n<h3 class=\"image-post-title feature_2col\"><a href=\"https:\/\/www.foreignpolicyandpeace.org\/index.php\/tr\/2016\/09\/prof-dr-haluk-ozdemir-2\/\">Prof.Dr. Haluk \u00d6zdemir<\/a><\/h3>      \r\n<p class=\"post-meta meta-main-img\"><span class=\"post-date\"><i class=\"fa fa-clock-o\"><\/i>Sep 02, 2016<\/span><\/p><p class=\"post_des\">Haluk \u00d6zdemir 1971 y\u0131l\u0131nda Bafra\u2019da do\u011fdu. 1992 y\u0131l\u0131nda Ankara \u00dcniversitesi Siyasal Bilgiler Fak\u00fcltesi Uluslararas\u0131 \u0130li\u015fkiler B\u00f6l\u00fcm\u00fcn\u00fc bitirdi.... <\/p>\r\n<a class=\"more_button_post\" href=\"https:\/\/www.foreignpolicyandpeace.org\/index.php\/tr\/2016\/09\/prof-dr-haluk-ozdemir-2\/\">>><\/a>\r\n<div class=\"clearfix\"><\/div>\r\n<\/div>\r\n <\/div>\r\n    <\/div>\r\n         \r\n              \r\n                   \r\n\r\n    <div class=\"post_list_medium_widget\"> \r\n    <div class=\"feature-post-list list-post-builder no-load-more-list-home loop-post-content appear_animation\">    \r\n    <div class=\"image_post feature-item loadmore_list_image\" style=\"display:none;\">\r\n                <a href=\"https:\/\/www.foreignpolicyandpeace.org\/index.php\/tr\/2016\/09\/mahmut-sener\/\" class=\"feature-link\" title=\"Mahmut \u015eener\">              \r\n<img decoding=\"async\" class=\"no_feature_img\" alt=\"\" src=\"https:\/\/www.foreignpolicyandpeace.org\/wp-content\/themes\/nanomag\/img\/feature_img\/medium-feature.jpg\"><\/a>\r\n                     <\/div>\r\n\r\n<div class=\"post_loop_content\">\r\n<div class=\"meta_holder\">\r\n<div class=\"love_this_post_meta\"><a href=\"#\" class=\"jm-post-like\" data-post_id=\"1552\" title=\"Like\"><i class=\"fa fa-heart-o\"><\/i>Like<\/a><\/div><\/div>\r\n<h3 class=\"image-post-title feature_2col\"><a href=\"https:\/\/www.foreignpolicyandpeace.org\/index.php\/tr\/2016\/09\/mahmut-sener\/\">Mahmut \u015eener<\/a><\/h3>      \r\n<p class=\"post-meta meta-main-img\"><span class=\"post-date\"><i class=\"fa fa-clock-o\"><\/i>Sep 01, 2016<\/span><\/p><p class=\"post_des\">1992 y\u0131l\u0131nda Bilkent \u00dcniversitesi Uluslararas\u0131 \u0130li\u015fkiler B\u00f6l\u00fcm\u00fcnden mezun olan Mahmut \u015eener, 1994 y\u0131l\u0131nda Y\u00fcksek Lisans \u00e7al\u0131\u015fmas\u0131n\u0131 (German Ostpolitik... <\/p>\r\n<a class=\"more_button_post\" href=\"https:\/\/www.foreignpolicyandpeace.org\/index.php\/tr\/2016\/09\/mahmut-sener\/\">>><\/a>\r\n<div class=\"clearfix\"><\/div>\r\n<\/div>\r\n <\/div>\r\n    <\/div>\r\n         \r\n              \r\n                     \r\n        <\/div>\r\n        <\/div>\r\n     \r\n        <\/div><\/div>\n","protected":false},"excerpt":{"rendered":"","protected":false},"author":1,"featured_media":0,"parent":0,"menu_order":0,"comment_status":"closed","ping_status":"closed","template":"","meta":{"_monsterinsights_skip_tracking":false,"_monsterinsights_sitenote_active":false,"_monsterinsights_sitenote_note":"","_monsterinsights_sitenote_category":0,"footnotes":""},"class_list":["post-377","page","type-page","status-publish","hentry"],"post_mailing_queue_ids":[],"_links":{"self":[{"href":"https:\/\/www.foreignpolicyandpeace.org\/index.php\/wp-json\/wp\/v2\/pages\/377","targetHints":{"allow":["GET"]}}],"collection":[{"href":"https:\/\/www.foreignpolicyandpeace.org\/index.php\/wp-json\/wp\/v2\/pages"}],"about":[{"href":"https:\/\/www.foreignpolicyandpeace.org\/index.php\/wp-json\/wp\/v2\/types\/page"}],"author":[{"embeddable":true,"href":"https:\/\/www.foreignpolicyandpeace.org\/index.php\/wp-json\/wp\/v2\/users\/1"}],"replies":[{"embeddable":true,"href":"https:\/\/www.foreignpolicyandpeace.org\/index.php\/wp-json\/wp\/v2\/comments?post=377"}],"version-history":[{"count":0,"href":"https:\/\/www.foreignpolicyandpeace.org\/index.php\/wp-json\/wp\/v2\/pages\/377\/revisions"}],"wp:attachment":[{"href":"https:\/\/www.foreignpolicyandpeace.org\/index.php\/wp-json\/wp\/v2\/media?parent=377"}],"curies":[{"name":"wp","href":"https:\/\/api.w.org\/{rel}","templated":true}]}}