{"id":408,"date":"2016-09-04T17:42:49","date_gmt":"2016-09-04T14:42:49","guid":{"rendered":"http:\/\/fppr.ihsandemiray.com\/index.php\/?page_id=408"},"modified":"2016-09-04T17:44:27","modified_gmt":"2016-09-04T14:44:27","slug":"board-of-trustees","status":"publish","type":"page","link":"https:\/\/www.foreignpolicyandpeace.org\/index.php\/en\/board-of-trustees\/","title":{"rendered":"Board of Trustees"},"content":{"rendered":"<div id=\"aq-template-wrapper-407\" class=\"aq-template-wrapper aq_row\"><div id=\"aq-block-407-1\" class=\"aq-block aq-block-home_post_list_medium aq_span12 aq-first clearfix\">        <div class=\"widget post_list_medium_widget builder_listpost color-6\">\r\n        \t\t<div class=\"widget_container\">\r\n        \r\n           \r\n\r\n    <div class=\"post_list_medium_widget\"> \r\n    <div class=\"feature-post-list list-post-builder no-load-more-list-home loop-post-content appear_animation\">    \r\n    <div class=\"image_post feature-item loadmore_list_image\" style=\"display:none;\">\r\n                <a href=\"https:\/\/www.foreignpolicyandpeace.org\/index.php\/en\/2016\/09\/prof-dr-meliha-altunisik\/\" class=\"feature-link\" title=\"Prof.Dr. Meliha Altun\u0131\u015f\u0131k\">              \r\n<img decoding=\"async\" class=\"no_feature_img\" alt=\"\" src=\"https:\/\/www.foreignpolicyandpeace.org\/wp-content\/themes\/nanomag\/img\/feature_img\/medium-feature.jpg\"><\/a>\r\n                     <\/div>\r\n\r\n<div class=\"post_loop_content\">\r\n<div class=\"meta_holder\">\r\n<div class=\"love_this_post_meta\"><a href=\"#\" class=\"jm-post-like\" data-post_id=\"383\" title=\"Like\"><i class=\"fa fa-heart-o\"><\/i>Like<\/a><\/div><\/div>\r\n<h3 class=\"image-post-title feature_2col\"><a href=\"https:\/\/www.foreignpolicyandpeace.org\/index.php\/en\/2016\/09\/prof-dr-meliha-altunisik\/\">Prof.Dr. Meliha Altun\u0131\u015f\u0131k<\/a><\/h3>      \r\n<p class=\"post-meta meta-main-img\"><span class=\"post-date\"><i class=\"fa fa-clock-o\"><\/i>Sep 12, 2016<\/span><\/p><p class=\"post_des\">Meliha Benli Altun\u0131\u015f\u0131k is a Professor at the Department of International Relations, Middle East Technical University(METU), Ankara. She is currently also the Dean of... <\/p>\r\n<a class=\"more_button_post\" href=\"https:\/\/www.foreignpolicyandpeace.org\/index.php\/en\/2016\/09\/prof-dr-meliha-altunisik\/\">>><\/a>\r\n<div class=\"clearfix\"><\/div>\r\n<\/div>\r\n <\/div>\r\n    <\/div>\r\n         \r\n              \r\n                   \r\n\r\n    <div class=\"post_list_medium_widget\"> \r\n    <div class=\"feature-post-list list-post-builder no-load-more-list-home loop-post-content appear_animation\">    \r\n    <div class=\"image_post feature-item loadmore_list_image\" style=\"display:none;\">\r\n                <a href=\"https:\/\/www.foreignpolicyandpeace.org\/index.php\/en\/2016\/09\/prof-dr-ersel-aydinli\/\" class=\"feature-link\" title=\"Prof.Dr. Ersel Ayd\u0131nl\u0131\">              \r\n<img decoding=\"async\" class=\"no_feature_img\" alt=\"\" src=\"https:\/\/www.foreignpolicyandpeace.org\/wp-content\/themes\/nanomag\/img\/feature_img\/medium-feature.jpg\"><\/a>\r\n                     <\/div>\r\n\r\n<div class=\"post_loop_content\">\r\n<div class=\"meta_holder\">\r\n<div class=\"love_this_post_meta\"><a href=\"#\" class=\"jm-post-like\" data-post_id=\"385\" title=\"Like\"><i class=\"fa fa-heart-o\"><\/i>Like<\/a><\/div><\/div>\r\n<h3 class=\"image-post-title feature_2col\"><a href=\"https:\/\/www.foreignpolicyandpeace.org\/index.php\/en\/2016\/09\/prof-dr-ersel-aydinli\/\">Prof.Dr. Ersel Ayd\u0131nl\u0131<\/a><\/h3>      \r\n<p class=\"post-meta meta-main-img\"><span class=\"post-date\"><i class=\"fa fa-clock-o\"><\/i>Sep 11, 2016<\/span><\/p><p class=\"post_des\">Ersel Ayd\u0131nl\u0131 is Executive Director of the Turkish Fulbright Commission and Associate Professor in the Department of International Relations at Bilkent University in... <\/p>\r\n<a class=\"more_button_post\" href=\"https:\/\/www.foreignpolicyandpeace.org\/index.php\/en\/2016\/09\/prof-dr-ersel-aydinli\/\">>><\/a>\r\n<div class=\"clearfix\"><\/div>\r\n<\/div>\r\n <\/div>\r\n    <\/div>\r\n         \r\n              \r\n                   \r\n\r\n    <div class=\"post_list_medium_widget\"> \r\n    <div class=\"feature-post-list list-post-builder no-load-more-list-home loop-post-content appear_animation\">    \r\n    <div class=\"image_post feature-item loadmore_list_image\" style=\"display:none;\">\r\n                <a href=\"https:\/\/www.foreignpolicyandpeace.org\/index.php\/en\/2016\/09\/prof-dr-huseyin-bagci\/\" class=\"feature-link\" title=\"Prof.Dr. H\u00fcseyin Ba\u011fc\u0131\">              \r\n<img decoding=\"async\" class=\"no_feature_img\" alt=\"\" src=\"https:\/\/www.foreignpolicyandpeace.org\/wp-content\/themes\/nanomag\/img\/feature_img\/medium-feature.jpg\"><\/a>\r\n                     <\/div>\r\n\r\n<div class=\"post_loop_content\">\r\n<div class=\"meta_holder\">\r\n<div class=\"love_this_post_meta\"><a href=\"#\" class=\"jm-post-like\" data-post_id=\"387\" title=\"Like\"><i class=\"fa fa-heart-o\"><\/i>Like<\/a><\/div><\/div>\r\n<h3 class=\"image-post-title feature_2col\"><a href=\"https:\/\/www.foreignpolicyandpeace.org\/index.php\/en\/2016\/09\/prof-dr-huseyin-bagci\/\">Prof.Dr. H\u00fcseyin Ba\u011fc\u0131<\/a><\/h3>      \r\n<p class=\"post-meta meta-main-img\"><span class=\"post-date\"><i class=\"fa fa-clock-o\"><\/i>Sep 10, 2016<\/span><\/p><p class=\"post_des\">H\u00fcseyin Ba\u011fc\u0131 is a Professor of International Relations at Middle East Technical Universtiy in Ankara. In 1998, he received his Ph. D. in Political Science from the... <\/p>\r\n<a class=\"more_button_post\" href=\"https:\/\/www.foreignpolicyandpeace.org\/index.php\/en\/2016\/09\/prof-dr-huseyin-bagci\/\">>><\/a>\r\n<div class=\"clearfix\"><\/div>\r\n<\/div>\r\n <\/div>\r\n    <\/div>\r\n         \r\n              \r\n                   \r\n\r\n    <div class=\"post_list_medium_widget\"> \r\n    <div class=\"feature-post-list list-post-builder no-load-more-list-home loop-post-content appear_animation\">    \r\n    <div class=\"image_post feature-item loadmore_list_image\" style=\"display:none;\">\r\n                <a href=\"https:\/\/www.foreignpolicyandpeace.org\/index.php\/en\/2016\/09\/doc-dr-pinar-bilgin\/\" class=\"feature-link\" title=\"Prof.Dr. P\u0131nar Bilgin\">              \r\n<img decoding=\"async\" class=\"no_feature_img\" alt=\"\" src=\"https:\/\/www.foreignpolicyandpeace.org\/wp-content\/themes\/nanomag\/img\/feature_img\/medium-feature.jpg\"><\/a>\r\n                     <\/div>\r\n\r\n<div class=\"post_loop_content\">\r\n<div class=\"meta_holder\">\r\n<div class=\"love_this_post_meta\"><a href=\"#\" class=\"jm-post-like\" data-post_id=\"389\" title=\"Like\"><i class=\"fa fa-heart-o\"><\/i>Like<\/a><\/div><\/div>\r\n<h3 class=\"image-post-title feature_2col\"><a href=\"https:\/\/www.foreignpolicyandpeace.org\/index.php\/en\/2016\/09\/doc-dr-pinar-bilgin\/\">Prof.Dr. P\u0131nar Bilgin<\/a><\/h3>      \r\n<p class=\"post-meta meta-main-img\"><span class=\"post-date\"><i class=\"fa fa-clock-o\"><\/i>Sep 09, 2016<\/span><\/p><p class=\"post_des\">P\u0131nar Bilgin specializes in critical approaches to Security Studies. She is the author of Regional Security in the Middle East: a Critical Perspective (Routledge,... <\/p>\r\n<a class=\"more_button_post\" href=\"https:\/\/www.foreignpolicyandpeace.org\/index.php\/en\/2016\/09\/doc-dr-pinar-bilgin\/\">>><\/a>\r\n<div class=\"clearfix\"><\/div>\r\n<\/div>\r\n <\/div>\r\n    <\/div>\r\n         \r\n              \r\n                   \r\n\r\n    <div class=\"post_list_medium_widget\"> \r\n    <div class=\"feature-post-list list-post-builder no-load-more-list-home loop-post-content appear_animation\">    \r\n    <div class=\"image_post feature-item loadmore_list_image\" style=\"display:none;\">\r\n                <a href=\"https:\/\/www.foreignpolicyandpeace.org\/index.php\/en\/2016\/09\/prof-dr-atila-eralp-2\/\" class=\"feature-link\" title=\"Prof.Dr. Atila Eralp\">              \r\n<img decoding=\"async\" class=\"no_feature_img\" alt=\"\" src=\"https:\/\/www.foreignpolicyandpeace.org\/wp-content\/themes\/nanomag\/img\/feature_img\/medium-feature.jpg\"><\/a>\r\n                     <\/div>\r\n\r\n<div class=\"post_loop_content\">\r\n<div class=\"meta_holder\">\r\n<div class=\"love_this_post_meta\"><a href=\"#\" class=\"jm-post-like\" data-post_id=\"1528\" title=\"Like\"><i class=\"fa fa-heart-o\"><\/i>Like<\/a><\/div><\/div>\r\n<h3 class=\"image-post-title feature_2col\"><a href=\"https:\/\/www.foreignpolicyandpeace.org\/index.php\/en\/2016\/09\/prof-dr-atila-eralp-2\/\">Prof.Dr. Atila Eralp<\/a><\/h3>      \r\n<p class=\"post-meta meta-main-img\"><span class=\"post-date\"><i class=\"fa fa-clock-o\"><\/i>Sep 08, 2016<\/span><\/p><p class=\"post_des\">Atila Eralp is Director of the Center for European Studies at the Middle East Technical University in Ankara and Jean Monnet Chair on Politics of European Integration.... <\/p>\r\n<a class=\"more_button_post\" href=\"https:\/\/www.foreignpolicyandpeace.org\/index.php\/en\/2016\/09\/prof-dr-atila-eralp-2\/\">>><\/a>\r\n<div class=\"clearfix\"><\/div>\r\n<\/div>\r\n <\/div>\r\n    <\/div>\r\n         \r\n              \r\n                   \r\n\r\n    <div class=\"post_list_medium_widget\"> \r\n    <div class=\"feature-post-list list-post-builder no-load-more-list-home loop-post-content appear_animation\">    \r\n    <div class=\"image_post feature-item loadmore_list_image\" style=\"display:none;\">\r\n                <a href=\"https:\/\/www.foreignpolicyandpeace.org\/index.php\/en\/2016\/09\/ret-amb-onur-gokce\/\" class=\"feature-link\" title=\"Ret. Amb. Onur G\u00f6k\u00e7e\">              \r\n<img decoding=\"async\" class=\"no_feature_img\" alt=\"\" src=\"https:\/\/www.foreignpolicyandpeace.org\/wp-content\/themes\/nanomag\/img\/feature_img\/medium-feature.jpg\"><\/a>\r\n                     <\/div>\r\n\r\n<div class=\"post_loop_content\">\r\n<div class=\"meta_holder\">\r\n<div class=\"love_this_post_meta\"><a href=\"#\" class=\"jm-post-like\" data-post_id=\"1530\" title=\"Like\"><i class=\"fa fa-heart-o\"><\/i>Like<\/a><\/div><\/div>\r\n<h3 class=\"image-post-title feature_2col\"><a href=\"https:\/\/www.foreignpolicyandpeace.org\/index.php\/en\/2016\/09\/ret-amb-onur-gokce\/\">Ret. Amb. Onur G\u00f6k\u00e7e<\/a><\/h3>      \r\n<p class=\"post-meta meta-main-img\"><span class=\"post-date\"><i class=\"fa fa-clock-o\"><\/i>Sep 07, 2016<\/span><\/p><p class=\"post_des\">Ambassador G\u00f6k\u00e7e has studied in the USA at Baltimore City College, Georgetown University and in the Faculty of Political Science of Ankara University, majoring in... <\/p>\r\n<a class=\"more_button_post\" href=\"https:\/\/www.foreignpolicyandpeace.org\/index.php\/en\/2016\/09\/ret-amb-onur-gokce\/\">>><\/a>\r\n<div class=\"clearfix\"><\/div>\r\n<\/div>\r\n <\/div>\r\n    <\/div>\r\n         \r\n              \r\n                   \r\n\r\n    <div class=\"post_list_medium_widget\"> \r\n    <div class=\"feature-post-list list-post-builder no-load-more-list-home loop-post-content appear_animation\">    \r\n    <div class=\"image_post feature-item loadmore_list_image\" style=\"display:none;\">\r\n                <a href=\"https:\/\/www.foreignpolicyandpeace.org\/index.php\/en\/2016\/09\/prof-dr-ali-l-karaosmanoglu-2\/\" class=\"feature-link\" title=\"Prof.Dr. Ali L. Karaosmano\u011flu\">              \r\n<img decoding=\"async\" class=\"no_feature_img\" alt=\"\" src=\"https:\/\/www.foreignpolicyandpeace.org\/wp-content\/themes\/nanomag\/img\/feature_img\/medium-feature.jpg\"><\/a>\r\n                     <\/div>\r\n\r\n<div class=\"post_loop_content\">\r\n<div class=\"meta_holder\">\r\n<div class=\"love_this_post_meta\"><a href=\"#\" class=\"jm-post-like\" data-post_id=\"1539\" title=\"Like\"><i class=\"fa fa-heart-o\"><\/i>Like<\/a><\/div><\/div>\r\n<h3 class=\"image-post-title feature_2col\"><a href=\"https:\/\/www.foreignpolicyandpeace.org\/index.php\/en\/2016\/09\/prof-dr-ali-l-karaosmanoglu-2\/\">Prof.Dr. Ali L. Karaosmano\u011flu<\/a><\/h3>      \r\n<p class=\"post-meta meta-main-img\"><span class=\"post-date\"><i class=\"fa fa-clock-o\"><\/i>Sep 06, 2016<\/span><\/p><p class=\"post_des\">Ali L. Karaosmanoglu is Professor Emeritus, Department of International Relations, Bilkent University. He is Director of the Foreign Policy and Peace Research Center of... <\/p>\r\n<a class=\"more_button_post\" href=\"https:\/\/www.foreignpolicyandpeace.org\/index.php\/en\/2016\/09\/prof-dr-ali-l-karaosmanoglu-2\/\">>><\/a>\r\n<div class=\"clearfix\"><\/div>\r\n<\/div>\r\n <\/div>\r\n    <\/div>\r\n         \r\n              \r\n                   \r\n\r\n    <div class=\"post_list_medium_widget\"> \r\n    <div class=\"feature-post-list list-post-builder no-load-more-list-home loop-post-content appear_animation\">    \r\n    <div class=\"image_post feature-item loadmore_list_image\" style=\"display:none;\">\r\n                <a href=\"https:\/\/www.foreignpolicyandpeace.org\/index.php\/en\/2016\/09\/doc-dr-nihat-ali-ozcan\/\" class=\"feature-link\" title=\"Dr. Nihat Ali \u00d6zcan\">              \r\n<img decoding=\"async\" class=\"no_feature_img\" alt=\"\" src=\"https:\/\/www.foreignpolicyandpeace.org\/wp-content\/themes\/nanomag\/img\/feature_img\/medium-feature.jpg\"><\/a>\r\n                     <\/div>\r\n\r\n<div class=\"post_loop_content\">\r\n<div class=\"meta_holder\">\r\n<div class=\"love_this_post_meta\"><a href=\"#\" class=\"jm-post-like\" data-post_id=\"399\" title=\"Like\"><i class=\"fa fa-heart-o\"><\/i>Like<\/a><\/div><\/div>\r\n<h3 class=\"image-post-title feature_2col\"><a href=\"https:\/\/www.foreignpolicyandpeace.org\/index.php\/en\/2016\/09\/doc-dr-nihat-ali-ozcan\/\">Dr. Nihat Ali \u00d6zcan<\/a><\/h3>      \r\n<p class=\"post-meta meta-main-img\"><span class=\"post-date\"><i class=\"fa fa-clock-o\"><\/i>Sep 04, 2016<\/span><\/p><p class=\"post_des\">Dr. Nihat Ali \u00d6zcan received his Bachelors degree both from the Military Academy\/Ankara and Istanbul University Faculty of Law. Dr. \u00d6zcan holds a Master and D.Phil.... <\/p>\r\n<a class=\"more_button_post\" href=\"https:\/\/www.foreignpolicyandpeace.org\/index.php\/en\/2016\/09\/doc-dr-nihat-ali-ozcan\/\">>><\/a>\r\n<div class=\"clearfix\"><\/div>\r\n<\/div>\r\n <\/div>\r\n    <\/div>\r\n         \r\n              \r\n                   \r\n\r\n    <div class=\"post_list_medium_widget\"> \r\n    <div class=\"feature-post-list list-post-builder no-load-more-list-home loop-post-content appear_animation\">    \r\n    <div class=\"image_post feature-item loadmore_list_image\" style=\"display:none;\">\r\n                <a href=\"https:\/\/www.foreignpolicyandpeace.org\/index.php\/en\/2016\/09\/prof-dr-haluk-ozdemir\/\" class=\"feature-link\" title=\"Prof.Dr. Haluk \u00d6zdemir\">              \r\n<img decoding=\"async\" class=\"no_feature_img\" alt=\"\" src=\"https:\/\/www.foreignpolicyandpeace.org\/wp-content\/themes\/nanomag\/img\/feature_img\/medium-feature.jpg\"><\/a>\r\n                     <\/div>\r\n\r\n<div class=\"post_loop_content\">\r\n<div class=\"meta_holder\">\r\n<div class=\"love_this_post_meta\"><a href=\"#\" class=\"jm-post-like\" data-post_id=\"401\" title=\"Like\"><i class=\"fa fa-heart-o\"><\/i>Like<\/a><\/div><\/div>\r\n<h3 class=\"image-post-title feature_2col\"><a href=\"https:\/\/www.foreignpolicyandpeace.org\/index.php\/en\/2016\/09\/prof-dr-haluk-ozdemir\/\">Prof.Dr. Haluk \u00d6zdemir<\/a><\/h3>      \r\n<p class=\"post-meta meta-main-img\"><span class=\"post-date\"><i class=\"fa fa-clock-o\"><\/i>Sep 04, 2016<\/span><\/p><p class=\"post_des\">Haluk \u00d6zdemir was born in Bafra, Turkey in 1971. He graduated from Ankara University, Department of International Relations in 1992. Later he went to the US to continue... <\/p>\r\n<a class=\"more_button_post\" href=\"https:\/\/www.foreignpolicyandpeace.org\/index.php\/en\/2016\/09\/prof-dr-haluk-ozdemir\/\">>><\/a>\r\n<div class=\"clearfix\"><\/div>\r\n<\/div>\r\n <\/div>\r\n    <\/div>\r\n         \r\n              \r\n                   \r\n\r\n    <div class=\"post_list_medium_widget\"> \r\n    <div class=\"feature-post-list list-post-builder no-load-more-list-home loop-post-content appear_animation\">    \r\n    <div class=\"image_post feature-item loadmore_list_image\" style=\"display:none;\">\r\n                <a href=\"https:\/\/www.foreignpolicyandpeace.org\/index.php\/en\/2016\/09\/mahmut-sener-2\/\" class=\"feature-link\" title=\"Mahmut \u015eener\">              \r\n<img decoding=\"async\" class=\"no_feature_img\" alt=\"\" src=\"https:\/\/www.foreignpolicyandpeace.org\/wp-content\/themes\/nanomag\/img\/feature_img\/medium-feature.jpg\"><\/a>\r\n                     <\/div>\r\n\r\n<div class=\"post_loop_content\">\r\n<div class=\"meta_holder\">\r\n<div class=\"love_this_post_meta\"><a href=\"#\" class=\"jm-post-like\" data-post_id=\"1547\" title=\"Like\"><i class=\"fa fa-heart-o\"><\/i>Like<\/a><\/div><\/div>\r\n<h3 class=\"image-post-title feature_2col\"><a href=\"https:\/\/www.foreignpolicyandpeace.org\/index.php\/en\/2016\/09\/mahmut-sener-2\/\">Mahmut \u015eener<\/a><\/h3>      \r\n<p class=\"post-meta meta-main-img\"><span class=\"post-date\"><i class=\"fa fa-clock-o\"><\/i>Sep 01, 2016<\/span><\/p><p class=\"post_des\">After he graduated from the International Relations Depatment of the Bilkent University in 1992, Mahmut \u015eener completed his MS on \u201cGerman Ostpolitik Before and After... <\/p>\r\n<a class=\"more_button_post\" href=\"https:\/\/www.foreignpolicyandpeace.org\/index.php\/en\/2016\/09\/mahmut-sener-2\/\">>><\/a>\r\n<div class=\"clearfix\"><\/div>\r\n<\/div>\r\n <\/div>\r\n    <\/div>\r\n         \r\n              \r\n                     \r\n        <\/div>\r\n        <\/div>\r\n     \r\n        <\/div><\/div>\n","protected":false},"excerpt":{"rendered":"","protected":false},"author":1,"featured_media":0,"parent":0,"menu_order":0,"comment_status":"closed","ping_status":"closed","template":"","meta":{"_monsterinsights_skip_tracking":false,"_monsterinsights_sitenote_active":false,"_monsterinsights_sitenote_note":"","_monsterinsights_sitenote_category":0,"footnotes":""},"class_list":["post-408","page","type-page","status-publish","hentry"],"post_mailing_queue_ids":[],"_links":{"self":[{"href":"https:\/\/www.foreignpolicyandpeace.org\/index.php\/wp-json\/wp\/v2\/pages\/408","targetHints":{"allow":["GET"]}}],"collection":[{"href":"https:\/\/www.foreignpolicyandpeace.org\/index.php\/wp-json\/wp\/v2\/pages"}],"about":[{"href":"https:\/\/www.foreignpolicyandpeace.org\/index.php\/wp-json\/wp\/v2\/types\/page"}],"author":[{"embeddable":true,"href":"https:\/\/www.foreignpolicyandpeace.org\/index.php\/wp-json\/wp\/v2\/users\/1"}],"replies":[{"embeddable":true,"href":"https:\/\/www.foreignpolicyandpeace.org\/index.php\/wp-json\/wp\/v2\/comments?post=408"}],"version-history":[{"count":0,"href":"https:\/\/www.foreignpolicyandpeace.org\/index.php\/wp-json\/wp\/v2\/pages\/408\/revisions"}],"wp:attachment":[{"href":"https:\/\/www.foreignpolicyandpeace.org\/index.php\/wp-json\/wp\/v2\/media?parent=408"}],"curies":[{"name":"wp","href":"https:\/\/api.w.org\/{rel}","templated":true}]}}