{"id":426,"date":"2016-09-05T02:45:00","date_gmt":"2016-09-04T23:45:00","guid":{"rendered":"http:\/\/fppr.ihsandemiray.com\/index.php\/?page_id=426"},"modified":"2025-08-26T10:13:22","modified_gmt":"2025-08-26T07:13:22","slug":"kadromuz","status":"publish","type":"page","link":"https:\/\/www.foreignpolicyandpeace.org\/index.php\/tr\/kadromuz\/","title":{"rendered":"Kadromuz"},"content":{"rendered":"<div id=\"aq-template-wrapper-428\" class=\"aq-template-wrapper aq_row\"><div id=\"aq-block-428-1\" class=\"aq-block aq-block-home_post_two_columns_list aq_span12 aq-first clearfix\">        <div class=\"widget two_columns_post builder_two_cols\">\r\n        <div class=\"feature-two-column list-col1-home left-post-display-content margin-left-post color-1\">\r\n                <div class=\"wrap_box_style_ul\">\r\n        <ul class=\"feature-post-list\">\r\n\r\n   \r\n   <li class=\"appear_animation\">\r\n   <a  href=\"https:\/\/www.foreignpolicyandpeace.org\/index.php\/tr\/2024\/08\/prof-dr-ali-l-karaosmanoglu-baskan\/\" class=\"feature-image-link image_post\" title=\"Prof. Dr. Ali L. Karaosmano\u011flu &#8211; Ba\u015fkan\">              \r\n<img loading=\"lazy\" decoding=\"async\" width=\"100\" height=\"75\" src=\"https:\/\/www.foreignpolicyandpeace.org\/wp-content\/uploads\/2016\/10\/alikaraosmanoglu-100x75.jpg\" class=\"attachment-small-feature size-small-feature wp-post-image\" alt=\"\" \/><\/a>\r\n<div class=\"item-details\">\r\n     <h3 class=\"feature-post-title\"><a href=\"https:\/\/www.foreignpolicyandpeace.org\/index.php\/tr\/2024\/08\/prof-dr-ali-l-karaosmanoglu-baskan\/\">Prof. Dr. Ali L. Karaosmano\u011flu &#8211; Ba\u015fkan<\/a><\/h3>\r\n  <p class=\"post-meta meta-main-img\"><span class=\"post-date\"><i class=\"fa fa-clock-o\"><\/i>Aug 28, 2024<\/span><\/p>   <\/div>\r\n   <div class=\"clearfix\"><\/div>\r\n   <\/li>\r\n\r\n  \r\n\r\n       \r\n   <li class=\"appear_animation\">\r\n   <a  href=\"https:\/\/www.foreignpolicyandpeace.org\/index.php\/tr\/2024\/08\/prof-dr-ersel-aydinli-genel-koordinator-ve-baskan-yardimcisi\/\" class=\"feature-image-link image_post\" title=\"Prof. Dr. Ersel Ayd\u0131nl\u0131 &#8211; Genel Koordinat\u00f6r ve Ba\u015fkan Yard\u0131mc\u0131s\u0131\">              \r\n<img loading=\"lazy\" decoding=\"async\" width=\"100\" height=\"75\" src=\"https:\/\/www.foreignpolicyandpeace.org\/wp-content\/uploads\/2016\/10\/erselaydinli-100x75.jpg\" class=\"attachment-small-feature size-small-feature wp-post-image\" alt=\"\" \/><\/a>\r\n<div class=\"item-details\">\r\n     <h3 class=\"feature-post-title\"><a href=\"https:\/\/www.foreignpolicyandpeace.org\/index.php\/tr\/2024\/08\/prof-dr-ersel-aydinli-genel-koordinator-ve-baskan-yardimcisi\/\">Prof. Dr. Ersel Ayd\u0131nl\u0131 &#8211; Genel Koordinat\u00f6r ve Ba\u015fkan Yard\u0131mc\u0131s\u0131<\/a><\/h3>\r\n  <p class=\"post-meta meta-main-img\"><span class=\"post-date\"><i class=\"fa fa-clock-o\"><\/i>Aug 27, 2024<\/span><\/p>   <\/div>\r\n   <div class=\"clearfix\"><\/div>\r\n   <\/li>\r\n\r\n  \r\n\r\n       \r\n   <li class=\"appear_animation\">\r\n   <a  href=\"https:\/\/www.foreignpolicyandpeace.org\/index.php\/tr\/2024\/08\/dr-ozgur-ozdamar-arastirmalar-direktoru-ve-kidemli-arastirmaci\/\" class=\"feature-image-link image_post\" title=\"Prof. Dr. \u00d6zg\u00fcr \u00d6zdamar &#8211; K\u0131demli Ara\u015ft\u0131rmac\u0131\">              \r\n<img loading=\"lazy\" decoding=\"async\" width=\"100\" height=\"75\" src=\"https:\/\/www.foreignpolicyandpeace.org\/wp-content\/uploads\/2016\/10\/ozgurozdamar-100x75.jpg\" class=\"attachment-small-feature size-small-feature wp-post-image\" alt=\"\" \/><\/a>\r\n<div class=\"item-details\">\r\n     <h3 class=\"feature-post-title\"><a href=\"https:\/\/www.foreignpolicyandpeace.org\/index.php\/tr\/2024\/08\/dr-ozgur-ozdamar-arastirmalar-direktoru-ve-kidemli-arastirmaci\/\">Prof. Dr. \u00d6zg\u00fcr \u00d6zdamar &#8211; K\u0131demli Ara\u015ft\u0131rmac\u0131<\/a><\/h3>\r\n  <p class=\"post-meta meta-main-img\"><span class=\"post-date\"><i class=\"fa fa-clock-o\"><\/i>Aug 26, 2024<\/span><\/p>   <\/div>\r\n   <div class=\"clearfix\"><\/div>\r\n   <\/li>\r\n\r\n  \r\n\r\n       \r\n   <li class=\"appear_animation\">\r\n   <a  href=\"https:\/\/www.foreignpolicyandpeace.org\/index.php\/tr\/2024\/08\/assoc-prof-dr-julie-mathews-egitim-ve-baris-projesi-koordinatoru-ve-kidemli-arastirmaci\/\" class=\"feature-image-link image_post\" title=\"Prof. Dr. Julie Mathews &#8211; K\u0131demli Ara\u015ft\u0131rmac\u0131\/Dan\u0131\u015fman\">              \r\n<img loading=\"lazy\" decoding=\"async\" width=\"100\" height=\"75\" src=\"https:\/\/www.foreignpolicyandpeace.org\/wp-content\/uploads\/2016\/10\/jmaydinli-100x75.jpg\" class=\"attachment-small-feature size-small-feature wp-post-image\" alt=\"\" \/><\/a>\r\n<div class=\"item-details\">\r\n     <h3 class=\"feature-post-title\"><a href=\"https:\/\/www.foreignpolicyandpeace.org\/index.php\/tr\/2024\/08\/assoc-prof-dr-julie-mathews-egitim-ve-baris-projesi-koordinatoru-ve-kidemli-arastirmaci\/\">Prof. Dr. Julie Mathews &#8211; K\u0131demli Ara\u015ft\u0131rmac\u0131\/Dan\u0131\u015fman<\/a><\/h3>\r\n  <p class=\"post-meta meta-main-img\"><span class=\"post-date\"><i class=\"fa fa-clock-o\"><\/i>Aug 25, 2024<\/span><\/p>   <\/div>\r\n   <div class=\"clearfix\"><\/div>\r\n   <\/li>\r\n\r\n  \r\n\r\n       \r\n   <li class=\"appear_animation\">\r\n   <a  href=\"https:\/\/www.foreignpolicyandpeace.org\/index.php\/tr\/2024\/08\/seckin-kostem-doktora-arastirma-gorevlisi\/\" class=\"feature-image-link image_post\" title=\"Do\u00e7. Dr. Se\u00e7kin K\u00f6stem-Etkinlik Koordinat\u00f6r\u00fc\">              \r\n<img loading=\"lazy\" decoding=\"async\" width=\"100\" height=\"75\" src=\"https:\/\/www.foreignpolicyandpeace.org\/wp-content\/uploads\/2016\/10\/seckinkostem-100x75.jpg\" class=\"attachment-small-feature size-small-feature wp-post-image\" alt=\"\" \/><\/a>\r\n<div class=\"item-details\">\r\n     <h3 class=\"feature-post-title\"><a href=\"https:\/\/www.foreignpolicyandpeace.org\/index.php\/tr\/2024\/08\/seckin-kostem-doktora-arastirma-gorevlisi\/\">Do\u00e7. Dr. Se\u00e7kin K\u00f6stem-Etkinlik Koordinat\u00f6r\u00fc<\/a><\/h3>\r\n  <p class=\"post-meta meta-main-img\"><span class=\"post-date\"><i class=\"fa fa-clock-o\"><\/i>Aug 24, 2024<\/span><\/p>   <\/div>\r\n   <div class=\"clearfix\"><\/div>\r\n   <\/li>\r\n\r\n  \r\n\r\n       \r\n   <li class=\"appear_animation\">\r\n   <a  href=\"https:\/\/www.foreignpolicyandpeace.org\/index.php\/tr\/2024\/08\/omer-deniz-ozdemir-2\/\" class=\"feature-image-link image_post\" title=\"\u00d6mer Deniz \u00d6zdemir &#8211; Ara\u015ft\u0131rmac\u0131\">              \r\n<img loading=\"lazy\" decoding=\"async\" width=\"100\" height=\"75\" src=\"https:\/\/www.foreignpolicyandpeace.org\/wp-content\/uploads\/2024\/12\/image-5-100x75.png\" class=\"attachment-small-feature size-small-feature wp-post-image\" alt=\"\" \/><\/a>\r\n<div class=\"item-details\">\r\n     <h3 class=\"feature-post-title\"><a href=\"https:\/\/www.foreignpolicyandpeace.org\/index.php\/tr\/2024\/08\/omer-deniz-ozdemir-2\/\">\u00d6mer Deniz \u00d6zdemir &#8211; Ara\u015ft\u0131rmac\u0131<\/a><\/h3>\r\n  <p class=\"post-meta meta-main-img\"><span class=\"post-date\"><i class=\"fa fa-clock-o\"><\/i>Aug 08, 2024<\/span><\/p>   <\/div>\r\n   <div class=\"clearfix\"><\/div>\r\n   <\/li>\r\n\r\n  \r\n\r\n     <\/ul>     <\/div>      \r\n       \r\n        <\/div>\r\n\r\n          <div class=\"feature-two-column right-post-display-content color-12\">\r\n    <div class=\"wrap_box_style_ul\">\r\n  <ul class=\"feature-post-list\"> \r\n\r\n   \r\n\r\n   <li class=\"appear_animation\">\r\n   <a  href=\"https:\/\/www.foreignpolicyandpeace.org\/index.php\/tr\/2024\/08\/dr-efe-tokdemir\/\" class=\"feature-image-link image_post\" title=\"Do\u00e7. Dr. Efe Tokdemir -Ara\u015ft\u0131rmalar Direkt\u00f6r\u00fc\">              \r\n<img loading=\"lazy\" decoding=\"async\" width=\"100\" height=\"75\" src=\"https:\/\/www.foreignpolicyandpeace.org\/wp-content\/uploads\/2020\/04\/IMG_7019_efe-e1587990060513-100x75.jpg\" class=\"attachment-small-feature size-small-feature wp-post-image\" alt=\"\" \/><\/a>\r\n   <div class=\"item-details\">\r\n       <h3 class=\"feature-post-title\"><a href=\"https:\/\/www.foreignpolicyandpeace.org\/index.php\/tr\/2024\/08\/dr-efe-tokdemir\/\">Do\u00e7. Dr. Efe Tokdemir -Ara\u015ft\u0131rmalar Direkt\u00f6r\u00fc<\/a><\/h3>\r\n   <p class=\"post-meta meta-main-img\"><span class=\"post-date\"><i class=\"fa fa-clock-o\"><\/i>Aug 28, 2024<\/span><\/p>   <\/div>\r\n   <div class=\"clearfix\"><\/div>\r\n   <\/li>\r\n       \r\n\r\n   <li class=\"appear_animation\">\r\n   <a  href=\"https:\/\/www.foreignpolicyandpeace.org\/index.php\/tr\/2024\/08\/dr-onur-erpul\/\" class=\"feature-image-link image_post\" title=\"Dr. \u00d6\u011fr. \u00dcyesi Onur Erpul-K\u0131demli Ara\u015ft\u0131rmac\u0131\">              \r\n<img loading=\"lazy\" decoding=\"async\" width=\"100\" height=\"75\" src=\"https:\/\/www.foreignpolicyandpeace.org\/wp-content\/uploads\/2020\/04\/Headshot1-e1587989716443-100x75.jpg\" class=\"attachment-small-feature size-small-feature wp-post-image\" alt=\"\" \/><\/a>\r\n   <div class=\"item-details\">\r\n       <h3 class=\"feature-post-title\"><a href=\"https:\/\/www.foreignpolicyandpeace.org\/index.php\/tr\/2024\/08\/dr-onur-erpul\/\">Dr. \u00d6\u011fr. \u00dcyesi Onur Erpul-K\u0131demli Ara\u015ft\u0131rmac\u0131<\/a><\/h3>\r\n   <p class=\"post-meta meta-main-img\"><span class=\"post-date\"><i class=\"fa fa-clock-o\"><\/i>Aug 27, 2024<\/span><\/p>   <\/div>\r\n   <div class=\"clearfix\"><\/div>\r\n   <\/li>\r\n       \r\n\r\n   <li class=\"appear_animation\">\r\n   <a  href=\"https:\/\/www.foreignpolicyandpeace.org\/index.php\/tr\/2024\/08\/dr-caglar-kurc\/\" class=\"feature-image-link image_post\" title=\"Dr. \u00d6\u011fr. \u00dcyesi \u00c7a\u011flar Kur\u00e7 &#8211; Proje Kordinat\u00f6r\u00fc\">              \r\n<img loading=\"lazy\" decoding=\"async\" width=\"100\" height=\"75\" src=\"https:\/\/www.foreignpolicyandpeace.org\/wp-content\/uploads\/2023\/01\/IMG_8876-100x75.jpg\" class=\"attachment-small-feature size-small-feature wp-post-image\" alt=\"\" srcset=\"https:\/\/www.foreignpolicyandpeace.org\/wp-content\/uploads\/2023\/01\/IMG_8876-100x75.jpg 100w, https:\/\/www.foreignpolicyandpeace.org\/wp-content\/uploads\/2023\/01\/IMG_8876-300x225.jpg 300w, https:\/\/www.foreignpolicyandpeace.org\/wp-content\/uploads\/2023\/01\/IMG_8876-1024x768.jpg 1024w, https:\/\/www.foreignpolicyandpeace.org\/wp-content\/uploads\/2023\/01\/IMG_8876-768x576.jpg 768w, https:\/\/www.foreignpolicyandpeace.org\/wp-content\/uploads\/2023\/01\/IMG_8876-1536x1152.jpg 1536w, https:\/\/www.foreignpolicyandpeace.org\/wp-content\/uploads\/2023\/01\/IMG_8876-2048x1536.jpg 2048w\" sizes=\"auto, (max-width: 100px) 100vw, 100px\" \/><\/a>\r\n   <div class=\"item-details\">\r\n       <h3 class=\"feature-post-title\"><a href=\"https:\/\/www.foreignpolicyandpeace.org\/index.php\/tr\/2024\/08\/dr-caglar-kurc\/\">Dr. \u00d6\u011fr. \u00dcyesi \u00c7a\u011flar Kur\u00e7 &#8211; Proje Kordinat\u00f6r\u00fc<\/a><\/h3>\r\n   <p class=\"post-meta meta-main-img\"><span class=\"post-date\"><i class=\"fa fa-clock-o\"><\/i>Aug 25, 2024<\/span><\/p>   <\/div>\r\n   <div class=\"clearfix\"><\/div>\r\n   <\/li>\r\n       \r\n\r\n   <li class=\"appear_animation\">\r\n   <a  href=\"https:\/\/www.foreignpolicyandpeace.org\/index.php\/tr\/2024\/08\/dr-faruk-aksoy-doktora-sonrasi-arastirmaci\/\" class=\"feature-image-link image_post\" title=\"Dr. Faruk Aksoy &#8211; Doktora Sonras\u0131 Ara\u015ft\u0131rmac\u0131\">              \r\n<img loading=\"lazy\" decoding=\"async\" width=\"100\" height=\"75\" src=\"https:\/\/www.foreignpolicyandpeace.org\/wp-content\/uploads\/2004\/08\/foto_faruk-aksoy-100x75.jpg\" class=\"attachment-small-feature size-small-feature wp-post-image\" alt=\"\" \/><\/a>\r\n   <div class=\"item-details\">\r\n       <h3 class=\"feature-post-title\"><a href=\"https:\/\/www.foreignpolicyandpeace.org\/index.php\/tr\/2024\/08\/dr-faruk-aksoy-doktora-sonrasi-arastirmaci\/\">Dr. Faruk Aksoy &#8211; Doktora Sonras\u0131 Ara\u015ft\u0131rmac\u0131<\/a><\/h3>\r\n   <p class=\"post-meta meta-main-img\"><span class=\"post-date\"><i class=\"fa fa-clock-o\"><\/i>Aug 20, 2024<\/span><\/p>   <\/div>\r\n   <div class=\"clearfix\"><\/div>\r\n   <\/li>\r\n     <\/ul>    <\/div>        \r\n                    \r\n            \r\n        <\/div>\r\n         <\/div>\r\n      \r\n        <\/div><\/div>\n\n\n<hr class=\"wp-block-separator has-css-opacity\"\/>\n\n\n<\/p>\n<p><strong>Ge\u00e7mi\u015f Doktora-Sonras\u0131 Ara\u015ft\u0131rmac\u0131lar<\/strong><\/p>\n\n\n<ul class=\"wp-block-list\">\n<li>Dr. Gonca Biltekin, Ekonomik \u0130\u015fbirli\u011fi Te\u015fkilat\u0131 E\u011fitim Enstit\u00fcs\u00fc<\/li>\n\n\n\n<li>Dr. \u00c7a\u011flar Kur\u00e7, \u00d6\u011fr. \u00dcyesi, Abdullah G\u00fcl \u00dcniversitesi<\/li>\n\n\n\n<li>Dr. Onur Erpul, \u00d6\u011fr. \u00dcyesi, Orta Do\u011fu Teknik \u00dcniversitesi<\/li>\n\n\n\n<li>Dr. \u0130lker Kal\u0131n, Misafir Ara\u015ft\u0131rmac\u0131, Stockholm \u00dcniversitesi, Institute for Turkish Studies (SUITS)<\/li>\n\n\n\n<li>Dr. Metin Koca (Eyl\u00fcl 2024- Mart 2025), British Academy Uluslararas\u0131 Ara\u015ft\u0131rmac\u0131s\u0131, York \u00dcniversitesi<\/li>\n<\/ul>\n\n\n\n<p><strong>Ge\u00e7mi\u015f Ara\u015ft\u0131rmac\u0131lar<\/strong><\/p>\n\n\n\n<ul class=\"wp-block-list\">\n<li>Gizem Ko\u00e7ver<\/li>\n<\/ul>\n\n\n\n<p><\/p>\n","protected":false},"excerpt":{"rendered":"<p>Ge\u00e7mi\u015f Doktora-Sonras\u0131 Ara\u015ft\u0131rmac\u0131lar Ge\u00e7mi\u015f Ara\u015ft\u0131rmac\u0131lar<\/p>\n","protected":false},"author":1,"featured_media":0,"parent":0,"menu_order":0,"comment_status":"closed","ping_status":"closed","template":"","meta":{"_monsterinsights_skip_tracking":false,"_monsterinsights_sitenote_active":false,"_monsterinsights_sitenote_note":"","_monsterinsights_sitenote_category":0,"footnotes":""},"class_list":["post-426","page","type-page","status-publish","hentry"],"post_mailing_queue_ids":[],"_links":{"self":[{"href":"https:\/\/www.foreignpolicyandpeace.org\/index.php\/wp-json\/wp\/v2\/pages\/426","targetHints":{"allow":["GET"]}}],"collection":[{"href":"https:\/\/www.foreignpolicyandpeace.org\/index.php\/wp-json\/wp\/v2\/pages"}],"about":[{"href":"https:\/\/www.foreignpolicyandpeace.org\/index.php\/wp-json\/wp\/v2\/types\/page"}],"author":[{"embeddable":true,"href":"https:\/\/www.foreignpolicyandpeace.org\/index.php\/wp-json\/wp\/v2\/users\/1"}],"replies":[{"embeddable":true,"href":"https:\/\/www.foreignpolicyandpeace.org\/index.php\/wp-json\/wp\/v2\/comments?post=426"}],"version-history":[{"count":10,"href":"https:\/\/www.foreignpolicyandpeace.org\/index.php\/wp-json\/wp\/v2\/pages\/426\/revisions"}],"predecessor-version":[{"id":3554,"href":"https:\/\/www.foreignpolicyandpeace.org\/index.php\/wp-json\/wp\/v2\/pages\/426\/revisions\/3554"}],"wp:attachment":[{"href":"https:\/\/www.foreignpolicyandpeace.org\/index.php\/wp-json\/wp\/v2\/media?parent=426"}],"curies":[{"name":"wp","href":"https:\/\/api.w.org\/{rel}","templated":true}]}}