{"id":577,"date":"2016-09-06T10:57:21","date_gmt":"2016-09-06T07:57:21","guid":{"rendered":"http:\/\/fppr.ihsandemiray.com\/index.php\/?page_id=577"},"modified":"2023-09-12T12:10:15","modified_gmt":"2023-09-12T09:10:15","slug":"peace-talk-young-scholar-series","status":"publish","type":"page","link":"https:\/\/www.foreignpolicyandpeace.org\/index.php\/tr\/peace-talk-young-scholar-series\/","title":{"rendered":"PeaceTalk: Akademisyen Serisi"},"content":{"rendered":"<p><strong>PEACETALK: AKADEM\u0130SYEN SEM\u0130NER SER\u0130S\u0130<\/strong><\/p>\n<p>CFPPR olarak yeni bir s\u00f6yle\u015fi dizisi duyurmaktan mutluluk duyuyoruz: PeaceTalks.<\/p>\n<p>BUGS seminerlerimize benzeyen PeaceTalks, akademisyenlerin ara\u015ft\u0131rma sonu\u00e7lar\u0131n\u0131 duyurmaya ve akademik ba\u015far\u0131lar\u0131n\u0131 te\u015fvik etmeye y\u00f6neliktir. Uluslararas\u0131 siyaset \u00e7al\u0131\u015fmas\u0131nda deneysel yakla\u015f\u0131ma vurgu yapan ve bar\u0131\u015f\u0131 te\u015fvik etmeye ilgi duyan \u00f6\u011frencileri bekliyoruz.<\/p>\n<p>BUGS seminerleri siyaset ve ara\u015ft\u0131rma aras\u0131nda ba\u011flant\u0131lar olu\u015fturmay\u0131 te\u015fvik ederken, PeaceTalks \u00f6zellikle ara\u015ft\u0131rma ama\u00e7l\u0131d\u0131r ve akademisyenler ile akademi camias\u0131 aras\u0131nda ba\u011flant\u0131lar geli\u015ftirmeye odakl\u0131d\u0131r. Yenilik\u00e7i ara\u015ft\u0131rmaya odaklanarak PeaceTalks dizisinin ama\u00e7lar\u0131 \u015f\u00f6yle s\u0131ralanabilir:<\/p>\n<ol>\n<li>En yeni ara\u015ft\u0131rmalar\u0131n yay\u0131lmas\u0131n\u0131 desteklemek,<\/li>\n<li>Ara\u015ft\u0131rma a\u011f\u0131n\u0131 daha gen\u00e7 akademisyen nesillerine geni\u015fletmek,<\/li>\n<li>En yeni ara\u015ft\u0131rmalar\u0131n yay\u0131mlanmas\u0131n\u0131 desteklemek.<\/li>\n<\/ol>\n<p><strong><u>Konu\u015fmac\u0131lar <\/u><\/strong><\/p>\n<p>a) Yeni\/devam etmekte olan bir ara\u015ft\u0131rma projesinin \u00f6n bulgular\u0131n\u0131 sunmak isteyen (doktora tezleri dahil ama onlarla k\u0131s\u0131tl\u0131 degil),<\/p>\n<p>b) Veri toplama ve analiz y\u00f6ntemlerini tart\u0131\u015fmak isteyen,<\/p>\n<p>c) Ara\u015ft\u0131rmalar\u0131 hakk\u0131nda meslekta\u015flar\u0131ndan geri bildirim almak isteyen,<\/p>\n<p>d) Daha ileri ara\u015ft\u0131rma i\u015fbirli\u011fi i\u00e7in akademik a\u011f\u0131n\u0131 geli\u015ftirmek isteyen,<\/p>\n<p>ara\u015ft\u0131rmac\u0131lar ar\u0131yoruz.<\/p>\n<p><em>FPPR, Ankara d\u0131\u015f\u0131ndan gelen konu\u015fmac\u0131lar\u0131n seyahat masraflar\u0131n\u0131 kar\u015f\u0131lamaktad\u0131r<\/em>.<\/p>\n<p><strong><u>Dinleyiciler <\/u><\/strong><\/p>\n<p>PeaceTalks dinleyicileri ara\u015ft\u0131rmac\u0131lar, lisans\u00fcst\u00fc \u00f6\u011frenciler ve siyaset\u00e7ilerden olu\u015fur.<\/p>\n<p><strong><u>Mekan<\/u><\/strong><\/p>\n<p>S\u00f6yle\u015filer \u00f6\u011fle vakti, Bilkent \u00dcniversitesi &#8211; G Binas\u0131 seminer odas\u0131nda (G160) ger\u00e7ekle\u015fecektir. Yiyecek ve i\u00e7ecek ikram\u0131 yap\u0131lmaktad\u0131r.<\/p>\n<div id=\"aq-template-wrapper-576\" class=\"aq-template-wrapper aq_row\"><div id=\"aq-block-576-1\" class=\"aq-block aq-block-home_post_grid_medium aq_span12 aq-first clearfix\">        <div class=\"widget post_list_medium_widget builder_gridpost color-10\">\r\n        \t\t<div class=\"widget_container\">\r\n        \r\n           \r\n\r\n    <div class=\"feature-two-column medium-two-columns grid-two-col-post appear_animation left_post_align \">     \r\n    <div class=\"image_post feature-item\">\r\n                   <a  href=\"https:\/\/www.foreignpolicyandpeace.org\/index.php\/tr\/2023\/10\/peacetalk-akademisyen-serisi-orta-dogudaki-bri-yatirimlari-uzerine-inceleme-turkiye-ve-iran\/\" class=\"feature-link\" title=\"PeaceTalk Akademisyen Serisi: \u201cOrta Do\u011fu&#8217;daki BRI Yat\u0131r\u0131mlar\u0131 \u00dczerine \u0130nceleme: T\u00fcrkiye ve \u0130ran\u201d\">              \r\n<img loading=\"lazy\" decoding=\"async\" width=\"400\" height=\"260\" src=\"https:\/\/www.foreignpolicyandpeace.org\/wp-content\/uploads\/2023\/10\/1Untitled-400x260.jpeg\" class=\"attachment-medium-feature size-medium-feature wp-post-image\" alt=\"\" \/><\/a>\r\n                     <\/div>\r\n<div class=\"meta_holder\">\r\n<div class=\"love_this_post_meta\"><a href=\"#\" class=\"jm-post-like\" data-post_id=\"2974\" title=\"Like\"><i class=\"fa fa-heart-o\"><\/i>Like<\/a><\/div>\r\n<\/div>\r\n<h3 class=\"image-post-title feature_2col\"><a href=\"https:\/\/www.foreignpolicyandpeace.org\/index.php\/tr\/2023\/10\/peacetalk-akademisyen-serisi-orta-dogudaki-bri-yatirimlari-uzerine-inceleme-turkiye-ve-iran\/\">PeaceTalk Akademisyen Serisi: \u201cOrta Do\u011fu&#8217;daki BRI Yat\u0131r\u0131mlar\u0131 \u00dczerine \u0130nceleme: T\u00fcrkiye ve \u0130ran\u201d<\/a><\/h3>      \r\n<p class=\"post-meta meta-main-img\"><span class=\"post-date\"><i class=\"fa fa-clock-o\"><\/i>Oct 27, 2023<\/span><\/p> <p>Merkezimiz, Orta Do\u011fu Teknik \u00dcniversitesi&#8217;nden Dr. Derya G\u00f6\u00e7er&#8217;i... <\/p>\r\n <div class=\"footer_meta\"><a href=\"https:\/\/www.foreignpolicyandpeace.org\/index.php\/tr\/2023\/10\/peacetalk-akademisyen-serisi-orta-dogudaki-bri-yatirimlari-uzerine-inceleme-turkiye-ve-iran\/\" class=\"footer_meta_readmore\">>><\/a><\/div>    <\/div>\r\n             \r\n              \r\n                   \r\n\r\n    <div class=\"feature-two-column medium-two-columns grid-two-col-post appear_animation right_post_align \">     \r\n    <div class=\"image_post feature-item\">\r\n                   <a  href=\"https:\/\/www.foreignpolicyandpeace.org\/index.php\/tr\/2022\/12\/peace-talksiddetsiz-direnis-hareketleri-ve-dis-aktorler\/\" class=\"feature-link\" title=\"Peace Talk: &#8220;\u015eiddetsiz Direni\u015f Hareketleri ve D\u0131\u015f Akt\u00f6rler&#8221;\">              \r\n<img loading=\"lazy\" decoding=\"async\" width=\"400\" height=\"260\" src=\"https:\/\/www.foreignpolicyandpeace.org\/wp-content\/uploads\/2022\/12\/kapak-400x260.jpg\" class=\"attachment-medium-feature size-medium-feature wp-post-image\" alt=\"\" \/><\/a>\r\n                     <\/div>\r\n<div class=\"meta_holder\">\r\n<div class=\"love_this_post_meta\"><a href=\"#\" class=\"jm-post-like\" data-post_id=\"2642\" title=\"Like\"><i class=\"fa fa-heart-o\"><\/i>Like<\/a><\/div>\r\n<\/div>\r\n<h3 class=\"image-post-title feature_2col\"><a href=\"https:\/\/www.foreignpolicyandpeace.org\/index.php\/tr\/2022\/12\/peace-talksiddetsiz-direnis-hareketleri-ve-dis-aktorler\/\">Peace Talk: &#8220;\u015eiddetsiz Direni\u015f Hareketleri ve D\u0131\u015f Akt\u00f6rler&#8221;<\/a><\/h3>      \r\n<p class=\"post-meta meta-main-img\"><span class=\"post-date\"><i class=\"fa fa-clock-o\"><\/i>Dec 24, 2022<\/span><\/p> <p>D\u0131\u015f Politika ve Bar\u0131\u015f Ara\u015ft\u0131rmalar\u0131 Merkezi\u2019nin 1 Aral\u0131k Per\u015fembe g\u00fcn\u00fc... <\/p>\r\n <div class=\"footer_meta\"><a href=\"https:\/\/www.foreignpolicyandpeace.org\/index.php\/tr\/2022\/12\/peace-talksiddetsiz-direnis-hareketleri-ve-dis-aktorler\/\" class=\"footer_meta_readmore\">>><\/a><\/div>    <\/div>\r\n    <div class=\"clearfix\"><\/div>         \r\n              \r\n                   \r\n\r\n    <div class=\"feature-two-column medium-two-columns grid-two-col-post appear_animation left_post_align \">     \r\n    <div class=\"image_post feature-item\">\r\n                   <a  href=\"https:\/\/www.foreignpolicyandpeace.org\/index.php\/tr\/2022\/12\/peace-talk-cevre-ulkelerde-uyusturucu-politikasi\/\" class=\"feature-link\" title=\"Peace Talk: &#8220;\u00c7evre \u00dclkelerde&#8221; Uyu\u015fturucu Politikas\u0131&#8230;\">              \r\n<img loading=\"lazy\" decoding=\"async\" width=\"400\" height=\"260\" src=\"https:\/\/www.foreignpolicyandpeace.org\/wp-content\/uploads\/2022\/12\/kapak-2-400x260.jpg\" class=\"attachment-medium-feature size-medium-feature wp-post-image\" alt=\"\" \/><\/a>\r\n                     <\/div>\r\n<div class=\"meta_holder\">\r\n<div class=\"love_this_post_meta\"><a href=\"#\" class=\"jm-post-like\" data-post_id=\"2652\" title=\"Like\"><i class=\"fa fa-heart-o\"><\/i>Like<\/a><\/div>\r\n<\/div>\r\n<h3 class=\"image-post-title feature_2col\"><a href=\"https:\/\/www.foreignpolicyandpeace.org\/index.php\/tr\/2022\/12\/peace-talk-cevre-ulkelerde-uyusturucu-politikasi\/\">Peace Talk: &#8220;\u00c7evre \u00dclkelerde&#8221; Uyu\u015fturucu Politikas\u0131&#8230;<\/a><\/h3>      \r\n<p class=\"post-meta meta-main-img\"><span class=\"post-date\"><i class=\"fa fa-clock-o\"><\/i>Dec 23, 2022<\/span><\/p> <p>Merkezimiz, Bar\u0131\u015f Konu\u015fmas\u0131: Gen\u00e7 Akademisyen Serimiz kapsam\u0131nda, Universidad... <\/p>\r\n <div class=\"footer_meta\"><a href=\"https:\/\/www.foreignpolicyandpeace.org\/index.php\/tr\/2022\/12\/peace-talk-cevre-ulkelerde-uyusturucu-politikasi\/\" class=\"footer_meta_readmore\">>><\/a><\/div>    <\/div>\r\n             \r\n              \r\n                   \r\n\r\n    <div class=\"feature-two-column medium-two-columns grid-two-col-post appear_animation right_post_align \">     \r\n    <div class=\"image_post feature-item\">\r\n                   <a  href=\"https:\/\/www.foreignpolicyandpeace.org\/index.php\/tr\/2020\/11\/gelecek-etkinlik-peacetalks-genc-akademisyen-serisi\/\" class=\"feature-link\" title=\"PeaceTalk: Researching Emotions in Politics\u201d\">              \r\n<img loading=\"lazy\" decoding=\"async\" width=\"400\" height=\"260\" src=\"https:\/\/www.foreignpolicyandpeace.org\/wp-content\/uploads\/2019\/12\/Untitled2-400x260.png\" class=\"attachment-medium-feature size-medium-feature wp-post-image\" alt=\"\" \/><\/a>\r\n                     <\/div>\r\n<div class=\"meta_holder\">\r\n<div class=\"love_this_post_meta\"><a href=\"#\" class=\"jm-post-like\" data-post_id=\"1059\" title=\"Like\"><i class=\"fa fa-heart-o\"><\/i>Like<\/a><\/div>\r\n<\/div>\r\n<h3 class=\"image-post-title feature_2col\"><a href=\"https:\/\/www.foreignpolicyandpeace.org\/index.php\/tr\/2020\/11\/gelecek-etkinlik-peacetalks-genc-akademisyen-serisi\/\">PeaceTalk: Researching Emotions in Politics\u201d<\/a><\/h3>      \r\n<p class=\"post-meta meta-main-img\"><span class=\"post-date\"><i class=\"fa fa-clock-o\"><\/i>Nov 30, 2020<\/span><\/p> <p>&nbsp; PeaceTalk: Gen\u00e7 Akademisyen Seminer Serisi kapsam\u0131nda 18 Aral\u0131k Cuma g\u00fcn\u00fc... <\/p>\r\n <div class=\"footer_meta\"><a href=\"https:\/\/www.foreignpolicyandpeace.org\/index.php\/tr\/2020\/11\/gelecek-etkinlik-peacetalks-genc-akademisyen-serisi\/\" class=\"footer_meta_readmore\">>><\/a><\/div>    <\/div>\r\n    <div class=\"clearfix\"><\/div>         \r\n              \r\n                   \r\n\r\n    <div class=\"feature-two-column medium-two-columns grid-two-col-post appear_animation left_post_align \">     \r\n    <div class=\"image_post feature-item\">\r\n                   <a  href=\"https:\/\/www.foreignpolicyandpeace.org\/index.php\/tr\/2019\/12\/peacetalk-gurcistanin-avrupalilasmasi-dusunsel-ve-kurumsal-bir-analiz\/\" class=\"feature-link\" title=\"PeaceTalk: &#8220;G\u00fcrcistan\u2019\u0131n Avrupal\u0131la\u015fmas\u0131: D\u00fc\u015f\u00fcnsel ve Kurumsal Bir Analiz&#8221;\">              \r\n<img loading=\"lazy\" decoding=\"async\" width=\"400\" height=\"260\" src=\"https:\/\/www.foreignpolicyandpeace.org\/wp-content\/uploads\/2019\/12\/kapak_new-400x260.jpg\" class=\"attachment-medium-feature size-medium-feature wp-post-image\" alt=\"\" \/><\/a>\r\n                     <\/div>\r\n<div class=\"meta_holder\">\r\n<div class=\"love_this_post_meta\"><a href=\"#\" class=\"jm-post-like\" data-post_id=\"2103\" title=\"Like\"><i class=\"fa fa-heart-o\"><\/i>Like<\/a><\/div>\r\n<\/div>\r\n<h3 class=\"image-post-title feature_2col\"><a href=\"https:\/\/www.foreignpolicyandpeace.org\/index.php\/tr\/2019\/12\/peacetalk-gurcistanin-avrupalilasmasi-dusunsel-ve-kurumsal-bir-analiz\/\">PeaceTalk: &#8220;G\u00fcrcistan\u2019\u0131n Avrupal\u0131la\u015fmas\u0131: D\u00fc\u015f\u00fcnsel ve Kurumsal Bir Analiz&#8221;<\/a><\/h3>      \r\n<p class=\"post-meta meta-main-img\"><span class=\"post-date\"><i class=\"fa fa-clock-o\"><\/i>Dec 16, 2019<\/span><\/p> <p>D\u0131\u015f Politika ve Bar\u0131\u015f Ara\u015ft\u0131rmalar\u0131 Merkezi\u2019nin 16 Aral\u0131k Pazartesi g\u00fcn\u00fc... <\/p>\r\n <div class=\"footer_meta\"><a href=\"https:\/\/www.foreignpolicyandpeace.org\/index.php\/tr\/2019\/12\/peacetalk-gurcistanin-avrupalilasmasi-dusunsel-ve-kurumsal-bir-analiz\/\" class=\"footer_meta_readmore\">>><\/a><\/div>    <\/div>\r\n             \r\n              \r\n                   \r\n\r\n    <div class=\"feature-two-column medium-two-columns grid-two-col-post appear_animation right_post_align \">     \r\n    <div class=\"image_post feature-item\">\r\n                   <a  href=\"https:\/\/www.foreignpolicyandpeace.org\/index.php\/tr\/2018\/11\/peacetalk-seminar-gonenc-uysal-osmaniye-korkut-ata-university-2\/\" class=\"feature-link\" title=\"PeaceTalk Seminar: G\u00f6nen\u00e7 Uysal, Osmaniye Korkut Ata University\">              \r\n<img decoding=\"async\" class=\"no_feature_img\" alt=\"\" src=\"https:\/\/www.foreignpolicyandpeace.org\/wp-content\/themes\/nanomag\/img\/feature_img\/medium-feature.jpg\"><\/a>\r\n                     <\/div>\r\n<div class=\"meta_holder\">\r\n<div class=\"love_this_post_meta\"><a href=\"#\" class=\"jm-post-like\" data-post_id=\"1917\" title=\"Like\"><i class=\"fa fa-heart-o\"><\/i>Like<\/a><\/div>\r\n<\/div>\r\n<h3 class=\"image-post-title feature_2col\"><a href=\"https:\/\/www.foreignpolicyandpeace.org\/index.php\/tr\/2018\/11\/peacetalk-seminar-gonenc-uysal-osmaniye-korkut-ata-university-2\/\">PeaceTalk Seminar: G\u00f6nen\u00e7 Uysal, Osmaniye Korkut Ata University<\/a><\/h3>      \r\n<p class=\"post-meta meta-main-img\"><span class=\"post-date\"><i class=\"fa fa-clock-o\"><\/i>Nov 23, 2018<\/span><\/p> <p>On November 20, the Center for Foreign Policy and Peace Research hosted a PeaceTalk:... <\/p>\r\n <div class=\"footer_meta\"><a href=\"https:\/\/www.foreignpolicyandpeace.org\/index.php\/tr\/2018\/11\/peacetalk-seminar-gonenc-uysal-osmaniye-korkut-ata-university-2\/\" class=\"footer_meta_readmore\">>><\/a><\/div>    <\/div>\r\n    <div class=\"clearfix\"><\/div>         \r\n              \r\n                     \r\n        <\/div>\r\n        <\/div>\r\n     \r\n        <\/div><\/div>\n","protected":false},"excerpt":{"rendered":"<p>PEACETALK: AKADEM\u0130SYEN SEM\u0130NER SER\u0130S\u0130 CFPPR olarak yeni bir s\u00f6yle\u015fi dizisi duyurmaktan mutluluk duyuyoruz: PeaceTalks. BUGS seminerlerimize benzeyen PeaceTalks, akademisyenlerin ara\u015ft\u0131rma sonu\u00e7lar\u0131n\u0131 duyurmaya ve akademik ba\u015far\u0131lar\u0131n\u0131 te\u015fvik etmeye y\u00f6neliktir. Uluslararas\u0131 siyaset [&hellip;]<\/p>\n","protected":false},"author":1,"featured_media":0,"parent":0,"menu_order":0,"comment_status":"closed","ping_status":"closed","template":"","meta":{"_monsterinsights_skip_tracking":false,"_monsterinsights_sitenote_active":false,"_monsterinsights_sitenote_note":"","_monsterinsights_sitenote_category":0,"footnotes":""},"class_list":["post-577","page","type-page","status-publish","hentry"],"post_mailing_queue_ids":[],"_links":{"self":[{"href":"https:\/\/www.foreignpolicyandpeace.org\/index.php\/wp-json\/wp\/v2\/pages\/577","targetHints":{"allow":["GET"]}}],"collection":[{"href":"https:\/\/www.foreignpolicyandpeace.org\/index.php\/wp-json\/wp\/v2\/pages"}],"about":[{"href":"https:\/\/www.foreignpolicyandpeace.org\/index.php\/wp-json\/wp\/v2\/types\/page"}],"author":[{"embeddable":true,"href":"https:\/\/www.foreignpolicyandpeace.org\/index.php\/wp-json\/wp\/v2\/users\/1"}],"replies":[{"embeddable":true,"href":"https:\/\/www.foreignpolicyandpeace.org\/index.php\/wp-json\/wp\/v2\/comments?post=577"}],"version-history":[{"count":1,"href":"https:\/\/www.foreignpolicyandpeace.org\/index.php\/wp-json\/wp\/v2\/pages\/577\/revisions"}],"predecessor-version":[{"id":2927,"href":"https:\/\/www.foreignpolicyandpeace.org\/index.php\/wp-json\/wp\/v2\/pages\/577\/revisions\/2927"}],"wp:attachment":[{"href":"https:\/\/www.foreignpolicyandpeace.org\/index.php\/wp-json\/wp\/v2\/media?parent=577"}],"curies":[{"name":"wp","href":"https:\/\/api.w.org\/{rel}","templated":true}]}}