{"id":669,"date":"2016-09-09T12:23:43","date_gmt":"2016-09-09T09:23:43","guid":{"rendered":"http:\/\/fppr.ihsandemiray.com\/index.php\/?page_id=669"},"modified":"2025-08-26T10:37:02","modified_gmt":"2025-08-26T07:37:02","slug":"our-staff","status":"publish","type":"page","link":"https:\/\/www.foreignpolicyandpeace.org\/index.php\/en\/our-staff\/","title":{"rendered":"Our Staff"},"content":{"rendered":"<div id=\"aq-template-wrapper-668\" class=\"aq-template-wrapper aq_row\"><div id=\"aq-block-668-1\" class=\"aq-block aq-block-home_post_two_columns_list aq_span12 aq-first clearfix\">        <div class=\"widget two_columns_post builder_two_cols\">\r\n        <div class=\"feature-two-column list-col1-home left-post-display-content margin-left-post color-1\">\r\n                <div class=\"wrap_box_style_ul\">\r\n        <ul class=\"feature-post-list\">\r\n\r\n   \r\n   <li class=\"appear_animation\">\r\n   <a  href=\"https:\/\/www.foreignpolicyandpeace.org\/index.php\/en\/2024\/08\/prof-dr-ali-l-karaosmanoglu-baskan-2\/\" class=\"feature-image-link image_post\" title=\"Prof. Dr. Ali L. Karaosmano\u011flu \u2013 Director\">              \r\n<img loading=\"lazy\" decoding=\"async\" width=\"100\" height=\"75\" src=\"https:\/\/www.foreignpolicyandpeace.org\/wp-content\/uploads\/2016\/10\/alikaraosmanoglu-100x75.jpg\" class=\"attachment-small-feature size-small-feature wp-post-image\" alt=\"\" \/><\/a>\r\n<div class=\"item-details\">\r\n     <h3 class=\"feature-post-title\"><a href=\"https:\/\/www.foreignpolicyandpeace.org\/index.php\/en\/2024\/08\/prof-dr-ali-l-karaosmanoglu-baskan-2\/\">Prof. Dr. Ali L. Karaosmano\u011flu \u2013 Director<\/a><\/h3>\r\n  <p class=\"post-meta meta-main-img\"><span class=\"post-date\"><i class=\"fa fa-clock-o\"><\/i>Aug 28, 2024<\/span><\/p>   <\/div>\r\n   <div class=\"clearfix\"><\/div>\r\n   <\/li>\r\n\r\n  \r\n\r\n       \r\n   <li class=\"appear_animation\">\r\n   <a  href=\"https:\/\/www.foreignpolicyandpeace.org\/index.php\/en\/2024\/08\/prof-dr-ersel-aydinli-genel-koordinator-ve-baskan-yardimcisi-2\/\" class=\"feature-image-link image_post\" title=\"Prof. Dr. Ersel Ayd\u0131nl\u0131 \u2013 General Coordinator &#038; Deputy Director\">              \r\n<img loading=\"lazy\" decoding=\"async\" width=\"100\" height=\"75\" src=\"https:\/\/www.foreignpolicyandpeace.org\/wp-content\/uploads\/2016\/10\/erselaydinli-100x75.jpg\" class=\"attachment-small-feature size-small-feature wp-post-image\" alt=\"\" \/><\/a>\r\n<div class=\"item-details\">\r\n     <h3 class=\"feature-post-title\"><a href=\"https:\/\/www.foreignpolicyandpeace.org\/index.php\/en\/2024\/08\/prof-dr-ersel-aydinli-genel-koordinator-ve-baskan-yardimcisi-2\/\">Prof. Dr. Ersel Ayd\u0131nl\u0131 \u2013 General Coordinator &#038; Deputy Director<\/a><\/h3>\r\n  <p class=\"post-meta meta-main-img\"><span class=\"post-date\"><i class=\"fa fa-clock-o\"><\/i>Aug 27, 2024<\/span><\/p>   <\/div>\r\n   <div class=\"clearfix\"><\/div>\r\n   <\/li>\r\n\r\n  \r\n\r\n       \r\n   <li class=\"appear_animation\">\r\n   <a  href=\"https:\/\/www.foreignpolicyandpeace.org\/index.php\/en\/2024\/08\/dr-ozgur-ozdamar-arastirmalar-direktoru-ve-kidemli-arastirmaci-2\/\" class=\"feature-image-link image_post\" title=\"Prof. Dr. \u00d6zg\u00fcr \u00d6zdamar \u2013 Senior Researcher\">              \r\n<img loading=\"lazy\" decoding=\"async\" width=\"100\" height=\"75\" src=\"https:\/\/www.foreignpolicyandpeace.org\/wp-content\/uploads\/2016\/10\/ozgurozdamar-100x75.jpg\" class=\"attachment-small-feature size-small-feature wp-post-image\" alt=\"\" \/><\/a>\r\n<div class=\"item-details\">\r\n     <h3 class=\"feature-post-title\"><a href=\"https:\/\/www.foreignpolicyandpeace.org\/index.php\/en\/2024\/08\/dr-ozgur-ozdamar-arastirmalar-direktoru-ve-kidemli-arastirmaci-2\/\">Prof. Dr. \u00d6zg\u00fcr \u00d6zdamar \u2013 Senior Researcher<\/a><\/h3>\r\n  <p class=\"post-meta meta-main-img\"><span class=\"post-date\"><i class=\"fa fa-clock-o\"><\/i>Aug 26, 2024<\/span><\/p>   <\/div>\r\n   <div class=\"clearfix\"><\/div>\r\n   <\/li>\r\n\r\n  \r\n\r\n       \r\n   <li class=\"appear_animation\">\r\n   <a  href=\"https:\/\/www.foreignpolicyandpeace.org\/index.php\/en\/2024\/08\/assoc-prof-dr-julie-mathews-egitim-ve-baris-projesi-koordinatoru-ve-kidemli-arastirmaci-2\/\" class=\"feature-image-link image_post\" title=\"Prof. Dr. Julie Mathews \u2013  Senior Researcher &#038; Consultant\">              \r\n<img loading=\"lazy\" decoding=\"async\" width=\"100\" height=\"75\" src=\"https:\/\/www.foreignpolicyandpeace.org\/wp-content\/uploads\/2016\/10\/jmaydinli-100x75.jpg\" class=\"attachment-small-feature size-small-feature wp-post-image\" alt=\"\" \/><\/a>\r\n<div class=\"item-details\">\r\n     <h3 class=\"feature-post-title\"><a href=\"https:\/\/www.foreignpolicyandpeace.org\/index.php\/en\/2024\/08\/assoc-prof-dr-julie-mathews-egitim-ve-baris-projesi-koordinatoru-ve-kidemli-arastirmaci-2\/\">Prof. Dr. Julie Mathews \u2013  Senior Researcher &#038; Consultant<\/a><\/h3>\r\n  <p class=\"post-meta meta-main-img\"><span class=\"post-date\"><i class=\"fa fa-clock-o\"><\/i>Aug 25, 2024<\/span><\/p>   <\/div>\r\n   <div class=\"clearfix\"><\/div>\r\n   <\/li>\r\n\r\n  \r\n\r\n       \r\n   <li class=\"appear_animation\">\r\n   <a  href=\"https:\/\/www.foreignpolicyandpeace.org\/index.php\/en\/2024\/08\/seckin-kostem-doktora-arastirma-gorevlisi-2\/\" class=\"feature-image-link image_post\" title=\"Assoc. Prof. Se\u00e7kin K\u00f6stem- Event Coordinator\">              \r\n<img loading=\"lazy\" decoding=\"async\" width=\"100\" height=\"75\" src=\"https:\/\/www.foreignpolicyandpeace.org\/wp-content\/uploads\/2016\/10\/seckinkostem-100x75.jpg\" class=\"attachment-small-feature size-small-feature wp-post-image\" alt=\"\" \/><\/a>\r\n<div class=\"item-details\">\r\n     <h3 class=\"feature-post-title\"><a href=\"https:\/\/www.foreignpolicyandpeace.org\/index.php\/en\/2024\/08\/seckin-kostem-doktora-arastirma-gorevlisi-2\/\">Assoc. Prof. Se\u00e7kin K\u00f6stem- Event Coordinator<\/a><\/h3>\r\n  <p class=\"post-meta meta-main-img\"><span class=\"post-date\"><i class=\"fa fa-clock-o\"><\/i>Aug 24, 2024<\/span><\/p>   <\/div>\r\n   <div class=\"clearfix\"><\/div>\r\n   <\/li>\r\n\r\n  \r\n\r\n       \r\n   <li class=\"appear_animation\">\r\n   <a  href=\"https:\/\/www.foreignpolicyandpeace.org\/index.php\/en\/2024\/08\/omer-deniz-ozdemir\/\" class=\"feature-image-link image_post\" title=\"\u00d6mer Deniz \u00d6zdemir &#8211; Junior Researcher\">              \r\n<img loading=\"lazy\" decoding=\"async\" width=\"100\" height=\"75\" src=\"https:\/\/www.foreignpolicyandpeace.org\/wp-content\/uploads\/2024\/12\/image-5-100x75.png\" class=\"attachment-small-feature size-small-feature wp-post-image\" alt=\"\" \/><\/a>\r\n<div class=\"item-details\">\r\n     <h3 class=\"feature-post-title\"><a href=\"https:\/\/www.foreignpolicyandpeace.org\/index.php\/en\/2024\/08\/omer-deniz-ozdemir\/\">\u00d6mer Deniz \u00d6zdemir &#8211; Junior Researcher<\/a><\/h3>\r\n  <p class=\"post-meta meta-main-img\"><span class=\"post-date\"><i class=\"fa fa-clock-o\"><\/i>Aug 08, 2024<\/span><\/p>   <\/div>\r\n   <div class=\"clearfix\"><\/div>\r\n   <\/li>\r\n\r\n  \r\n\r\n     <\/ul>     <\/div>      \r\n       \r\n        <\/div>\r\n\r\n          <div class=\"feature-two-column right-post-display-content color-12\">\r\n    <div class=\"wrap_box_style_ul\">\r\n  <ul class=\"feature-post-list\"> \r\n\r\n   \r\n\r\n   <li class=\"appear_animation\">\r\n   <a  href=\"https:\/\/www.foreignpolicyandpeace.org\/index.php\/en\/2024\/08\/dr-efe-tokdemir-terrorism-studies-research-coordinator\/\" class=\"feature-image-link image_post\" title=\"Assoc. Prof. Efe Tokdemir -Director of Research\">              \r\n<img loading=\"lazy\" decoding=\"async\" width=\"100\" height=\"75\" src=\"https:\/\/www.foreignpolicyandpeace.org\/wp-content\/uploads\/2020\/04\/IMG_7019_efe-e1587990060513-100x75.jpg\" class=\"attachment-small-feature size-small-feature wp-post-image\" alt=\"\" \/><\/a>\r\n   <div class=\"item-details\">\r\n       <h3 class=\"feature-post-title\"><a href=\"https:\/\/www.foreignpolicyandpeace.org\/index.php\/en\/2024\/08\/dr-efe-tokdemir-terrorism-studies-research-coordinator\/\">Assoc. Prof. Efe Tokdemir -Director of Research<\/a><\/h3>\r\n   <p class=\"post-meta meta-main-img\"><span class=\"post-date\"><i class=\"fa fa-clock-o\"><\/i>Aug 27, 2024<\/span><\/p>   <\/div>\r\n   <div class=\"clearfix\"><\/div>\r\n   <\/li>\r\n       \r\n\r\n   <li class=\"appear_animation\">\r\n   <a  href=\"https:\/\/www.foreignpolicyandpeace.org\/index.php\/en\/2024\/08\/onur-erpul-predoctoral-fellow\/\" class=\"feature-image-link image_post\" title=\"Asst. Prof. Onur Erpul &#8211; Senior Researcher\">              \r\n<img loading=\"lazy\" decoding=\"async\" width=\"100\" height=\"75\" src=\"https:\/\/www.foreignpolicyandpeace.org\/wp-content\/uploads\/2020\/04\/Headshot1-e1587989716443-100x75.jpg\" class=\"attachment-small-feature size-small-feature wp-post-image\" alt=\"\" \/><\/a>\r\n   <div class=\"item-details\">\r\n       <h3 class=\"feature-post-title\"><a href=\"https:\/\/www.foreignpolicyandpeace.org\/index.php\/en\/2024\/08\/onur-erpul-predoctoral-fellow\/\">Asst. Prof. Onur Erpul &#8211; Senior Researcher<\/a><\/h3>\r\n   <p class=\"post-meta meta-main-img\"><span class=\"post-date\"><i class=\"fa fa-clock-o\"><\/i>Aug 26, 2024<\/span><\/p>   <\/div>\r\n   <div class=\"clearfix\"><\/div>\r\n   <\/li>\r\n       \r\n\r\n   <li class=\"appear_animation\">\r\n   <a  href=\"https:\/\/www.foreignpolicyandpeace.org\/index.php\/en\/2024\/08\/dr-caglar-kurc-research-fellow\/\" class=\"feature-image-link image_post\" title=\"Asst. Prof. \u00c7a\u011flar Kur\u00e7 &#8211; Project Coordinator\">              \r\n<img loading=\"lazy\" decoding=\"async\" width=\"100\" height=\"75\" src=\"https:\/\/www.foreignpolicyandpeace.org\/wp-content\/uploads\/2023\/01\/IMG_8876-100x75.jpg\" class=\"attachment-small-feature size-small-feature wp-post-image\" alt=\"\" srcset=\"https:\/\/www.foreignpolicyandpeace.org\/wp-content\/uploads\/2023\/01\/IMG_8876-100x75.jpg 100w, https:\/\/www.foreignpolicyandpeace.org\/wp-content\/uploads\/2023\/01\/IMG_8876-300x225.jpg 300w, https:\/\/www.foreignpolicyandpeace.org\/wp-content\/uploads\/2023\/01\/IMG_8876-1024x768.jpg 1024w, https:\/\/www.foreignpolicyandpeace.org\/wp-content\/uploads\/2023\/01\/IMG_8876-768x576.jpg 768w, https:\/\/www.foreignpolicyandpeace.org\/wp-content\/uploads\/2023\/01\/IMG_8876-1536x1152.jpg 1536w, https:\/\/www.foreignpolicyandpeace.org\/wp-content\/uploads\/2023\/01\/IMG_8876-2048x1536.jpg 2048w\" sizes=\"auto, (max-width: 100px) 100vw, 100px\" \/><\/a>\r\n   <div class=\"item-details\">\r\n       <h3 class=\"feature-post-title\"><a href=\"https:\/\/www.foreignpolicyandpeace.org\/index.php\/en\/2024\/08\/dr-caglar-kurc-research-fellow\/\">Asst. Prof. \u00c7a\u011flar Kur\u00e7 &#8211; Project Coordinator<\/a><\/h3>\r\n   <p class=\"post-meta meta-main-img\"><span class=\"post-date\"><i class=\"fa fa-clock-o\"><\/i>Aug 23, 2024<\/span><\/p>   <\/div>\r\n   <div class=\"clearfix\"><\/div>\r\n   <\/li>\r\n       \r\n\r\n   <li class=\"appear_animation\">\r\n   <a  href=\"https:\/\/www.foreignpolicyandpeace.org\/index.php\/en\/2024\/08\/dr-faruk-aksoy-post-doctoral-researcher\/\" class=\"feature-image-link image_post\" title=\"Dr. Faruk Aksoy &#8211; Postdoctoral Researcher\">              \r\n<img loading=\"lazy\" decoding=\"async\" width=\"100\" height=\"75\" src=\"https:\/\/www.foreignpolicyandpeace.org\/wp-content\/uploads\/2004\/08\/foto_faruk-aksoy-100x75.jpg\" class=\"attachment-small-feature size-small-feature wp-post-image\" alt=\"\" \/><\/a>\r\n   <div class=\"item-details\">\r\n       <h3 class=\"feature-post-title\"><a href=\"https:\/\/www.foreignpolicyandpeace.org\/index.php\/en\/2024\/08\/dr-faruk-aksoy-post-doctoral-researcher\/\">Dr. Faruk Aksoy &#8211; Postdoctoral Researcher<\/a><\/h3>\r\n   <p class=\"post-meta meta-main-img\"><span class=\"post-date\"><i class=\"fa fa-clock-o\"><\/i>Aug 20, 2024<\/span><\/p>   <\/div>\r\n   <div class=\"clearfix\"><\/div>\r\n   <\/li>\r\n     <\/ul>    <\/div>        \r\n                    \r\n            \r\n        <\/div>\r\n         <\/div>\r\n      \r\n        <\/div><\/div>\n\n\n<hr class=\"wp-block-separator has-css-opacity\"\/>\n\n\n<\/p>\n<p><strong>Past Post-Doc Research Fellows:<\/strong><\/p>\n\n\n<ul class=\"wp-block-list\">\n<li>Dr. Gonca Biltekin, Protocol Officer, ECO Educational Institute<\/li>\n\n\n\n<li>Dr. \u00c7a\u011flar Kur\u00e7, Asst. Prof., Abdullah Gul University <\/li>\n\n\n\n<li>Dr. Onur Erpul, Asst. Prof., Middle East Technical University<\/li>\n\n\n\n<li>Dr. \u0130lker Kal\u0131n, Visiting Scholar, Stockholm University, Institute for Turkish Studies (SUITS)<\/li>\n\n\n\n<li>Dr. Metin Koca (September 2024 &#8211; March 2025), University of York, British Academy International Fellow<\/li>\n<\/ul>\n\n\n\n<p><strong>Past Researchers:<\/strong><\/p>\n\n\n\n<ul class=\"wp-block-list\">\n<li>Gizem Ko\u00e7ver<\/li>\n<\/ul>\n","protected":false},"excerpt":{"rendered":"<p>Past Post-Doc Research Fellows: Past Researchers:<\/p>\n","protected":false},"author":1,"featured_media":0,"parent":0,"menu_order":0,"comment_status":"closed","ping_status":"closed","template":"","meta":{"_monsterinsights_skip_tracking":false,"_monsterinsights_sitenote_active":false,"_monsterinsights_sitenote_note":"","_monsterinsights_sitenote_category":0,"footnotes":""},"class_list":["post-669","page","type-page","status-publish","hentry"],"post_mailing_queue_ids":[],"_links":{"self":[{"href":"https:\/\/www.foreignpolicyandpeace.org\/index.php\/wp-json\/wp\/v2\/pages\/669","targetHints":{"allow":["GET"]}}],"collection":[{"href":"https:\/\/www.foreignpolicyandpeace.org\/index.php\/wp-json\/wp\/v2\/pages"}],"about":[{"href":"https:\/\/www.foreignpolicyandpeace.org\/index.php\/wp-json\/wp\/v2\/types\/page"}],"author":[{"embeddable":true,"href":"https:\/\/www.foreignpolicyandpeace.org\/index.php\/wp-json\/wp\/v2\/users\/1"}],"replies":[{"embeddable":true,"href":"https:\/\/www.foreignpolicyandpeace.org\/index.php\/wp-json\/wp\/v2\/comments?post=669"}],"version-history":[{"count":13,"href":"https:\/\/www.foreignpolicyandpeace.org\/index.php\/wp-json\/wp\/v2\/pages\/669\/revisions"}],"predecessor-version":[{"id":3557,"href":"https:\/\/www.foreignpolicyandpeace.org\/index.php\/wp-json\/wp\/v2\/pages\/669\/revisions\/3557"}],"wp:attachment":[{"href":"https:\/\/www.foreignpolicyandpeace.org\/index.php\/wp-json\/wp\/v2\/media?parent=669"}],"curies":[{"name":"wp","href":"https:\/\/api.w.org\/{rel}","templated":true}]}}