{"id":913,"date":"2016-10-07T11:38:15","date_gmt":"2016-10-07T08:38:15","guid":{"rendered":"http:\/\/www.foreignpolicyandpeace.org\/?page_id=913"},"modified":"2025-12-24T10:31:21","modified_gmt":"2025-12-24T07:31:21","slug":"stajyer-basvuru-formu","status":"publish","type":"page","link":"https:\/\/www.foreignpolicyandpeace.org\/index.php\/tr\/stajyer-basvuru-formu\/","title":{"rendered":"Stajyer Ba\u015fvuru Formu"},"content":{"rendered":"<p><strong>CFPPR\u2019da staj imkan\u0131 <\/strong><\/p>\n<p style=\"text-align: justify;\">Bilkent \u00dcniversitesi&#8217;nde bulunan D\u0131\u015f Politika ve Bar\u0131\u015f Ara\u015ft\u0131rmalar\u0131 Merkezi (CFPPR), pratik deneyim kazanmak isteyen ve Merkez\u2019in program ve ara\u015ft\u0131rma hedeflerine ilgi duyan t\u00fcm lisans \u00f6\u011frencilerine ve yeni mezunlara sonbahar, k\u0131\u015f, ilkbahar, ve yaz d\u00f6nemleri i\u00e7in tam veya yar\u0131 zamanl\u0131 staj imkan\u0131 sunuyor. Staj adaylar\u0131n\u0131n ba\u015fvurmadan \u00f6nce Etkinlik sayfam\u0131z\u0131 ve dergimiz <em>All Azimuth<\/em>\u2019u inceleyerek bar\u0131\u015f, g\u00fcvenlik ve kalk\u0131nma \u00e7al\u0131\u015fmalar\u0131na katk\u0131da bulunmay\u0131 ama\u00e7 edinen Merkezimiz hakk\u0131nda fikir sahibi olmalar\u0131 tavsiye edilir.<\/p>\n<p><strong>Ba\u015fvuru \u015fartlar\u0131<\/strong><\/p>\n<ul>\n<li>Y\u00fcksek lisans veya en az 3. s\u0131n\u0131f lisans \u00f6\u011frencisi veya yeni mezun olmak<\/li>\n<li>En az 3.2 not ortalamas\u0131<\/li>\n<li>\u0130leri seviye \u0130ngilizce<\/li>\n<\/ul>\n<p><strong>Ba\u015fvuru tarihi\u00a0<\/strong><\/p>\n<p>\u0130lanlar son ba\u015fvuru tarihinden 1 ay \u00f6nce duyurulur. Son ba\u015fvuru tarihleri:<\/p>\n<ul>\n<li>G\u00fcz D\u00f6nemi (Eyl\u00fcl-Ocak)-\u00a0 9 Eyl\u00fcl<\/li>\n<li>Bahar D\u00f6nemi (Ocak\/\u015eubat -May\u0131s)- 20 Ocak<\/li>\n<li>Yaz D\u00f6nemi (Haziran -A\u011fustos)- 1 Haziran<\/li>\n<\/ul>\n<p><strong>Ba\u015fvuru \u015fekli <\/strong><\/p>\n<p>Adaylar\u0131n ba\u015fvuru i\u00e7in\u00a0 \u0130ngilizce yaz\u0131lm\u0131\u015f \u00f6zge\u00e7mi\u015f ve niyet mektubunu soy isimleriyle adland\u0131rd\u0131klar\u0131<strong>\u00a0<span style=\"color: #ff0000;\">tek dosya<\/span>\u00a0<\/strong>halinde iletmesi beklenmektedir. Not ortalaman\u0131z\u0131, ka\u00e7\u0131nc\u0131 s\u0131n\u0131f oldu\u011funuzu, staj yapmak istedi\u011finiz tarihler ile tam\/yar\u0131 zamanl\u0131 m\u00fcsaitlik durumunuzu ba\u015fvurunuzda belirtmeyi unutmay\u0131n\u0131z.<\/p>\n<p>Ba\u015fvuru formuna ula\u015fmak i\u00e7in:\u00a0<a href=\"https:\/\/goo.gl\/forms\/dZhmPRXjujaw2d9k1\" target=\"_self\" class=\"medium btn default\">Ba\u015fvuru Formu<\/a><\/p>\n","protected":false},"excerpt":{"rendered":"<p>CFPPR\u2019da staj imkan\u0131 Bilkent \u00dcniversitesi&#8217;nde bulunan D\u0131\u015f Politika ve Bar\u0131\u015f Ara\u015ft\u0131rmalar\u0131 Merkezi (CFPPR), pratik deneyim kazanmak isteyen ve Merkez\u2019in program ve ara\u015ft\u0131rma hedeflerine ilgi duyan t\u00fcm lisans \u00f6\u011frencilerine ve yeni [&hellip;]<\/p>\n","protected":false},"author":1,"featured_media":0,"parent":0,"menu_order":0,"comment_status":"closed","ping_status":"closed","template":"","meta":{"_monsterinsights_skip_tracking":false,"_monsterinsights_sitenote_active":false,"_monsterinsights_sitenote_note":"","_monsterinsights_sitenote_category":0,"footnotes":""},"class_list":["post-913","page","type-page","status-publish","hentry"],"post_mailing_queue_ids":[],"_links":{"self":[{"href":"https:\/\/www.foreignpolicyandpeace.org\/index.php\/wp-json\/wp\/v2\/pages\/913","targetHints":{"allow":["GET"]}}],"collection":[{"href":"https:\/\/www.foreignpolicyandpeace.org\/index.php\/wp-json\/wp\/v2\/pages"}],"about":[{"href":"https:\/\/www.foreignpolicyandpeace.org\/index.php\/wp-json\/wp\/v2\/types\/page"}],"author":[{"embeddable":true,"href":"https:\/\/www.foreignpolicyandpeace.org\/index.php\/wp-json\/wp\/v2\/users\/1"}],"replies":[{"embeddable":true,"href":"https:\/\/www.foreignpolicyandpeace.org\/index.php\/wp-json\/wp\/v2\/comments?post=913"}],"version-history":[{"count":6,"href":"https:\/\/www.foreignpolicyandpeace.org\/index.php\/wp-json\/wp\/v2\/pages\/913\/revisions"}],"predecessor-version":[{"id":3574,"href":"https:\/\/www.foreignpolicyandpeace.org\/index.php\/wp-json\/wp\/v2\/pages\/913\/revisions\/3574"}],"wp:attachment":[{"href":"https:\/\/www.foreignpolicyandpeace.org\/index.php\/wp-json\/wp\/v2\/media?parent=913"}],"curies":[{"name":"wp","href":"https:\/\/api.w.org\/{rel}","templated":true}]}}