{"id":915,"date":"2016-10-07T11:40:32","date_gmt":"2016-10-07T08:40:32","guid":{"rendered":"http:\/\/www.foreignpolicyandpeace.org\/?page_id=915"},"modified":"2025-12-24T10:28:40","modified_gmt":"2025-12-24T07:28:40","slug":"intern-application-form","status":"publish","type":"page","link":"https:\/\/www.foreignpolicyandpeace.org\/index.php\/en\/intern-application-form\/","title":{"rendered":"Intern Application"},"content":{"rendered":"<p style=\"text-align: justify;\"><strong> Description of the internship<\/strong><\/p>\n<p style=\"text-align: justify;\">\u0130hsan Do\u011framac\u0131 Center for Foreign Policy and Peace Research (CFPPR) located at Bilkent University offers full and part-time internships in the fall, spring and summer for undergraduates, advanced students, and recent graduates who are interested in gaining practical experience and in assisting with our research and program goals. The main purpose of the CFPPR is to help develop agendas and promote policies that contribute to the understanding of Peace, security, and development. Applicants are encouraged to become more familiar with the Center\u2019s main areas of work by looking at our Events page and past issues of our journal, All Azimuth. Please note that we only offer unpaid internships.<\/p>\n<p style=\"text-align: justify;\"><strong>Duration of the internship<\/strong><\/p>\n<p style=\"text-align: justify;\">CFPPR offers part-time and full-time internships during fall, spring and summer periods.<\/p>\n<p style=\"text-align: justify;\">As a general rule, part-time interns are expected to devote 20 hours per week.<\/p>\n<p style=\"text-align: justify;\"><strong> Announcement &amp; Deadline<\/strong><\/p>\n<p style=\"text-align: justify;\">Announcements will be made few weeks before the deadline<strong>. <\/strong><\/p>\n<ul style=\"text-align: justify;\">\n<li>Fall internship (September-January)- Deadline: September 10th<\/li>\n<li>Spring Internship (Jan\/February-May)- Deadline: January 20th<\/li>\n<li>Summer Internship (June-August)- Deadline: June 1st<sup>\u00a0\u00a0<\/sup><\/li>\n<\/ul>\n<p style=\"text-align: justify;\"><strong>Eligibility <\/strong><\/p>\n<ul style=\"text-align: justify;\">\n<li>Must be at least a 3rd-year student in good standing, a graduate student or a recent graduate<\/li>\n<li>Must have <u>at leas<\/u>t a 3.2 GPA<\/li>\n<li>Good command of written and spoken English. Another language is a plus.<\/li>\n<\/ul>\n<p style=\"text-align: justify;\"><strong> Selection criteria<\/strong><\/p>\n<p style=\"text-align: justify;\">We will review all applications and only shortlisted candidates will be interviewed.<br \/>\nThe number of the interns to be selected depends on the Center\u2019s <em>needs and projects<\/em>.<\/p>\n<p style=\"text-align: justify;\"><strong>Application Materials<\/strong><\/p>\n<p style=\"text-align: justify;\">Interested applicants should submit a <em>motivation letter<\/em> and a <em>CV<\/em> in English as\u00a0<u>one<\/u> document.<\/p>\n<p style=\"text-align: justify;\">Please also name the document with your last name.<br \/>\n<em>Applications that do not comply with requirements above will not be considered.<\/em><\/p>\n<p style=\"text-align: left;\"><a href=\"https:\/\/goo.gl\/forms\/dZhmPRXjujaw2d9k1\" target=\"_self\" class=\"medium btn default\">Application Form<\/a><\/p>\n<p style=\"text-align: justify;\">\n","protected":false},"excerpt":{"rendered":"<p>Description of the internship \u0130hsan Do\u011framac\u0131 Center for Foreign Policy and Peace Research (CFPPR) located at Bilkent University offers full and part-time internships in the fall, spring and summer for [&hellip;]<\/p>\n","protected":false},"author":1,"featured_media":0,"parent":0,"menu_order":0,"comment_status":"closed","ping_status":"closed","template":"","meta":{"_monsterinsights_skip_tracking":false,"_monsterinsights_sitenote_active":false,"_monsterinsights_sitenote_note":"","_monsterinsights_sitenote_category":0,"footnotes":""},"class_list":["post-915","page","type-page","status-publish","hentry"],"post_mailing_queue_ids":[],"_links":{"self":[{"href":"https:\/\/www.foreignpolicyandpeace.org\/index.php\/wp-json\/wp\/v2\/pages\/915","targetHints":{"allow":["GET"]}}],"collection":[{"href":"https:\/\/www.foreignpolicyandpeace.org\/index.php\/wp-json\/wp\/v2\/pages"}],"about":[{"href":"https:\/\/www.foreignpolicyandpeace.org\/index.php\/wp-json\/wp\/v2\/types\/page"}],"author":[{"embeddable":true,"href":"https:\/\/www.foreignpolicyandpeace.org\/index.php\/wp-json\/wp\/v2\/users\/1"}],"replies":[{"embeddable":true,"href":"https:\/\/www.foreignpolicyandpeace.org\/index.php\/wp-json\/wp\/v2\/comments?post=915"}],"version-history":[{"count":9,"href":"https:\/\/www.foreignpolicyandpeace.org\/index.php\/wp-json\/wp\/v2\/pages\/915\/revisions"}],"predecessor-version":[{"id":3573,"href":"https:\/\/www.foreignpolicyandpeace.org\/index.php\/wp-json\/wp\/v2\/pages\/915\/revisions\/3573"}],"wp:attachment":[{"href":"https:\/\/www.foreignpolicyandpeace.org\/index.php\/wp-json\/wp\/v2\/media?parent=915"}],"curies":[{"name":"wp","href":"https:\/\/api.w.org\/{rel}","templated":true}]}}